{"id":1242,"date":"2019-07-09T15:54:07","date_gmt":"2019-07-09T13:54:07","guid":{"rendered":"https:\/\/www.mairie-soisybouy.fr\/?page_id=1242"},"modified":"2026-03-29T20:53:19","modified_gmt":"2026-03-29T18:53:19","slug":"communaute-de-commune-du-provinois","status":"publish","type":"page","link":"https:\/\/www.mairie-soisybouy.fr\/index.php\/communaute-de-commune-du-provinois\/","title":{"rendered":"Communaut\u00e9 de Commune du Provinois"},"content":{"rendered":"<h2 style=\"text-align: center;\"><img loading=\"lazy\" decoding=\"async\" class=\"wp-image-1270 alignright\" src=\"https:\/\/www.mairie-soisybouy.fr\/wp-content\/uploads\/2019\/08\/fond-ccdp-300x267.png\" alt=\"\" width=\"522\" height=\"465\" srcset=\"https:\/\/www.mairie-soisybouy.fr\/wp-content\/uploads\/2019\/08\/fond-ccdp-300x267.png 300w, https:\/\/www.mairie-soisybouy.fr\/wp-content\/uploads\/2019\/08\/fond-ccdp-768x683.png 768w, https:\/\/www.mairie-soisybouy.fr\/wp-content\/uploads\/2019\/08\/fond-ccdp-1024x910.png 1024w\" sizes=\"auto, (max-width: 522px) 100vw, 522px\" \/><span style=\"color: #0000ff; font-size: 24pt;\"><strong>Communaut\u00e9 de Commune de Provinois<\/strong><\/span><\/h2>\n<p style=\"text-align: center;\">Cr\u00e9\u00e9e en 2003, la Communaut\u00e9 de Communes compte d\u00e9sormais 40 communes et 35\u2009000 habitants.<\/p>\n<p><strong>Site<\/strong> :\u00a0<a href=\"http:\/\/www.cc-du-provinois.fr\/\">http:\/\/www.cc-du-provinois.fr\/<\/a><\/p>\n<p><a href=\"https:\/\/www.mairie-soisybouy.fr\/wp-content\/uploads\/2021\/02\/Quels-services-aux-habitants-du-territoire-Provinois.pdf\">Pr\u00e9sentation des services de la Communaut\u00e9 de Communes du Provinois<\/a><\/p>\n<p>&nbsp;<\/p>\n<p><strong><span style=\"font-size: 14pt; color: #0000ff;\">GUIDE PRATIQUE SUR LE TERRITOIRE PROVINOIS<\/span><\/strong><br \/>\n(cliquez sur l&rsquo;image ci-dessous)<\/p>\n<p><a href=\"https:\/\/mairie-provins.fr\/wp\/#flipbook-df_106246\/1\/\"><img loading=\"lazy\" decoding=\"async\" class=\"alignnone size-medium wp-image-2490\" src=\"https:\/\/www.mairie-soisybouy.fr\/wp-content\/uploads\/2026\/03\/guide-pratique-Provins-2026-215x300.jpg\" alt=\"\" width=\"215\" height=\"300\" srcset=\"https:\/\/www.mairie-soisybouy.fr\/wp-content\/uploads\/2026\/03\/guide-pratique-Provins-2026-215x300.jpg 215w, https:\/\/www.mairie-soisybouy.fr\/wp-content\/uploads\/2026\/03\/guide-pratique-Provins-2026.jpg 541w\" sizes=\"auto, (max-width: 215px) 100vw, 215px\" \/><\/a><\/p>\n<p>Infos pratiques &#8211; Nature et environnement &#8211; Sant\u00e9 &amp; Social &#8211; Enseignement &amp; Petite Enfance &#8211; Sport &#8211; Animations &amp; Culture &#8211; Associations &#8211; Tourisme &amp; Loisirs &#8211; Commer\u00e7ants<\/p>\n<p>&nbsp;<\/p>\n<ul>\n<li><strong><span style=\"color: #0000ff; font-size: 14pt;\">CENTRE AQUATIQUE DU PROVINOIS \ud83c\udfca\ud83c\udffb\u00a0 \u00a0 <\/span><\/strong><b>\ud83d\udcde : <a href=\"tel:+33160670040\" target=\"_blank\" rel=\"noopener\"><span class=\"elementor-icon-list-text\">01 60 67 00 40<\/span><\/a>\u00a0 \u00a0 \ud83d\udc49\ud83c\udffb<\/b><strong>Site<\/strong> : <a href=\"https:\/\/cap-provinois.fr\/\">https:\/\/cap-provinois.fr\/\u00a0<\/a><\/li>\n<li><span style=\"font-size: 14pt; color: #0000ff;\"><strong>CINEMA LE REXY<\/strong><\/span><strong style=\"color: #0000ff; font-size: 18.6667px;\">\ud83c\udf9e\ufe0f\u00a0 \u00a0<\/strong>\ud83d\udcde: <a href=\"tel:+33164001163\" target=\"_blank\" rel=\"noopener\"><span class=\"elementor-icon-list-text\">01 64 00 11 63<\/span><\/a> \ud83d\udc49\ud83c\udffb<strong>Site : <\/strong><strong><a href=\"https:\/\/www.cinemaprovins.fr\/\">Le Rexy<\/a><\/strong><\/li>\n<li><span style=\"color: #0000ff;\"><strong><span style=\"font-size: 14pt;\">CONSERVATOIRE DE MUSIQUE \ud83c\udfbb\u00a0 \u00a0<\/span><\/strong><\/span>\ud83d\udcde: <a href=\"tel:+33160522005\" target=\"_blank\" rel=\"noopener\"><span class=\"elementor-icon-list-text\">01 60 52 20 05<\/span><\/a>\u00a0\ud83d\udc49\ud83c\udffb<a href=\"https:\/\/www.cc-du-provinois.fr\/conservatoire\/\">https:\/\/www.cc-du-provinois.fr\/conservatoire\/<\/a><\/li>\n<li class=\"widget-title\"><span style=\"color: #0000ff;\"><strong><span style=\"font-size: 14pt;\">ACCUEILS DE LOISIRS SANS HEBERGEMENTS <\/span><\/strong><em><span style=\"font-size: 12pt; color: #000000;\"><strong>(centres a\u00e9r\u00e9s dans lesquels peuvent aller les enfants de Soisy-Bouy)<\/strong>\u00a0\u00a0<\/span><\/em><\/span>\ud83d\udc49\ud83c\udffb <a href=\"https:\/\/www.cc-du-provinois.fr\/accueils-loisirs\/\">https:\/\/www.cc-du-provinois.fr\/accueils-loisirs\/<\/a><\/li>\n<li class=\"widget-title\"><strong><span style=\"color: #0000ff; font-size: 14pt;\">MAISON SPORT-SANTE \ud83e\uddd8\ud83c\udffb\u200d\u2642\ufe0f\u00a0 \u00a0<\/span><\/strong>\ud83d\udc49\ud83c\udffb <a href=\"https:\/\/www.cc-du-provinois.fr\/maison-sport-sante\/\">https:\/\/www.cc-du-provinois.fr\/maison-sport-sante\/<\/a><\/li>\n<li class=\"widget-title\"><span style=\"font-size: 14pt; color: #0000ff;\"><strong>PORTAGE DE REPAS A DOMICILE<\/strong> \ud83c\udf74\u00a0 \u00a0<\/span>\ud83d\udc49\ud83c\udffb <a href=\"https:\/\/www.cc-du-provinois.fr\/portage-de-repas\/\">https:\/\/www.cc-du-provinois.fr\/portage-de-repas\/<\/a><\/li>\n<\/ul>\n<p><strong>Le Sch\u00e9ma de coh\u00e9rence Territoriale<\/strong> (SCOT) :<\/p>\n<p><a href=\"http:\/\/www.cc-du-provinois.fr\/urbanisme\/schema-coherence-grand-provinois\/\">http:\/\/www.cc-du-provinois.fr\/urbanisme\/schema-coherence-grand-provinois\/<\/a><\/p>\n<p>&nbsp;<\/p>\n","protected":false},"excerpt":{"rendered":"<p>Communaut\u00e9 de Commune de Provinois Cr\u00e9\u00e9e en 2003, la Communaut\u00e9 de Communes compte d\u00e9sormais 40 communes et 35\u2009000 habitants. Site :\u00a0http:\/\/www.cc-du-provinois.fr\/ Pr\u00e9sentation des services de la Communaut\u00e9 de Communes du Provinois &nbsp; GUIDE PRATIQUE SUR LE TERRITOIRE PROVINOIS (cliquez sur l&rsquo;image ci-dessous) Infos pratiques &#8211; Nature et environnement &#8211; Sant\u00e9 &amp; Social &#8211; Enseignement &amp; [&hellip;]<\/p>\n","protected":false},"author":2,"featured_media":0,"parent":0,"menu_order":0,"comment_status":"closed","ping_status":"closed","template":"","meta":{"footnotes":""},"class_list":["post-1242","page","type-page","status-publish","hentry"],"yoast_head":"<!-- This site is optimized with the Yoast SEO plugin v22.3 - https:\/\/yoast.com\/wordpress\/plugins\/seo\/ -->\n<title>Communaut\u00e9 de Commune du Provinois &#8226; Mairie de Soisy-Bouy<\/title>\n<meta name=\"description\" content=\"Site internet officiel de la mairie de Soisy-Bouy.\" \/>\n<meta name=\"robots\" content=\"index, follow, max-snippet:-1, max-image-preview:large, max-video-preview:-1\" \/>\n<link rel=\"canonical\" href=\"https:\/\/www.mairie-soisybouy.fr\/index.php\/communaute-de-commune-du-provinois\/\" \/>\n<meta property=\"og:locale\" content=\"fr_FR\" \/>\n<meta property=\"og:type\" content=\"article\" \/>\n<meta property=\"og:title\" content=\"Communaut\u00e9 de Commune du Provinois &#8226; Mairie de Soisy-Bouy\" \/>\n<meta property=\"og:description\" content=\"Site internet officiel de la mairie de Soisy-Bouy.\" \/>\n<meta property=\"og:url\" content=\"https:\/\/www.mairie-soisybouy.fr\/index.php\/communaute-de-commune-du-provinois\/\" \/>\n<meta property=\"og:site_name\" content=\"Mairie de Soisy-Bouy\" \/>\n<meta property=\"article:modified_time\" content=\"2026-03-29T18:53:19+00:00\" \/>\n<meta property=\"og:image\" content=\"https:\/\/www.mairie-soisybouy.fr\/wp-content\/uploads\/2019\/08\/fond-ccdp-300x267.png\" \/>\n<meta name=\"twitter:card\" content=\"summary_large_image\" \/>\n<meta name=\"twitter:label1\" content=\"Dur\u00e9e de lecture estim\u00e9e\" \/>\n\t<meta name=\"twitter:data1\" content=\"2 minutes\" \/>\n<script type=\"application\/ld+json\" class=\"yoast-schema-graph\">{\"@context\":\"https:\/\/schema.org\",\"@graph\":[{\"@type\":\"WebPage\",\"@id\":\"https:\/\/www.mairie-soisybouy.fr\/index.php\/communaute-de-commune-du-provinois\/\",\"url\":\"https:\/\/www.mairie-soisybouy.fr\/index.php\/communaute-de-commune-du-provinois\/\",\"name\":\"Communaut\u00e9 de Commune du Provinois &#8226; Mairie de Soisy-Bouy\",\"isPartOf\":{\"@id\":\"https:\/\/www.mairie-soisybouy.fr\/#website\"},\"primaryImageOfPage\":{\"@id\":\"https:\/\/www.mairie-soisybouy.fr\/index.php\/communaute-de-commune-du-provinois\/#primaryimage\"},\"image\":{\"@id\":\"https:\/\/www.mairie-soisybouy.fr\/index.php\/communaute-de-commune-du-provinois\/#primaryimage\"},\"thumbnailUrl\":\"https:\/\/www.mairie-soisybouy.fr\/wp-content\/uploads\/2019\/08\/fond-ccdp-300x267.png\",\"datePublished\":\"2019-07-09T13:54:07+00:00\",\"dateModified\":\"2026-03-29T18:53:19+00:00\",\"description\":\"Site internet officiel de la mairie de Soisy-Bouy.\",\"breadcrumb\":{\"@id\":\"https:\/\/www.mairie-soisybouy.fr\/index.php\/communaute-de-commune-du-provinois\/#breadcrumb\"},\"inLanguage\":\"fr-FR\",\"potentialAction\":[{\"@type\":\"ReadAction\",\"target\":[\"https:\/\/www.mairie-soisybouy.fr\/index.php\/communaute-de-commune-du-provinois\/\"]}]},{\"@type\":\"ImageObject\",\"inLanguage\":\"fr-FR\",\"@id\":\"https:\/\/www.mairie-soisybouy.fr\/index.php\/communaute-de-commune-du-provinois\/#primaryimage\",\"url\":\"https:\/\/www.mairie-soisybouy.fr\/wp-content\/uploads\/2019\/08\/fond-ccdp.png\",\"contentUrl\":\"https:\/\/www.mairie-soisybouy.fr\/wp-content\/uploads\/2019\/08\/fond-ccdp.png\",\"width\":3279,\"height\":2914},{\"@type\":\"BreadcrumbList\",\"@id\":\"https:\/\/www.mairie-soisybouy.fr\/index.php\/communaute-de-commune-du-provinois\/#breadcrumb\",\"itemListElement\":[{\"@type\":\"ListItem\",\"position\":1,\"name\":\"Accueil\",\"item\":\"https:\/\/www.mairie-soisybouy.fr\/\"},{\"@type\":\"ListItem\",\"position\":2,\"name\":\"Communaut\u00e9 de Commune du Provinois\"}]},{\"@type\":\"WebSite\",\"@id\":\"https:\/\/www.mairie-soisybouy.fr\/#website\",\"url\":\"https:\/\/www.mairie-soisybouy.fr\/\",\"name\":\"Mairie de Soisy-Bouy\",\"description\":\"\",\"publisher\":{\"@id\":\"https:\/\/www.mairie-soisybouy.fr\/#organization\"},\"potentialAction\":[{\"@type\":\"SearchAction\",\"target\":{\"@type\":\"EntryPoint\",\"urlTemplate\":\"https:\/\/www.mairie-soisybouy.fr\/?s={search_term_string}\"},\"query-input\":\"required name=search_term_string\"}],\"inLanguage\":\"fr-FR\"},{\"@type\":\"Organization\",\"@id\":\"https:\/\/www.mairie-soisybouy.fr\/#organization\",\"name\":\"Mairie de Soisy-Bouy\",\"url\":\"https:\/\/www.mairie-soisybouy.fr\/\",\"logo\":{\"@type\":\"ImageObject\",\"inLanguage\":\"fr-FR\",\"@id\":\"https:\/\/www.mairie-soisybouy.fr\/#\/schema\/logo\/image\/\",\"url\":\"https:\/\/www.mairie-soisybouy.fr\/wp-content\/uploads\/2019\/05\/logomodif.png\",\"contentUrl\":\"https:\/\/www.mairie-soisybouy.fr\/wp-content\/uploads\/2019\/05\/logomodif.png\",\"width\":347,\"height\":392,\"caption\":\"Mairie de Soisy-Bouy\"},\"image\":{\"@id\":\"https:\/\/www.mairie-soisybouy.fr\/#\/schema\/logo\/image\/\"}}]}<\/script>\n<!-- \/ Yoast SEO plugin. -->","yoast_head_json":{"title":"Communaut\u00e9 de Commune du Provinois &#8226; Mairie de Soisy-Bouy","description":"Site internet officiel de la mairie de Soisy-Bouy.","robots":{"index":"index","follow":"follow","max-snippet":"max-snippet:-1","max-image-preview":"max-image-preview:large","max-video-preview":"max-video-preview:-1"},"canonical":"https:\/\/www.mairie-soisybouy.fr\/index.php\/communaute-de-commune-du-provinois\/","og_locale":"fr_FR","og_type":"article","og_title":"Communaut\u00e9 de Commune du Provinois &#8226; Mairie de Soisy-Bouy","og_description":"Site internet officiel de la mairie de Soisy-Bouy.","og_url":"https:\/\/www.mairie-soisybouy.fr\/index.php\/communaute-de-commune-du-provinois\/","og_site_name":"Mairie de Soisy-Bouy","article_modified_time":"2026-03-29T18:53:19+00:00","og_image":[{"url":"https:\/\/www.mairie-soisybouy.fr\/wp-content\/uploads\/2019\/08\/fond-ccdp-300x267.png"}],"twitter_card":"summary_large_image","twitter_misc":{"Dur\u00e9e de lecture estim\u00e9e":"2 minutes"},"schema":{"@context":"https:\/\/schema.org","@graph":[{"@type":"WebPage","@id":"https:\/\/www.mairie-soisybouy.fr\/index.php\/communaute-de-commune-du-provinois\/","url":"https:\/\/www.mairie-soisybouy.fr\/index.php\/communaute-de-commune-du-provinois\/","name":"Communaut\u00e9 de Commune du Provinois &#8226; Mairie de Soisy-Bouy","isPartOf":{"@id":"https:\/\/www.mairie-soisybouy.fr\/#website"},"primaryImageOfPage":{"@id":"https:\/\/www.mairie-soisybouy.fr\/index.php\/communaute-de-commune-du-provinois\/#primaryimage"},"image":{"@id":"https:\/\/www.mairie-soisybouy.fr\/index.php\/communaute-de-commune-du-provinois\/#primaryimage"},"thumbnailUrl":"https:\/\/www.mairie-soisybouy.fr\/wp-content\/uploads\/2019\/08\/fond-ccdp-300x267.png","datePublished":"2019-07-09T13:54:07+00:00","dateModified":"2026-03-29T18:53:19+00:00","description":"Site internet officiel de la mairie de Soisy-Bouy.","breadcrumb":{"@id":"https:\/\/www.mairie-soisybouy.fr\/index.php\/communaute-de-commune-du-provinois\/#breadcrumb"},"inLanguage":"fr-FR","potentialAction":[{"@type":"ReadAction","target":["https:\/\/www.mairie-soisybouy.fr\/index.php\/communaute-de-commune-du-provinois\/"]}]},{"@type":"ImageObject","inLanguage":"fr-FR","@id":"https:\/\/www.mairie-soisybouy.fr\/index.php\/communaute-de-commune-du-provinois\/#primaryimage","url":"https:\/\/www.mairie-soisybouy.fr\/wp-content\/uploads\/2019\/08\/fond-ccdp.png","contentUrl":"https:\/\/www.mairie-soisybouy.fr\/wp-content\/uploads\/2019\/08\/fond-ccdp.png","width":3279,"height":2914},{"@type":"BreadcrumbList","@id":"https:\/\/www.mairie-soisybouy.fr\/index.php\/communaute-de-commune-du-provinois\/#breadcrumb","itemListElement":[{"@type":"ListItem","position":1,"name":"Accueil","item":"https:\/\/www.mairie-soisybouy.fr\/"},{"@type":"ListItem","position":2,"name":"Communaut\u00e9 de Commune du Provinois"}]},{"@type":"WebSite","@id":"https:\/\/www.mairie-soisybouy.fr\/#website","url":"https:\/\/www.mairie-soisybouy.fr\/","name":"Mairie de Soisy-Bouy","description":"","publisher":{"@id":"https:\/\/www.mairie-soisybouy.fr\/#organization"},"potentialAction":[{"@type":"SearchAction","target":{"@type":"EntryPoint","urlTemplate":"https:\/\/www.mairie-soisybouy.fr\/?s={search_term_string}"},"query-input":"required name=search_term_string"}],"inLanguage":"fr-FR"},{"@type":"Organization","@id":"https:\/\/www.mairie-soisybouy.fr\/#organization","name":"Mairie de Soisy-Bouy","url":"https:\/\/www.mairie-soisybouy.fr\/","logo":{"@type":"ImageObject","inLanguage":"fr-FR","@id":"https:\/\/www.mairie-soisybouy.fr\/#\/schema\/logo\/image\/","url":"https:\/\/www.mairie-soisybouy.fr\/wp-content\/uploads\/2019\/05\/logomodif.png","contentUrl":"https:\/\/www.mairie-soisybouy.fr\/wp-content\/uploads\/2019\/05\/logomodif.png","width":347,"height":392,"caption":"Mairie de Soisy-Bouy"},"image":{"@id":"https:\/\/www.mairie-soisybouy.fr\/#\/schema\/logo\/image\/"}}]}},"_links":{"self":[{"href":"https:\/\/www.mairie-soisybouy.fr\/index.php\/wp-json\/wp\/v2\/pages\/1242","targetHints":{"allow":["GET"]}}],"collection":[{"href":"https:\/\/www.mairie-soisybouy.fr\/index.php\/wp-json\/wp\/v2\/pages"}],"about":[{"href":"https:\/\/www.mairie-soisybouy.fr\/index.php\/wp-json\/wp\/v2\/types\/page"}],"author":[{"embeddable":true,"href":"https:\/\/www.mairie-soisybouy.fr\/index.php\/wp-json\/wp\/v2\/users\/2"}],"replies":[{"embeddable":true,"href":"https:\/\/www.mairie-soisybouy.fr\/index.php\/wp-json\/wp\/v2\/comments?post=1242"}],"version-history":[{"count":27,"href":"https:\/\/www.mairie-soisybouy.fr\/index.php\/wp-json\/wp\/v2\/pages\/1242\/revisions"}],"predecessor-version":[{"id":2606,"href":"https:\/\/www.mairie-soisybouy.fr\/index.php\/wp-json\/wp\/v2\/pages\/1242\/revisions\/2606"}],"wp:attachment":[{"href":"https:\/\/www.mairie-soisybouy.fr\/index.php\/wp-json\/wp\/v2\/media?parent=1242"}],"curies":[{"name":"wp","href":"https:\/\/api.w.org\/{rel}","templated":true}]}}