{"id":1410,"date":"2020-03-05T15:53:18","date_gmt":"2020-03-05T14:53:18","guid":{"rendered":"https:\/\/www.mairie-soisybouy.fr\/?page_id=1410"},"modified":"2026-04-10T08:42:31","modified_gmt":"2026-04-10T06:42:31","slug":"associations-exterieures","status":"publish","type":"page","link":"https:\/\/www.mairie-soisybouy.fr\/index.php\/associations-exterieures\/","title":{"rendered":"Associations Ext\u00e9rieures"},"content":{"rendered":"<h2><img loading=\"lazy\" decoding=\"async\" class=\"alignnone  wp-image-2686\" src=\"https:\/\/www.mairie-soisybouy.fr\/wp-content\/uploads\/2026\/04\/MJC-Provins-300x149.png\" alt=\"\" width=\"393\" height=\"195\" srcset=\"https:\/\/www.mairie-soisybouy.fr\/wp-content\/uploads\/2026\/04\/MJC-Provins-300x149.png 300w, https:\/\/www.mairie-soisybouy.fr\/wp-content\/uploads\/2026\/04\/MJC-Provins.png 500w\" sizes=\"auto, (max-width: 393px) 100vw, 393px\" \/><\/h2>\n<h2><\/h2>\n<h2><span style=\"font-family: 'arial black', sans-serif; color: #1d3069;\"><strong><span style=\"font-size: 18pt;\">SON &amp; LUMI\u00c8RE de Provins &#8211; La Maison des Jeunes et de la Culture de Provins recrute des b\u00e9n\u00e9voles<\/span><\/strong><\/span><\/h2>\n<p>&nbsp;<\/p>\n<p><span style=\"font-family: 'arial black', sans-serif;\">Comme vous le savez peut-\u00eatre d\u00e9j\u00e0, ce ne sont <span style=\"color: #1d3069;\">que des b\u00e9n\u00e9voles, issus de plusieurs associations, qui participent \u00e0 ce spectacle de nuit cr\u00e9\u00e9, r\u00e9alis\u00e9, conduit et produit par la MJC de Provins, sans aucune intervention de professionnels et avec l&rsquo;un des plus petits budgets des \u00ab\u00a0Son et Lumi\u00e8re\u00a0\u00bb de France.<\/span><\/span><\/p>\n<p><span style=\"font-family: 'arial black', sans-serif;\">Sur l&rsquo;aire sc\u00e9nique <span style=\"color: #1d3069;\">il y a des acteurs et figurants (hommes, femmes, enfants),<\/span> mais aussi dans l&rsquo;ombre, <span style=\"color: #1d3069;\">des couturi\u00e8res, responsables des d\u00e9cors et accessoires, techniciens, ou personnels de l&rsquo;accueil.<\/span><\/span><\/p>\n<p><span style=\"font-family: 'arial black', sans-serif;\">Initialement, <span style=\"color: #1d3069;\">ce spectacle qui \u00e9tait \u00ab\u00a0Les Jeux M\u00e9di\u00e9vaux\u00a0\u00bb, est devenu le spectacle historique de nuit \u00ab\u00a0Le Son et Lumi\u00e8re de Provins\u00a0\u00bb<\/span>, se d\u00e9roulant maintenant sur plusieurs soir\u00e9es avec un succ\u00e8s populaire toujours croissant et ceci depuis 38 ans.<\/span><\/p>\n<p><span style=\"font-family: 'arial black', sans-serif;\">L&rsquo;histoire est la d\u00e9couverte des manants, paysans, bourgeois, hommes d&rsquo;\u00e9glise et chevaliers d&rsquo;autrefois dans leurs quotidiens, lors des f\u00eates religieuses, des tournois et des foires de Champagne&#8230;<\/span><\/p>\n<p><span style=\"font-family: 'arial black', sans-serif;\">Mais avant tout,<\/span><\/p>\n<ul>\n<li><span style=\"font-family: 'arial black', sans-serif;\">c&rsquo;est la rencontre des associations provinoises et alentours qui pr\u00e9senteront des sc\u00e8nes o\u00f9 cavaliers, danseurs, musiciens, amateurs de th\u00e9\u00e2tre, villageois et citadins, \u00e9voqueront le Provins de Thibaut le Chansonnier&#8230;<\/span><\/li>\n<li><span style=\"font-family: 'arial black', sans-serif;\">c&rsquo;est la rencontre d&rsquo;amateurs amoureux du Moyen \u00c2ge et des monuments de Provins avec les techniques nouvelle d&rsquo;un Spectacle Son et Lumi\u00e8re&#8230;<\/span><\/li>\n<li><span style=\"font-family: 'arial black', sans-serif;\">c&rsquo;est la rencontre entre ces participants qui vont vivre ce spectacle, et vous&#8230;<\/span><\/li>\n<li><span style=\"font-family: 'arial black', sans-serif;\">c&rsquo;est la rencontre d&rsquo;une nuit proche de la Saint Jean d&rsquo;\u00e9t\u00e9&#8230;<\/span><\/li>\n<li><span style=\"font-family: 'arial black', sans-serif;\">ENFIN! C&rsquo;est la rencontre des hommes&#8230;<\/span><\/li>\n<\/ul>\n<p><span style=\"font-family: 'arial black', sans-serif; color: #1d3069;\">Si des membres d&rsquo;associations ou m\u00eame simplement des habitants de SOISY-BOUY sont int\u00e9ress\u00e9s \u00e0 participer \u00e0 un spectacle de nuit en tant qu&rsquo;acteurs, figurants costum\u00e9s ou simplement participants \u00e0 des activit\u00e9s autour de l&rsquo;organisation, c&rsquo;est avec grand plaisir que nous les accueillerons sur un site magnifique et rempli d&rsquo;histoire!!!<\/span><\/p>\n<p><span style=\"font-family: 'arial black', sans-serif; color: #1d3069;\"><strong>CONTACT AU 01 64 00 57 00 OU PAR MAIL mjc-provins@gmail.com<\/strong><\/span><\/p>\n<p><a href=\"https:\/\/www.mjcprovins.fr\/\">https:\/\/www.mjcprovins.fr\/<\/a><\/p>\n<p>&nbsp;<\/p>\n<p>&nbsp;<\/p>\n<p><img loading=\"lazy\" decoding=\"async\" class=\"alignnone  wp-image-2687\" src=\"https:\/\/www.mairie-soisybouy.fr\/wp-content\/uploads\/2026\/04\/mjc-provins-300x75.jpg\" alt=\"\" width=\"424\" height=\"106\" srcset=\"https:\/\/www.mairie-soisybouy.fr\/wp-content\/uploads\/2026\/04\/mjc-provins-300x75.jpg 300w, https:\/\/www.mairie-soisybouy.fr\/wp-content\/uploads\/2026\/04\/mjc-provins-768x192.jpg 768w, https:\/\/www.mairie-soisybouy.fr\/wp-content\/uploads\/2026\/04\/mjc-provins.jpg 799w\" sizes=\"auto, (max-width: 424px) 100vw, 424px\" \/><\/p>\n<p>&nbsp;<\/p>\n<p>&nbsp;<\/p>\n<p>&nbsp;<\/p>\n<p>&nbsp;<\/p>\n<p>&nbsp;<\/p>\n","protected":false},"excerpt":{"rendered":"<p>SON &amp; LUMI\u00c8RE de Provins &#8211; La Maison des Jeunes et de la Culture de Provins recrute des b\u00e9n\u00e9voles &nbsp; Comme vous le savez peut-\u00eatre d\u00e9j\u00e0, ce ne sont que des b\u00e9n\u00e9voles, issus de plusieurs associations, qui participent \u00e0 ce spectacle de nuit cr\u00e9\u00e9, r\u00e9alis\u00e9, conduit et produit par la MJC de Provins, sans aucune [&hellip;]<\/p>\n","protected":false},"author":2,"featured_media":0,"parent":0,"menu_order":0,"comment_status":"closed","ping_status":"closed","template":"","meta":{"footnotes":""},"class_list":["post-1410","page","type-page","status-publish","hentry"],"yoast_head":"<!-- This site is optimized with the Yoast SEO plugin v27.3 - https:\/\/yoast.com\/product\/yoast-seo-wordpress\/ -->\n<title>Associations Ext\u00e9rieures &#8226; Mairie de Soisy-Bouy<\/title>\n<meta name=\"description\" content=\"Site internet officiel de la mairie de Soisy-Bouy.\" \/>\n<meta name=\"robots\" content=\"index, follow, max-snippet:-1, max-image-preview:large, max-video-preview:-1\" \/>\n<link rel=\"canonical\" href=\"https:\/\/www.mairie-soisybouy.fr\/index.php\/associations-exterieures\/\" \/>\n<meta property=\"og:locale\" content=\"fr_FR\" \/>\n<meta property=\"og:type\" content=\"article\" \/>\n<meta property=\"og:title\" content=\"Associations Ext\u00e9rieures &#8226; Mairie de Soisy-Bouy\" \/>\n<meta property=\"og:description\" content=\"Site internet officiel de la mairie de Soisy-Bouy.\" \/>\n<meta property=\"og:url\" content=\"https:\/\/www.mairie-soisybouy.fr\/index.php\/associations-exterieures\/\" \/>\n<meta property=\"og:site_name\" content=\"Mairie de Soisy-Bouy\" \/>\n<meta property=\"article:modified_time\" content=\"2026-04-10T06:42:31+00:00\" \/>\n<meta property=\"og:image\" content=\"https:\/\/www.mairie-soisybouy.fr\/wp-content\/uploads\/2026\/04\/MJC-Provins-300x149.png\" \/>\n<meta name=\"twitter:card\" content=\"summary_large_image\" \/>\n<meta name=\"twitter:label1\" content=\"Dur\u00e9e de lecture estim\u00e9e\" \/>\n\t<meta name=\"twitter:data1\" content=\"2 minutes\" \/>\n<script type=\"application\/ld+json\" class=\"yoast-schema-graph\">{\"@context\":\"https:\\\/\\\/schema.org\",\"@graph\":[{\"@type\":\"WebPage\",\"@id\":\"https:\\\/\\\/www.mairie-soisybouy.fr\\\/index.php\\\/associations-exterieures\\\/\",\"url\":\"https:\\\/\\\/www.mairie-soisybouy.fr\\\/index.php\\\/associations-exterieures\\\/\",\"name\":\"Associations Ext\u00e9rieures &#8226; Mairie de Soisy-Bouy\",\"isPartOf\":{\"@id\":\"https:\\\/\\\/www.mairie-soisybouy.fr\\\/#website\"},\"primaryImageOfPage\":{\"@id\":\"https:\\\/\\\/www.mairie-soisybouy.fr\\\/index.php\\\/associations-exterieures\\\/#primaryimage\"},\"image\":{\"@id\":\"https:\\\/\\\/www.mairie-soisybouy.fr\\\/index.php\\\/associations-exterieures\\\/#primaryimage\"},\"thumbnailUrl\":\"https:\\\/\\\/www.mairie-soisybouy.fr\\\/wp-content\\\/uploads\\\/2026\\\/04\\\/MJC-Provins-300x149.png\",\"datePublished\":\"2020-03-05T14:53:18+00:00\",\"dateModified\":\"2026-04-10T06:42:31+00:00\",\"description\":\"Site internet officiel de la mairie de Soisy-Bouy.\",\"breadcrumb\":{\"@id\":\"https:\\\/\\\/www.mairie-soisybouy.fr\\\/index.php\\\/associations-exterieures\\\/#breadcrumb\"},\"inLanguage\":\"fr-FR\",\"potentialAction\":[{\"@type\":\"ReadAction\",\"target\":[\"https:\\\/\\\/www.mairie-soisybouy.fr\\\/index.php\\\/associations-exterieures\\\/\"]}]},{\"@type\":\"ImageObject\",\"inLanguage\":\"fr-FR\",\"@id\":\"https:\\\/\\\/www.mairie-soisybouy.fr\\\/index.php\\\/associations-exterieures\\\/#primaryimage\",\"url\":\"https:\\\/\\\/www.mairie-soisybouy.fr\\\/wp-content\\\/uploads\\\/2026\\\/04\\\/MJC-Provins.png\",\"contentUrl\":\"https:\\\/\\\/www.mairie-soisybouy.fr\\\/wp-content\\\/uploads\\\/2026\\\/04\\\/MJC-Provins.png\",\"width\":500,\"height\":248},{\"@type\":\"BreadcrumbList\",\"@id\":\"https:\\\/\\\/www.mairie-soisybouy.fr\\\/index.php\\\/associations-exterieures\\\/#breadcrumb\",\"itemListElement\":[{\"@type\":\"ListItem\",\"position\":1,\"name\":\"Accueil\",\"item\":\"https:\\\/\\\/www.mairie-soisybouy.fr\\\/\"},{\"@type\":\"ListItem\",\"position\":2,\"name\":\"Associations Ext\u00e9rieures\"}]},{\"@type\":\"WebSite\",\"@id\":\"https:\\\/\\\/www.mairie-soisybouy.fr\\\/#website\",\"url\":\"https:\\\/\\\/www.mairie-soisybouy.fr\\\/\",\"name\":\"Mairie de Soisy-Bouy\",\"description\":\"\",\"publisher\":{\"@id\":\"https:\\\/\\\/www.mairie-soisybouy.fr\\\/#organization\"},\"potentialAction\":[{\"@type\":\"SearchAction\",\"target\":{\"@type\":\"EntryPoint\",\"urlTemplate\":\"https:\\\/\\\/www.mairie-soisybouy.fr\\\/?s={search_term_string}\"},\"query-input\":{\"@type\":\"PropertyValueSpecification\",\"valueRequired\":true,\"valueName\":\"search_term_string\"}}],\"inLanguage\":\"fr-FR\"},{\"@type\":\"Organization\",\"@id\":\"https:\\\/\\\/www.mairie-soisybouy.fr\\\/#organization\",\"name\":\"Mairie de Soisy-Bouy\",\"url\":\"https:\\\/\\\/www.mairie-soisybouy.fr\\\/\",\"logo\":{\"@type\":\"ImageObject\",\"inLanguage\":\"fr-FR\",\"@id\":\"https:\\\/\\\/www.mairie-soisybouy.fr\\\/#\\\/schema\\\/logo\\\/image\\\/\",\"url\":\"https:\\\/\\\/www.mairie-soisybouy.fr\\\/wp-content\\\/uploads\\\/2019\\\/05\\\/logomodif.png\",\"contentUrl\":\"https:\\\/\\\/www.mairie-soisybouy.fr\\\/wp-content\\\/uploads\\\/2019\\\/05\\\/logomodif.png\",\"width\":347,\"height\":392,\"caption\":\"Mairie de Soisy-Bouy\"},\"image\":{\"@id\":\"https:\\\/\\\/www.mairie-soisybouy.fr\\\/#\\\/schema\\\/logo\\\/image\\\/\"}}]}<\/script>\n<!-- \/ Yoast SEO plugin. -->","yoast_head_json":{"title":"Associations Ext\u00e9rieures &#8226; Mairie de Soisy-Bouy","description":"Site internet officiel de la mairie de Soisy-Bouy.","robots":{"index":"index","follow":"follow","max-snippet":"max-snippet:-1","max-image-preview":"max-image-preview:large","max-video-preview":"max-video-preview:-1"},"canonical":"https:\/\/www.mairie-soisybouy.fr\/index.php\/associations-exterieures\/","og_locale":"fr_FR","og_type":"article","og_title":"Associations Ext\u00e9rieures &#8226; Mairie de Soisy-Bouy","og_description":"Site internet officiel de la mairie de Soisy-Bouy.","og_url":"https:\/\/www.mairie-soisybouy.fr\/index.php\/associations-exterieures\/","og_site_name":"Mairie de Soisy-Bouy","article_modified_time":"2026-04-10T06:42:31+00:00","og_image":[{"url":"https:\/\/www.mairie-soisybouy.fr\/wp-content\/uploads\/2026\/04\/MJC-Provins-300x149.png","type":"","width":"","height":""}],"twitter_card":"summary_large_image","twitter_misc":{"Dur\u00e9e de lecture estim\u00e9e":"2 minutes"},"schema":{"@context":"https:\/\/schema.org","@graph":[{"@type":"WebPage","@id":"https:\/\/www.mairie-soisybouy.fr\/index.php\/associations-exterieures\/","url":"https:\/\/www.mairie-soisybouy.fr\/index.php\/associations-exterieures\/","name":"Associations Ext\u00e9rieures &#8226; Mairie de Soisy-Bouy","isPartOf":{"@id":"https:\/\/www.mairie-soisybouy.fr\/#website"},"primaryImageOfPage":{"@id":"https:\/\/www.mairie-soisybouy.fr\/index.php\/associations-exterieures\/#primaryimage"},"image":{"@id":"https:\/\/www.mairie-soisybouy.fr\/index.php\/associations-exterieures\/#primaryimage"},"thumbnailUrl":"https:\/\/www.mairie-soisybouy.fr\/wp-content\/uploads\/2026\/04\/MJC-Provins-300x149.png","datePublished":"2020-03-05T14:53:18+00:00","dateModified":"2026-04-10T06:42:31+00:00","description":"Site internet officiel de la mairie de Soisy-Bouy.","breadcrumb":{"@id":"https:\/\/www.mairie-soisybouy.fr\/index.php\/associations-exterieures\/#breadcrumb"},"inLanguage":"fr-FR","potentialAction":[{"@type":"ReadAction","target":["https:\/\/www.mairie-soisybouy.fr\/index.php\/associations-exterieures\/"]}]},{"@type":"ImageObject","inLanguage":"fr-FR","@id":"https:\/\/www.mairie-soisybouy.fr\/index.php\/associations-exterieures\/#primaryimage","url":"https:\/\/www.mairie-soisybouy.fr\/wp-content\/uploads\/2026\/04\/MJC-Provins.png","contentUrl":"https:\/\/www.mairie-soisybouy.fr\/wp-content\/uploads\/2026\/04\/MJC-Provins.png","width":500,"height":248},{"@type":"BreadcrumbList","@id":"https:\/\/www.mairie-soisybouy.fr\/index.php\/associations-exterieures\/#breadcrumb","itemListElement":[{"@type":"ListItem","position":1,"name":"Accueil","item":"https:\/\/www.mairie-soisybouy.fr\/"},{"@type":"ListItem","position":2,"name":"Associations Ext\u00e9rieures"}]},{"@type":"WebSite","@id":"https:\/\/www.mairie-soisybouy.fr\/#website","url":"https:\/\/www.mairie-soisybouy.fr\/","name":"Mairie de Soisy-Bouy","description":"","publisher":{"@id":"https:\/\/www.mairie-soisybouy.fr\/#organization"},"potentialAction":[{"@type":"SearchAction","target":{"@type":"EntryPoint","urlTemplate":"https:\/\/www.mairie-soisybouy.fr\/?s={search_term_string}"},"query-input":{"@type":"PropertyValueSpecification","valueRequired":true,"valueName":"search_term_string"}}],"inLanguage":"fr-FR"},{"@type":"Organization","@id":"https:\/\/www.mairie-soisybouy.fr\/#organization","name":"Mairie de Soisy-Bouy","url":"https:\/\/www.mairie-soisybouy.fr\/","logo":{"@type":"ImageObject","inLanguage":"fr-FR","@id":"https:\/\/www.mairie-soisybouy.fr\/#\/schema\/logo\/image\/","url":"https:\/\/www.mairie-soisybouy.fr\/wp-content\/uploads\/2019\/05\/logomodif.png","contentUrl":"https:\/\/www.mairie-soisybouy.fr\/wp-content\/uploads\/2019\/05\/logomodif.png","width":347,"height":392,"caption":"Mairie de Soisy-Bouy"},"image":{"@id":"https:\/\/www.mairie-soisybouy.fr\/#\/schema\/logo\/image\/"}}]}},"_links":{"self":[{"href":"https:\/\/www.mairie-soisybouy.fr\/index.php\/wp-json\/wp\/v2\/pages\/1410","targetHints":{"allow":["GET"]}}],"collection":[{"href":"https:\/\/www.mairie-soisybouy.fr\/index.php\/wp-json\/wp\/v2\/pages"}],"about":[{"href":"https:\/\/www.mairie-soisybouy.fr\/index.php\/wp-json\/wp\/v2\/types\/page"}],"author":[{"embeddable":true,"href":"https:\/\/www.mairie-soisybouy.fr\/index.php\/wp-json\/wp\/v2\/users\/2"}],"replies":[{"embeddable":true,"href":"https:\/\/www.mairie-soisybouy.fr\/index.php\/wp-json\/wp\/v2\/comments?post=1410"}],"version-history":[{"count":4,"href":"https:\/\/www.mairie-soisybouy.fr\/index.php\/wp-json\/wp\/v2\/pages\/1410\/revisions"}],"predecessor-version":[{"id":2685,"href":"https:\/\/www.mairie-soisybouy.fr\/index.php\/wp-json\/wp\/v2\/pages\/1410\/revisions\/2685"}],"wp:attachment":[{"href":"https:\/\/www.mairie-soisybouy.fr\/index.php\/wp-json\/wp\/v2\/media?parent=1410"}],"curies":[{"name":"wp","href":"https:\/\/api.w.org\/{rel}","templated":true}]}}