{"id":152,"date":"2019-05-27T16:40:22","date_gmt":"2019-05-27T14:40:22","guid":{"rendered":"http:\/\/mairie-soisybouy.fr\/?page_id=152"},"modified":"2024-11-25T11:17:19","modified_gmt":"2024-11-25T10:17:19","slug":"la-mairie","status":"publish","type":"page","link":"https:\/\/www.mairie-soisybouy.fr\/index.php\/la-mairie\/","title":{"rendered":"La mairie"},"content":{"rendered":"<p style=\"text-align: justify;\"><img loading=\"lazy\" decoding=\"async\" class=\"alignnone size-medium wp-image-594\" src=\"http:\/\/www.mairie-soisybouy.fr\/wp-content\/uploads\/2019\/06\/PHOTO-MAIRIE-300x225.jpg\" alt=\"\" width=\"300\" height=\"225\" \/><\/p>\n<p style=\"text-align: justify;\"><strong>Horaires<\/strong> : du lundi au vendredi de 16h30 \u00e0 18h sauf le mercredi<\/p>\n<p style=\"text-align: justify;\"><strong>Maire<\/strong> : SOTTIEZ Jean-Patrick<\/p>\n<hr \/>\n<h3 class=\"\" style=\"text-align: justify;\">R\u00f4le du conseil municipal<\/h3>\n<div id=\"builder-module-54ad6b915c919\" class=\"module rich-text\" style=\"text-align: justify;\">\n<p>Le conseil municipal est compos\u00e9 de personnes \u00e9lues par la population lors des \u00e9lections municipales.<br \/>\nLe conseil a une comp\u00e9tence g\u00e9n\u00e9rale d\u2019attribution pour g\u00e9rer les affaires de la commune par ses d\u00e9lib\u00e9rations, c\u2019est-\u00e0-dire qu\u2019il est comp\u00e9tent pour prendre toutes les d\u00e9cisions concernant la gestion communale.<br \/>\nIl d\u00e9cide par ses d\u00e9lib\u00e9rations de l\u2019usage des biens de la commune.<br \/>\nIl vote le budget communal pr\u00e9par\u00e9 par le maire et ses adjoints et le taux d\u2019imposition locale, cr\u00e9e et supprime les emplois des agents communaux, autorise les acquisitions et les cessions des biens communaux, approuve les emprunts de la commune et accorde les subventions, fixe les tarifs des services communaux.<br \/>\nLe conseil adopte le plan local d\u2019urbanisme, d\u00e9termine l\u2019implantation des \u00e9coles primaires et maternelles publiques.<br \/>\nLa commune est propri\u00e9taire d\u2019un domaine public (\u00e9coles, routes communales\u2026), prot\u00e9g\u00e9 par des r\u00e8gles d\u2019inali\u00e9nabilit\u00e9 et son r\u00e9gime pr\u00e9voit des sanctions destin\u00e9es \u00e0 le prot\u00e9ger.<\/p>\n<\/div>\n<hr class=\"tall\" \/>\n<h3 class=\"\" style=\"text-align: justify;\">Le Maire<\/h3>\n<div id=\"builder-module-54ad6bd564d14\" class=\"module rich-text\" style=\"text-align: justify;\">\n<p>Il est le repr\u00e9sentant de l\u2019Etat dans la commune. A ce titre, il est officier d\u2019\u00e9tat civil et officier de police judiciaire. Il g\u00e8re certains services administratifs (\u00e9tat civil, listes \u00e9lectorales\u2026),fait ex\u00e9cuter les lois, r\u00e8glements et d\u00e9cisions transmis par la pr\u00e9fecture.<br \/>\nLe Maire est aussi chef de l\u2019administration communale, il fait ex\u00e9cuter les d\u00e9cisions du conseil municipal, pr\u00e9pare le budget et ordonne les d\u00e9penses, signe les contrats, dirige les travaux\u2026<br \/>\nLe Maire joue enfin le r\u00f4le d\u2019ambassadeur de la commune aupr\u00e8s des pouvoirs publics et de tous les interlocuteurs (organismes publics\u2026) qui peuvent influer sur le sort de la commune.<\/p>\n<\/div>\n<hr class=\"tall\" \/>\n<h3 class=\"\" style=\"text-align: justify;\">Les adjoints<\/h3>\n<div id=\"builder-module-54ad6c08c6e5d\" class=\"module rich-text\" style=\"text-align: justify;\">\n<p>Ils sont charg\u00e9s de suppl\u00e9er le Maire dans des d\u00e9l\u00e9gations d\u00e9finies et le remplacer en cas d\u2019emp\u00eachement (dans l\u2019ordre de nomination). Ils exercent leurs responsabilit\u00e9s dans un domaine sp\u00e9cifique en rapport avec leurs comp\u00e9tences et leurs motivations : finances, travaux, culture, social\u2026<\/p>\n<p><strong>Les adjoints sur notre commune sont au nombre de 4\u00a0:<\/strong><\/p>\n<p>Pascal GUILVERT\u00a0 : Premier adjoint<br \/>\nAng\u00e9lique BERARDO : Deuxi\u00e8me adjointe.<br \/>\nV\u00e9ronique LESVIGNES : Troisi\u00e8me adjointe.<br \/>\nVincent CHENAULT : Quatri\u00e8me adjoint.<\/p>\n<p>&nbsp;<\/p>\n<\/div>\n<hr class=\"tall\" \/>\n<h3 class=\"\" style=\"text-align: justify;\">Les conseillers municipaux<\/h3>\n<div id=\"builder-module-54ad6c3d0e421\" class=\"module rich-text\" style=\"text-align: justify;\">\n<p>Ils sont au nombre de 10.<br \/>\nIls proposent des mesures et donnent leur avis dans les commissions de travail o\u00f9 ils se sont inscrits selon leur affinit\u00e9.<br \/>\nIls votent les d\u00e9lib\u00e9rations en conseil municipal.<\/p>\n<\/div>\n<hr class=\"tall\" \/>\n<h3 class=\"\" style=\"text-align: justify;\">Les commissions municipales<\/h3>\n<div id=\"builder-module-54ad6df48b9ec\" class=\"module rich-text\" style=\"text-align: justify;\">\n<div id=\"builder-module-5486beb33a5ad\" class=\"module rich-text\">\n<p>Ce sont des groupes de travail constitu\u00e9s d\u2019adjoints et de conseillers municipaux. Ces commissions \u00e9tudient les questions soumises au conseil municipal.<br \/>\nPour la r\u00e9partition des commissions aller \u00e0\u00a0 \u00ab \u00e9lus et commissions \u00bb.<\/p>\n<\/div>\n<\/div>\n<hr \/>\n<h3 class=\"\" style=\"text-align: justify;\">Les agents communaux<\/h3>\n<div id=\"builder-module-54ad6c8c4ad60\" class=\"module rich-text\">\n<p style=\"text-align: justify;\"><strong>Les services administratifs<\/strong><br \/>\nAudrey LE GALL : secr\u00e9taire de mairie.<br \/>\nMarion LECLERC : assistante de gestion administrative et agent d&rsquo;accueil.<\/p>\n<p style=\"text-align: justify;\"><strong>Les services techniques<\/strong><br \/>\nBruno PATTYN : adjoint technique territorial.<\/p>\n<\/div>\n","protected":false},"excerpt":{"rendered":"<p>Horaires : du lundi au vendredi de 16h30 \u00e0 18h sauf le mercredi Maire : SOTTIEZ Jean-Patrick R\u00f4le du conseil municipal Le conseil municipal est compos\u00e9 de personnes \u00e9lues par la population lors des \u00e9lections municipales. Le conseil a une comp\u00e9tence g\u00e9n\u00e9rale d\u2019attribution pour g\u00e9rer les affaires de la commune par ses d\u00e9lib\u00e9rations, c\u2019est-\u00e0-dire qu\u2019il [&hellip;]<\/p>\n","protected":false},"author":1,"featured_media":0,"parent":0,"menu_order":0,"comment_status":"closed","ping_status":"closed","template":"","meta":{"footnotes":""},"class_list":["post-152","page","type-page","status-publish","hentry"],"yoast_head":"<!-- This site is optimized with the Yoast SEO plugin v27.3 - https:\/\/yoast.com\/product\/yoast-seo-wordpress\/ -->\n<title>La mairie &#8226; Mairie de Soisy-Bouy<\/title>\n<meta name=\"description\" content=\"Site internet officiel de la mairie de Soisy-Bouy.\" \/>\n<meta name=\"robots\" content=\"index, follow, max-snippet:-1, max-image-preview:large, max-video-preview:-1\" \/>\n<link rel=\"canonical\" href=\"https:\/\/www.mairie-soisybouy.fr\/index.php\/la-mairie\/\" \/>\n<meta property=\"og:locale\" content=\"fr_FR\" \/>\n<meta property=\"og:type\" content=\"article\" \/>\n<meta property=\"og:title\" content=\"La mairie &#8226; Mairie de Soisy-Bouy\" \/>\n<meta property=\"og:description\" content=\"Site internet officiel de la mairie de Soisy-Bouy.\" \/>\n<meta property=\"og:url\" content=\"https:\/\/www.mairie-soisybouy.fr\/index.php\/la-mairie\/\" \/>\n<meta property=\"og:site_name\" content=\"Mairie de Soisy-Bouy\" \/>\n<meta property=\"article:modified_time\" content=\"2024-11-25T10:17:19+00:00\" \/>\n<meta property=\"og:image\" content=\"http:\/\/www.mairie-soisybouy.fr\/wp-content\/uploads\/2019\/06\/PHOTO-MAIRIE-300x225.jpg\" \/>\n<meta name=\"twitter:card\" content=\"summary_large_image\" \/>\n<meta name=\"twitter:label1\" content=\"Dur\u00e9e de lecture estim\u00e9e\" \/>\n\t<meta name=\"twitter:data1\" content=\"3 minutes\" \/>\n<script type=\"application\/ld+json\" class=\"yoast-schema-graph\">{\"@context\":\"https:\\\/\\\/schema.org\",\"@graph\":[{\"@type\":\"WebPage\",\"@id\":\"https:\\\/\\\/www.mairie-soisybouy.fr\\\/index.php\\\/la-mairie\\\/\",\"url\":\"https:\\\/\\\/www.mairie-soisybouy.fr\\\/index.php\\\/la-mairie\\\/\",\"name\":\"La mairie &#8226; Mairie de Soisy-Bouy\",\"isPartOf\":{\"@id\":\"https:\\\/\\\/www.mairie-soisybouy.fr\\\/#website\"},\"primaryImageOfPage\":{\"@id\":\"https:\\\/\\\/www.mairie-soisybouy.fr\\\/index.php\\\/la-mairie\\\/#primaryimage\"},\"image\":{\"@id\":\"https:\\\/\\\/www.mairie-soisybouy.fr\\\/index.php\\\/la-mairie\\\/#primaryimage\"},\"thumbnailUrl\":\"http:\\\/\\\/www.mairie-soisybouy.fr\\\/wp-content\\\/uploads\\\/2019\\\/06\\\/PHOTO-MAIRIE-300x225.jpg\",\"datePublished\":\"2019-05-27T14:40:22+00:00\",\"dateModified\":\"2024-11-25T10:17:19+00:00\",\"description\":\"Site internet officiel de la mairie de Soisy-Bouy.\",\"breadcrumb\":{\"@id\":\"https:\\\/\\\/www.mairie-soisybouy.fr\\\/index.php\\\/la-mairie\\\/#breadcrumb\"},\"inLanguage\":\"fr-FR\",\"potentialAction\":[{\"@type\":\"ReadAction\",\"target\":[\"https:\\\/\\\/www.mairie-soisybouy.fr\\\/index.php\\\/la-mairie\\\/\"]}]},{\"@type\":\"ImageObject\",\"inLanguage\":\"fr-FR\",\"@id\":\"https:\\\/\\\/www.mairie-soisybouy.fr\\\/index.php\\\/la-mairie\\\/#primaryimage\",\"url\":\"https:\\\/\\\/www.mairie-soisybouy.fr\\\/wp-content\\\/uploads\\\/2019\\\/06\\\/PHOTO-MAIRIE.jpg\",\"contentUrl\":\"https:\\\/\\\/www.mairie-soisybouy.fr\\\/wp-content\\\/uploads\\\/2019\\\/06\\\/PHOTO-MAIRIE.jpg\",\"width\":3264,\"height\":2448},{\"@type\":\"BreadcrumbList\",\"@id\":\"https:\\\/\\\/www.mairie-soisybouy.fr\\\/index.php\\\/la-mairie\\\/#breadcrumb\",\"itemListElement\":[{\"@type\":\"ListItem\",\"position\":1,\"name\":\"Accueil\",\"item\":\"https:\\\/\\\/www.mairie-soisybouy.fr\\\/\"},{\"@type\":\"ListItem\",\"position\":2,\"name\":\"La mairie\"}]},{\"@type\":\"WebSite\",\"@id\":\"https:\\\/\\\/www.mairie-soisybouy.fr\\\/#website\",\"url\":\"https:\\\/\\\/www.mairie-soisybouy.fr\\\/\",\"name\":\"Mairie de Soisy-Bouy\",\"description\":\"\",\"publisher\":{\"@id\":\"https:\\\/\\\/www.mairie-soisybouy.fr\\\/#organization\"},\"potentialAction\":[{\"@type\":\"SearchAction\",\"target\":{\"@type\":\"EntryPoint\",\"urlTemplate\":\"https:\\\/\\\/www.mairie-soisybouy.fr\\\/?s={search_term_string}\"},\"query-input\":{\"@type\":\"PropertyValueSpecification\",\"valueRequired\":true,\"valueName\":\"search_term_string\"}}],\"inLanguage\":\"fr-FR\"},{\"@type\":\"Organization\",\"@id\":\"https:\\\/\\\/www.mairie-soisybouy.fr\\\/#organization\",\"name\":\"Mairie de Soisy-Bouy\",\"url\":\"https:\\\/\\\/www.mairie-soisybouy.fr\\\/\",\"logo\":{\"@type\":\"ImageObject\",\"inLanguage\":\"fr-FR\",\"@id\":\"https:\\\/\\\/www.mairie-soisybouy.fr\\\/#\\\/schema\\\/logo\\\/image\\\/\",\"url\":\"https:\\\/\\\/www.mairie-soisybouy.fr\\\/wp-content\\\/uploads\\\/2019\\\/05\\\/logomodif.png\",\"contentUrl\":\"https:\\\/\\\/www.mairie-soisybouy.fr\\\/wp-content\\\/uploads\\\/2019\\\/05\\\/logomodif.png\",\"width\":347,\"height\":392,\"caption\":\"Mairie de Soisy-Bouy\"},\"image\":{\"@id\":\"https:\\\/\\\/www.mairie-soisybouy.fr\\\/#\\\/schema\\\/logo\\\/image\\\/\"}}]}<\/script>\n<!-- \/ Yoast SEO plugin. -->","yoast_head_json":{"title":"La mairie &#8226; Mairie de Soisy-Bouy","description":"Site internet officiel de la mairie de Soisy-Bouy.","robots":{"index":"index","follow":"follow","max-snippet":"max-snippet:-1","max-image-preview":"max-image-preview:large","max-video-preview":"max-video-preview:-1"},"canonical":"https:\/\/www.mairie-soisybouy.fr\/index.php\/la-mairie\/","og_locale":"fr_FR","og_type":"article","og_title":"La mairie &#8226; Mairie de Soisy-Bouy","og_description":"Site internet officiel de la mairie de Soisy-Bouy.","og_url":"https:\/\/www.mairie-soisybouy.fr\/index.php\/la-mairie\/","og_site_name":"Mairie de Soisy-Bouy","article_modified_time":"2024-11-25T10:17:19+00:00","og_image":[{"url":"http:\/\/www.mairie-soisybouy.fr\/wp-content\/uploads\/2019\/06\/PHOTO-MAIRIE-300x225.jpg","type":"","width":"","height":""}],"twitter_card":"summary_large_image","twitter_misc":{"Dur\u00e9e de lecture estim\u00e9e":"3 minutes"},"schema":{"@context":"https:\/\/schema.org","@graph":[{"@type":"WebPage","@id":"https:\/\/www.mairie-soisybouy.fr\/index.php\/la-mairie\/","url":"https:\/\/www.mairie-soisybouy.fr\/index.php\/la-mairie\/","name":"La mairie &#8226; Mairie de Soisy-Bouy","isPartOf":{"@id":"https:\/\/www.mairie-soisybouy.fr\/#website"},"primaryImageOfPage":{"@id":"https:\/\/www.mairie-soisybouy.fr\/index.php\/la-mairie\/#primaryimage"},"image":{"@id":"https:\/\/www.mairie-soisybouy.fr\/index.php\/la-mairie\/#primaryimage"},"thumbnailUrl":"http:\/\/www.mairie-soisybouy.fr\/wp-content\/uploads\/2019\/06\/PHOTO-MAIRIE-300x225.jpg","datePublished":"2019-05-27T14:40:22+00:00","dateModified":"2024-11-25T10:17:19+00:00","description":"Site internet officiel de la mairie de Soisy-Bouy.","breadcrumb":{"@id":"https:\/\/www.mairie-soisybouy.fr\/index.php\/la-mairie\/#breadcrumb"},"inLanguage":"fr-FR","potentialAction":[{"@type":"ReadAction","target":["https:\/\/www.mairie-soisybouy.fr\/index.php\/la-mairie\/"]}]},{"@type":"ImageObject","inLanguage":"fr-FR","@id":"https:\/\/www.mairie-soisybouy.fr\/index.php\/la-mairie\/#primaryimage","url":"https:\/\/www.mairie-soisybouy.fr\/wp-content\/uploads\/2019\/06\/PHOTO-MAIRIE.jpg","contentUrl":"https:\/\/www.mairie-soisybouy.fr\/wp-content\/uploads\/2019\/06\/PHOTO-MAIRIE.jpg","width":3264,"height":2448},{"@type":"BreadcrumbList","@id":"https:\/\/www.mairie-soisybouy.fr\/index.php\/la-mairie\/#breadcrumb","itemListElement":[{"@type":"ListItem","position":1,"name":"Accueil","item":"https:\/\/www.mairie-soisybouy.fr\/"},{"@type":"ListItem","position":2,"name":"La mairie"}]},{"@type":"WebSite","@id":"https:\/\/www.mairie-soisybouy.fr\/#website","url":"https:\/\/www.mairie-soisybouy.fr\/","name":"Mairie de Soisy-Bouy","description":"","publisher":{"@id":"https:\/\/www.mairie-soisybouy.fr\/#organization"},"potentialAction":[{"@type":"SearchAction","target":{"@type":"EntryPoint","urlTemplate":"https:\/\/www.mairie-soisybouy.fr\/?s={search_term_string}"},"query-input":{"@type":"PropertyValueSpecification","valueRequired":true,"valueName":"search_term_string"}}],"inLanguage":"fr-FR"},{"@type":"Organization","@id":"https:\/\/www.mairie-soisybouy.fr\/#organization","name":"Mairie de Soisy-Bouy","url":"https:\/\/www.mairie-soisybouy.fr\/","logo":{"@type":"ImageObject","inLanguage":"fr-FR","@id":"https:\/\/www.mairie-soisybouy.fr\/#\/schema\/logo\/image\/","url":"https:\/\/www.mairie-soisybouy.fr\/wp-content\/uploads\/2019\/05\/logomodif.png","contentUrl":"https:\/\/www.mairie-soisybouy.fr\/wp-content\/uploads\/2019\/05\/logomodif.png","width":347,"height":392,"caption":"Mairie de Soisy-Bouy"},"image":{"@id":"https:\/\/www.mairie-soisybouy.fr\/#\/schema\/logo\/image\/"}}]}},"_links":{"self":[{"href":"https:\/\/www.mairie-soisybouy.fr\/index.php\/wp-json\/wp\/v2\/pages\/152","targetHints":{"allow":["GET"]}}],"collection":[{"href":"https:\/\/www.mairie-soisybouy.fr\/index.php\/wp-json\/wp\/v2\/pages"}],"about":[{"href":"https:\/\/www.mairie-soisybouy.fr\/index.php\/wp-json\/wp\/v2\/types\/page"}],"author":[{"embeddable":true,"href":"https:\/\/www.mairie-soisybouy.fr\/index.php\/wp-json\/wp\/v2\/users\/1"}],"replies":[{"embeddable":true,"href":"https:\/\/www.mairie-soisybouy.fr\/index.php\/wp-json\/wp\/v2\/comments?post=152"}],"version-history":[{"count":21,"href":"https:\/\/www.mairie-soisybouy.fr\/index.php\/wp-json\/wp\/v2\/pages\/152\/revisions"}],"predecessor-version":[{"id":2470,"href":"https:\/\/www.mairie-soisybouy.fr\/index.php\/wp-json\/wp\/v2\/pages\/152\/revisions\/2470"}],"wp:attachment":[{"href":"https:\/\/www.mairie-soisybouy.fr\/index.php\/wp-json\/wp\/v2\/media?parent=152"}],"curies":[{"name":"wp","href":"https:\/\/api.w.org\/{rel}","templated":true}]}}