{"id":156,"date":"2019-05-27T16:42:03","date_gmt":"2019-05-27T14:42:03","guid":{"rendered":"http:\/\/mairie-soisybouy.fr\/?page_id=156"},"modified":"2026-04-03T11:45:39","modified_gmt":"2026-04-03T09:45:39","slug":"les-conseils-municipaux","status":"publish","type":"page","link":"https:\/\/www.mairie-soisybouy.fr\/index.php\/les-conseils-municipaux\/","title":{"rendered":"Proc\u00e8s-verbaux et D\u00e9lib\u00e9rations de Conseils Municipaux"},"content":{"rendered":"<p><strong>Cliquez sur chaque compte-rendu pour t\u00e9l\u00e9charger son contenu :<\/strong><\/p>\n<ul>\n<li><strong><a href=\"https:\/\/www.mairie-soisybouy.fr\/wp-content\/uploads\/2025\/02\/PV-DU-CM-DU-07-02-2025-PUBLIC.pdf\">PV DU CM DU 07 02 2025\u00a0<\/a><\/strong><\/li>\n<li><strong><a href=\"https:\/\/www.mairie-soisybouy.fr\/wp-content\/uploads\/2025\/06\/PV-DU-18-06-2025-PUBLIC.pdf\">PV DU CM DU 18 06 2025<\/a><\/strong><\/li>\n<li><strong><a href=\"https:\/\/www.mairie-soisybouy.fr\/wp-content\/uploads\/2025\/10\/SKM_C36825100115510.pdf\">PV DU CM DU 23 09 2025<\/a><\/strong><\/li>\n<li><strong><a href=\"https:\/\/www.mairie-soisybouy.fr\/wp-content\/uploads\/2025\/11\/PRECES-VERBAL-PUBLIC.pdf\">PV DU CM DU 18 11 2025<\/a><\/strong><\/li>\n<li><a href=\"https:\/\/www.mairie-soisybouy.fr\/wp-content\/uploads\/2025\/12\/PROCES-VERBAL-PUBLIC.pdf\"><strong>PV DU CM DU 15 12 2025<\/strong> <\/a><\/li>\n<li><strong><a href=\"https:\/\/www.mairie-soisybouy.fr\/wp-content\/uploads\/2026\/02\/SKM_C36826021818140.pdf\">PV DU CM DU 11 02 2026<\/a><\/strong><\/li>\n<li><strong><a href=\"https:\/\/www.mairie-soisybouy.fr\/wp-content\/uploads\/2026\/03\/PROCES-VERBAL-DU-20-03-26-PUBLIC.pdf\">PV DU CM DU 20 03 26\u00a0<\/a><\/strong><\/li>\n<li><strong><a href=\"https:\/\/www.mairie-soisybouy.fr\/wp-content\/uploads\/2026\/04\/PROCES-VERBAL-PUBLIC.pdf\">PV DU CM DU 31 03 2026<\/a><\/strong><\/li>\n<\/ul>\n","protected":false},"excerpt":{"rendered":"<p>Cliquez sur chaque compte-rendu pour t\u00e9l\u00e9charger son contenu : PV DU CM DU 07 02 2025\u00a0 PV DU CM DU 18 06 2025 PV DU CM DU 23 09 2025 PV DU CM DU 18 11 2025 PV DU CM DU 15 12 2025 PV DU CM DU 11 02 2026 PV DU CM DU [&hellip;]<\/p>\n","protected":false},"author":1,"featured_media":0,"parent":0,"menu_order":0,"comment_status":"closed","ping_status":"closed","template":"","meta":{"footnotes":""},"class_list":["post-156","page","type-page","status-publish","hentry"],"yoast_head":"<!-- This site is optimized with the Yoast SEO plugin v27.3 - https:\/\/yoast.com\/product\/yoast-seo-wordpress\/ -->\n<title>Proc\u00e8s-verbaux et D\u00e9lib\u00e9rations de Conseils Municipaux &#8226; Mairie de Soisy-Bouy<\/title>\n<meta name=\"description\" content=\"Site internet officiel de la mairie de Soisy-Bouy.\" \/>\n<meta name=\"robots\" content=\"index, follow, max-snippet:-1, max-image-preview:large, max-video-preview:-1\" \/>\n<link rel=\"canonical\" href=\"https:\/\/www.mairie-soisybouy.fr\/index.php\/les-conseils-municipaux\/\" \/>\n<meta property=\"og:locale\" content=\"fr_FR\" \/>\n<meta property=\"og:type\" content=\"article\" \/>\n<meta property=\"og:title\" content=\"Proc\u00e8s-verbaux et D\u00e9lib\u00e9rations de Conseils Municipaux &#8226; Mairie de Soisy-Bouy\" \/>\n<meta property=\"og:description\" content=\"Site internet officiel de la mairie de Soisy-Bouy.\" \/>\n<meta property=\"og:url\" content=\"https:\/\/www.mairie-soisybouy.fr\/index.php\/les-conseils-municipaux\/\" \/>\n<meta property=\"og:site_name\" content=\"Mairie de Soisy-Bouy\" \/>\n<meta property=\"article:modified_time\" content=\"2026-04-03T09:45:39+00:00\" \/>\n<meta name=\"twitter:card\" content=\"summary_large_image\" \/>\n<meta name=\"twitter:label1\" content=\"Dur\u00e9e de lecture estim\u00e9e\" \/>\n\t<meta name=\"twitter:data1\" content=\"1 minute\" \/>\n<script type=\"application\/ld+json\" class=\"yoast-schema-graph\">{\"@context\":\"https:\\\/\\\/schema.org\",\"@graph\":[{\"@type\":\"WebPage\",\"@id\":\"https:\\\/\\\/www.mairie-soisybouy.fr\\\/index.php\\\/les-conseils-municipaux\\\/\",\"url\":\"https:\\\/\\\/www.mairie-soisybouy.fr\\\/index.php\\\/les-conseils-municipaux\\\/\",\"name\":\"Proc\u00e8s-verbaux et D\u00e9lib\u00e9rations de Conseils Municipaux &#8226; Mairie de Soisy-Bouy\",\"isPartOf\":{\"@id\":\"https:\\\/\\\/www.mairie-soisybouy.fr\\\/#website\"},\"datePublished\":\"2019-05-27T14:42:03+00:00\",\"dateModified\":\"2026-04-03T09:45:39+00:00\",\"description\":\"Site internet officiel de la mairie de Soisy-Bouy.\",\"breadcrumb\":{\"@id\":\"https:\\\/\\\/www.mairie-soisybouy.fr\\\/index.php\\\/les-conseils-municipaux\\\/#breadcrumb\"},\"inLanguage\":\"fr-FR\",\"potentialAction\":[{\"@type\":\"ReadAction\",\"target\":[\"https:\\\/\\\/www.mairie-soisybouy.fr\\\/index.php\\\/les-conseils-municipaux\\\/\"]}]},{\"@type\":\"BreadcrumbList\",\"@id\":\"https:\\\/\\\/www.mairie-soisybouy.fr\\\/index.php\\\/les-conseils-municipaux\\\/#breadcrumb\",\"itemListElement\":[{\"@type\":\"ListItem\",\"position\":1,\"name\":\"Accueil\",\"item\":\"https:\\\/\\\/www.mairie-soisybouy.fr\\\/\"},{\"@type\":\"ListItem\",\"position\":2,\"name\":\"Proc\u00e8s-verbaux et D\u00e9lib\u00e9rations de Conseils Municipaux\"}]},{\"@type\":\"WebSite\",\"@id\":\"https:\\\/\\\/www.mairie-soisybouy.fr\\\/#website\",\"url\":\"https:\\\/\\\/www.mairie-soisybouy.fr\\\/\",\"name\":\"Mairie de Soisy-Bouy\",\"description\":\"\",\"publisher\":{\"@id\":\"https:\\\/\\\/www.mairie-soisybouy.fr\\\/#organization\"},\"potentialAction\":[{\"@type\":\"SearchAction\",\"target\":{\"@type\":\"EntryPoint\",\"urlTemplate\":\"https:\\\/\\\/www.mairie-soisybouy.fr\\\/?s={search_term_string}\"},\"query-input\":{\"@type\":\"PropertyValueSpecification\",\"valueRequired\":true,\"valueName\":\"search_term_string\"}}],\"inLanguage\":\"fr-FR\"},{\"@type\":\"Organization\",\"@id\":\"https:\\\/\\\/www.mairie-soisybouy.fr\\\/#organization\",\"name\":\"Mairie de Soisy-Bouy\",\"url\":\"https:\\\/\\\/www.mairie-soisybouy.fr\\\/\",\"logo\":{\"@type\":\"ImageObject\",\"inLanguage\":\"fr-FR\",\"@id\":\"https:\\\/\\\/www.mairie-soisybouy.fr\\\/#\\\/schema\\\/logo\\\/image\\\/\",\"url\":\"https:\\\/\\\/www.mairie-soisybouy.fr\\\/wp-content\\\/uploads\\\/2019\\\/05\\\/logomodif.png\",\"contentUrl\":\"https:\\\/\\\/www.mairie-soisybouy.fr\\\/wp-content\\\/uploads\\\/2019\\\/05\\\/logomodif.png\",\"width\":347,\"height\":392,\"caption\":\"Mairie de Soisy-Bouy\"},\"image\":{\"@id\":\"https:\\\/\\\/www.mairie-soisybouy.fr\\\/#\\\/schema\\\/logo\\\/image\\\/\"}}]}<\/script>\n<!-- \/ Yoast SEO plugin. -->","yoast_head_json":{"title":"Proc\u00e8s-verbaux et D\u00e9lib\u00e9rations de Conseils Municipaux &#8226; Mairie de Soisy-Bouy","description":"Site internet officiel de la mairie de Soisy-Bouy.","robots":{"index":"index","follow":"follow","max-snippet":"max-snippet:-1","max-image-preview":"max-image-preview:large","max-video-preview":"max-video-preview:-1"},"canonical":"https:\/\/www.mairie-soisybouy.fr\/index.php\/les-conseils-municipaux\/","og_locale":"fr_FR","og_type":"article","og_title":"Proc\u00e8s-verbaux et D\u00e9lib\u00e9rations de Conseils Municipaux &#8226; Mairie de Soisy-Bouy","og_description":"Site internet officiel de la mairie de Soisy-Bouy.","og_url":"https:\/\/www.mairie-soisybouy.fr\/index.php\/les-conseils-municipaux\/","og_site_name":"Mairie de Soisy-Bouy","article_modified_time":"2026-04-03T09:45:39+00:00","twitter_card":"summary_large_image","twitter_misc":{"Dur\u00e9e de lecture estim\u00e9e":"1 minute"},"schema":{"@context":"https:\/\/schema.org","@graph":[{"@type":"WebPage","@id":"https:\/\/www.mairie-soisybouy.fr\/index.php\/les-conseils-municipaux\/","url":"https:\/\/www.mairie-soisybouy.fr\/index.php\/les-conseils-municipaux\/","name":"Proc\u00e8s-verbaux et D\u00e9lib\u00e9rations de Conseils Municipaux &#8226; Mairie de Soisy-Bouy","isPartOf":{"@id":"https:\/\/www.mairie-soisybouy.fr\/#website"},"datePublished":"2019-05-27T14:42:03+00:00","dateModified":"2026-04-03T09:45:39+00:00","description":"Site internet officiel de la mairie de Soisy-Bouy.","breadcrumb":{"@id":"https:\/\/www.mairie-soisybouy.fr\/index.php\/les-conseils-municipaux\/#breadcrumb"},"inLanguage":"fr-FR","potentialAction":[{"@type":"ReadAction","target":["https:\/\/www.mairie-soisybouy.fr\/index.php\/les-conseils-municipaux\/"]}]},{"@type":"BreadcrumbList","@id":"https:\/\/www.mairie-soisybouy.fr\/index.php\/les-conseils-municipaux\/#breadcrumb","itemListElement":[{"@type":"ListItem","position":1,"name":"Accueil","item":"https:\/\/www.mairie-soisybouy.fr\/"},{"@type":"ListItem","position":2,"name":"Proc\u00e8s-verbaux et D\u00e9lib\u00e9rations de Conseils Municipaux"}]},{"@type":"WebSite","@id":"https:\/\/www.mairie-soisybouy.fr\/#website","url":"https:\/\/www.mairie-soisybouy.fr\/","name":"Mairie de Soisy-Bouy","description":"","publisher":{"@id":"https:\/\/www.mairie-soisybouy.fr\/#organization"},"potentialAction":[{"@type":"SearchAction","target":{"@type":"EntryPoint","urlTemplate":"https:\/\/www.mairie-soisybouy.fr\/?s={search_term_string}"},"query-input":{"@type":"PropertyValueSpecification","valueRequired":true,"valueName":"search_term_string"}}],"inLanguage":"fr-FR"},{"@type":"Organization","@id":"https:\/\/www.mairie-soisybouy.fr\/#organization","name":"Mairie de Soisy-Bouy","url":"https:\/\/www.mairie-soisybouy.fr\/","logo":{"@type":"ImageObject","inLanguage":"fr-FR","@id":"https:\/\/www.mairie-soisybouy.fr\/#\/schema\/logo\/image\/","url":"https:\/\/www.mairie-soisybouy.fr\/wp-content\/uploads\/2019\/05\/logomodif.png","contentUrl":"https:\/\/www.mairie-soisybouy.fr\/wp-content\/uploads\/2019\/05\/logomodif.png","width":347,"height":392,"caption":"Mairie de Soisy-Bouy"},"image":{"@id":"https:\/\/www.mairie-soisybouy.fr\/#\/schema\/logo\/image\/"}}]}},"_links":{"self":[{"href":"https:\/\/www.mairie-soisybouy.fr\/index.php\/wp-json\/wp\/v2\/pages\/156","targetHints":{"allow":["GET"]}}],"collection":[{"href":"https:\/\/www.mairie-soisybouy.fr\/index.php\/wp-json\/wp\/v2\/pages"}],"about":[{"href":"https:\/\/www.mairie-soisybouy.fr\/index.php\/wp-json\/wp\/v2\/types\/page"}],"author":[{"embeddable":true,"href":"https:\/\/www.mairie-soisybouy.fr\/index.php\/wp-json\/wp\/v2\/users\/1"}],"replies":[{"embeddable":true,"href":"https:\/\/www.mairie-soisybouy.fr\/index.php\/wp-json\/wp\/v2\/comments?post=156"}],"version-history":[{"count":65,"href":"https:\/\/www.mairie-soisybouy.fr\/index.php\/wp-json\/wp\/v2\/pages\/156\/revisions"}],"predecessor-version":[{"id":2647,"href":"https:\/\/www.mairie-soisybouy.fr\/index.php\/wp-json\/wp\/v2\/pages\/156\/revisions\/2647"}],"wp:attachment":[{"href":"https:\/\/www.mairie-soisybouy.fr\/index.php\/wp-json\/wp\/v2\/media?parent=156"}],"curies":[{"name":"wp","href":"https:\/\/api.w.org\/{rel}","templated":true}]}}