{"id":1595,"date":"2020-07-23T08:57:00","date_gmt":"2020-07-23T06:57:00","guid":{"rendered":"https:\/\/www.mairie-soisybouy.fr\/?page_id=1595"},"modified":"2023-06-15T15:45:01","modified_gmt":"2023-06-15T13:45:01","slug":"canicule","status":"publish","type":"page","link":"https:\/\/www.mairie-soisybouy.fr\/index.php\/canicule\/","title":{"rendered":"CANICULE"},"content":{"rendered":"<p><img loading=\"lazy\" decoding=\"async\" class=\"wp-image-1600 alignright\" src=\"https:\/\/www.mairie-soisybouy.fr\/wp-content\/uploads\/2020\/07\/2017-plan-national-canicule_SPF_0-SOISY-BOUY.png\" alt=\"\" width=\"510\" height=\"510\" srcset=\"https:\/\/www.mairie-soisybouy.fr\/wp-content\/uploads\/2020\/07\/2017-plan-national-canicule_SPF_0-SOISY-BOUY.png 1024w, https:\/\/www.mairie-soisybouy.fr\/wp-content\/uploads\/2020\/07\/2017-plan-national-canicule_SPF_0-SOISY-BOUY-300x300.png 300w, https:\/\/www.mairie-soisybouy.fr\/wp-content\/uploads\/2020\/07\/2017-plan-national-canicule_SPF_0-SOISY-BOUY-150x150.png 150w, https:\/\/www.mairie-soisybouy.fr\/wp-content\/uploads\/2020\/07\/2017-plan-national-canicule_SPF_0-SOISY-BOUY-768x768.png 768w\" sizes=\"auto, (max-width: 510px) 100vw, 510px\" \/><\/p>\n<p>&nbsp;<\/p>\n<p style=\"text-align: center;\"><span style=\"font-size: 18pt; color: #ff9900; font-family: 'book antiqua', palatino, serif;\"><strong><u>PLAN CANICULE<\/u><\/strong><\/span><\/p>\n<p>Depuis les fortes chaleurs de l\u2019\u00e9t\u00e9 2003 et les cons\u00e9quences humaines qui ont suivi, les pouvoirs publics ont instaur\u00e9 la mise en place, <strong>chaque ann\u00e9e du 1er juin au 31 ao\u00fbt, du plan canicule<\/strong>.<\/p>\n<p>Un d\u00e9cret du 1er septembre 2004 charge les Maires de constituer et de tenir \u00e0 jour tout au long de l\u2019ann\u00e9e un <strong>registre<\/strong> nominatif des personnes \u00e2g\u00e9es et des personnes handicap\u00e9es vivant \u00e0 domicile. Ce registre a pour seul but de permettre <strong>l\u2019intervention cibl\u00e9e des services sanitaires et sociaux<\/strong> en cas de d\u00e9clenchement du plan d\u2019alerte et d\u2019urgences.<\/p>\n<p>L\u2019inscription est facultative, elle est bas\u00e9e sur le volontariat. Elle peut \u00eatre faite par la personne elle-m\u00eame, par son repr\u00e9sentant l\u00e9gal ou par un tiers <em>(m\u00e9decin, service ou personne intervenante, voisin).<\/em><\/p>\n<p><strong><u>Peuvent figurer sur ce registre trois cat\u00e9gories de personnes\u00a0:<\/u><\/strong><\/p>\n<ul>\n<li><em> Les personnes \u00e2g\u00e9es de 65 ans et plus r\u00e9sidant \u00e0 leur domicile.<\/em><\/li>\n<li><em>Les personnes de plus de 60 ans reconnues inaptes au travail, r\u00e9sidant \u00e0 leur domicile.<\/em><\/li>\n<li><em>Les personnes reconnues handicap\u00e9es, r\u00e9sidant \u00e0 leur domicile.<\/em><\/li>\n<\/ul>\n<p>Pour vous inscrire sur le registre de la Commune, il vous faut simplement nous<\/p>\n<p>retourner le formulaire d\u2019inscription ci-dessous.<img loading=\"lazy\" decoding=\"async\" class=\"wp-image-1598 alignright\" src=\"https:\/\/www.mairie-soisybouy.fr\/wp-content\/uploads\/2020\/07\/Canicule-SOISY-BOUY-2020.png\" alt=\"\" width=\"508\" height=\"254\" srcset=\"https:\/\/www.mairie-soisybouy.fr\/wp-content\/uploads\/2020\/07\/Canicule-SOISY-BOUY-2020.png 512w, https:\/\/www.mairie-soisybouy.fr\/wp-content\/uploads\/2020\/07\/Canicule-SOISY-BOUY-2020-300x150.png 300w\" sizes=\"auto, (max-width: 508px) 100vw, 508px\" \/><\/p>\n<ul>\n<li><span style=\"font-family: georgia, palatino, serif;\"><strong><a href=\"https:\/\/www.mairie-soisybouy.fr\/wp-content\/uploads\/2023\/06\/Prevention-canicule-formulaire-dinscription-registre-communal-2023.pdf\">Pr\u00e9vention canicule &#8211; formulaire d&rsquo;inscription registre communal 2023<\/a><\/strong><\/span><\/li>\n<\/ul>\n<p>N\u2019h\u00e9sitez pas \u00e0 vous inscrire ou inscrire votre parent. Toute personne inscrite par un tiers peut demander une modification de son inscription ou sa radiation du registre.<\/p>\n<p>Ce registre ne peut \u00eatre communiqu\u00e9 par Monsieur le Maire qu\u2019\u00e0 Monsieur le Pr\u00e9fet du Nord en cas de d\u00e9clenchement du plan d\u2019alerte et d\u2019urgences.<\/p>\n<p>Pour plus d\u2019informations, vous pouvez consulter\u00a0<a href=\"http:\/\/www.sante.gouv.fr\/canicule-et-chaleurs-extremes\"><span style=\"color: #ffcc00;\">www.sante.gouv.fr\/canicule-et-chaleurs-extremes<\/span><\/a><span style=\"color: #ffcc00;\">\u00a0<\/span>ou\u00a0<span style=\"color: #ffcc00;\"><a style=\"color: #ffcc00;\" href=\"http:\/\/inpes.santepubliquefrance.fr\/10000\/themes\/evenement_climatique\/canicule\/canicule-outils.asp\">www.inpes.santepublique.fr<\/a><\/span><\/p>\n","protected":false},"excerpt":{"rendered":"<p>&nbsp; PLAN CANICULE Depuis les fortes chaleurs de l\u2019\u00e9t\u00e9 2003 et les cons\u00e9quences humaines qui ont suivi, les pouvoirs publics ont instaur\u00e9 la mise en place, chaque ann\u00e9e du 1er juin au 31 ao\u00fbt, du plan canicule. Un d\u00e9cret du 1er septembre 2004 charge les Maires de constituer et de tenir \u00e0 jour tout au [&hellip;]<\/p>\n","protected":false},"author":2,"featured_media":0,"parent":0,"menu_order":0,"comment_status":"closed","ping_status":"closed","template":"","meta":{"footnotes":""},"class_list":["post-1595","page","type-page","status-publish","hentry"],"yoast_head":"<!-- This site is optimized with the Yoast SEO plugin v22.3 - https:\/\/yoast.com\/wordpress\/plugins\/seo\/ -->\n<title>CANICULE &#8226; Mairie de Soisy-Bouy<\/title>\n<meta name=\"description\" content=\"Site internet officiel de la mairie de Soisy-Bouy.\" \/>\n<meta name=\"robots\" content=\"index, follow, max-snippet:-1, max-image-preview:large, max-video-preview:-1\" \/>\n<link rel=\"canonical\" href=\"https:\/\/www.mairie-soisybouy.fr\/index.php\/canicule\/\" \/>\n<meta property=\"og:locale\" content=\"fr_FR\" \/>\n<meta property=\"og:type\" content=\"article\" \/>\n<meta property=\"og:title\" content=\"CANICULE &#8226; Mairie de Soisy-Bouy\" \/>\n<meta property=\"og:description\" content=\"Site internet officiel de la mairie de Soisy-Bouy.\" \/>\n<meta property=\"og:url\" content=\"https:\/\/www.mairie-soisybouy.fr\/index.php\/canicule\/\" \/>\n<meta property=\"og:site_name\" content=\"Mairie de Soisy-Bouy\" \/>\n<meta property=\"article:modified_time\" content=\"2023-06-15T13:45:01+00:00\" \/>\n<meta property=\"og:image\" content=\"https:\/\/www.mairie-soisybouy.fr\/wp-content\/uploads\/2020\/07\/2017-plan-national-canicule_SPF_0-SOISY-BOUY.png\" \/>\n<meta name=\"twitter:card\" content=\"summary_large_image\" \/>\n<meta name=\"twitter:label1\" content=\"Dur\u00e9e de lecture estim\u00e9e\" \/>\n\t<meta name=\"twitter:data1\" content=\"1 minute\" \/>\n<script type=\"application\/ld+json\" class=\"yoast-schema-graph\">{\"@context\":\"https:\/\/schema.org\",\"@graph\":[{\"@type\":\"WebPage\",\"@id\":\"https:\/\/www.mairie-soisybouy.fr\/index.php\/canicule\/\",\"url\":\"https:\/\/www.mairie-soisybouy.fr\/index.php\/canicule\/\",\"name\":\"CANICULE &#8226; Mairie de Soisy-Bouy\",\"isPartOf\":{\"@id\":\"https:\/\/www.mairie-soisybouy.fr\/#website\"},\"primaryImageOfPage\":{\"@id\":\"https:\/\/www.mairie-soisybouy.fr\/index.php\/canicule\/#primaryimage\"},\"image\":{\"@id\":\"https:\/\/www.mairie-soisybouy.fr\/index.php\/canicule\/#primaryimage\"},\"thumbnailUrl\":\"https:\/\/www.mairie-soisybouy.fr\/wp-content\/uploads\/2020\/07\/2017-plan-national-canicule_SPF_0-SOISY-BOUY.png\",\"datePublished\":\"2020-07-23T06:57:00+00:00\",\"dateModified\":\"2023-06-15T13:45:01+00:00\",\"description\":\"Site internet officiel de la mairie de Soisy-Bouy.\",\"breadcrumb\":{\"@id\":\"https:\/\/www.mairie-soisybouy.fr\/index.php\/canicule\/#breadcrumb\"},\"inLanguage\":\"fr-FR\",\"potentialAction\":[{\"@type\":\"ReadAction\",\"target\":[\"https:\/\/www.mairie-soisybouy.fr\/index.php\/canicule\/\"]}]},{\"@type\":\"ImageObject\",\"inLanguage\":\"fr-FR\",\"@id\":\"https:\/\/www.mairie-soisybouy.fr\/index.php\/canicule\/#primaryimage\",\"url\":\"https:\/\/www.mairie-soisybouy.fr\/wp-content\/uploads\/2020\/07\/2017-plan-national-canicule_SPF_0-SOISY-BOUY.png\",\"contentUrl\":\"https:\/\/www.mairie-soisybouy.fr\/wp-content\/uploads\/2020\/07\/2017-plan-national-canicule_SPF_0-SOISY-BOUY.png\",\"width\":1024,\"height\":1024},{\"@type\":\"BreadcrumbList\",\"@id\":\"https:\/\/www.mairie-soisybouy.fr\/index.php\/canicule\/#breadcrumb\",\"itemListElement\":[{\"@type\":\"ListItem\",\"position\":1,\"name\":\"Accueil\",\"item\":\"https:\/\/www.mairie-soisybouy.fr\/\"},{\"@type\":\"ListItem\",\"position\":2,\"name\":\"CANICULE\"}]},{\"@type\":\"WebSite\",\"@id\":\"https:\/\/www.mairie-soisybouy.fr\/#website\",\"url\":\"https:\/\/www.mairie-soisybouy.fr\/\",\"name\":\"Mairie de Soisy-Bouy\",\"description\":\"\",\"publisher\":{\"@id\":\"https:\/\/www.mairie-soisybouy.fr\/#organization\"},\"potentialAction\":[{\"@type\":\"SearchAction\",\"target\":{\"@type\":\"EntryPoint\",\"urlTemplate\":\"https:\/\/www.mairie-soisybouy.fr\/?s={search_term_string}\"},\"query-input\":\"required name=search_term_string\"}],\"inLanguage\":\"fr-FR\"},{\"@type\":\"Organization\",\"@id\":\"https:\/\/www.mairie-soisybouy.fr\/#organization\",\"name\":\"Mairie de Soisy-Bouy\",\"url\":\"https:\/\/www.mairie-soisybouy.fr\/\",\"logo\":{\"@type\":\"ImageObject\",\"inLanguage\":\"fr-FR\",\"@id\":\"https:\/\/www.mairie-soisybouy.fr\/#\/schema\/logo\/image\/\",\"url\":\"https:\/\/www.mairie-soisybouy.fr\/wp-content\/uploads\/2019\/05\/logomodif.png\",\"contentUrl\":\"https:\/\/www.mairie-soisybouy.fr\/wp-content\/uploads\/2019\/05\/logomodif.png\",\"width\":347,\"height\":392,\"caption\":\"Mairie de Soisy-Bouy\"},\"image\":{\"@id\":\"https:\/\/www.mairie-soisybouy.fr\/#\/schema\/logo\/image\/\"}}]}<\/script>\n<!-- \/ Yoast SEO plugin. -->","yoast_head_json":{"title":"CANICULE &#8226; Mairie de Soisy-Bouy","description":"Site internet officiel de la mairie de Soisy-Bouy.","robots":{"index":"index","follow":"follow","max-snippet":"max-snippet:-1","max-image-preview":"max-image-preview:large","max-video-preview":"max-video-preview:-1"},"canonical":"https:\/\/www.mairie-soisybouy.fr\/index.php\/canicule\/","og_locale":"fr_FR","og_type":"article","og_title":"CANICULE &#8226; Mairie de Soisy-Bouy","og_description":"Site internet officiel de la mairie de Soisy-Bouy.","og_url":"https:\/\/www.mairie-soisybouy.fr\/index.php\/canicule\/","og_site_name":"Mairie de Soisy-Bouy","article_modified_time":"2023-06-15T13:45:01+00:00","og_image":[{"url":"https:\/\/www.mairie-soisybouy.fr\/wp-content\/uploads\/2020\/07\/2017-plan-national-canicule_SPF_0-SOISY-BOUY.png"}],"twitter_card":"summary_large_image","twitter_misc":{"Dur\u00e9e de lecture estim\u00e9e":"1 minute"},"schema":{"@context":"https:\/\/schema.org","@graph":[{"@type":"WebPage","@id":"https:\/\/www.mairie-soisybouy.fr\/index.php\/canicule\/","url":"https:\/\/www.mairie-soisybouy.fr\/index.php\/canicule\/","name":"CANICULE &#8226; Mairie de Soisy-Bouy","isPartOf":{"@id":"https:\/\/www.mairie-soisybouy.fr\/#website"},"primaryImageOfPage":{"@id":"https:\/\/www.mairie-soisybouy.fr\/index.php\/canicule\/#primaryimage"},"image":{"@id":"https:\/\/www.mairie-soisybouy.fr\/index.php\/canicule\/#primaryimage"},"thumbnailUrl":"https:\/\/www.mairie-soisybouy.fr\/wp-content\/uploads\/2020\/07\/2017-plan-national-canicule_SPF_0-SOISY-BOUY.png","datePublished":"2020-07-23T06:57:00+00:00","dateModified":"2023-06-15T13:45:01+00:00","description":"Site internet officiel de la mairie de Soisy-Bouy.","breadcrumb":{"@id":"https:\/\/www.mairie-soisybouy.fr\/index.php\/canicule\/#breadcrumb"},"inLanguage":"fr-FR","potentialAction":[{"@type":"ReadAction","target":["https:\/\/www.mairie-soisybouy.fr\/index.php\/canicule\/"]}]},{"@type":"ImageObject","inLanguage":"fr-FR","@id":"https:\/\/www.mairie-soisybouy.fr\/index.php\/canicule\/#primaryimage","url":"https:\/\/www.mairie-soisybouy.fr\/wp-content\/uploads\/2020\/07\/2017-plan-national-canicule_SPF_0-SOISY-BOUY.png","contentUrl":"https:\/\/www.mairie-soisybouy.fr\/wp-content\/uploads\/2020\/07\/2017-plan-national-canicule_SPF_0-SOISY-BOUY.png","width":1024,"height":1024},{"@type":"BreadcrumbList","@id":"https:\/\/www.mairie-soisybouy.fr\/index.php\/canicule\/#breadcrumb","itemListElement":[{"@type":"ListItem","position":1,"name":"Accueil","item":"https:\/\/www.mairie-soisybouy.fr\/"},{"@type":"ListItem","position":2,"name":"CANICULE"}]},{"@type":"WebSite","@id":"https:\/\/www.mairie-soisybouy.fr\/#website","url":"https:\/\/www.mairie-soisybouy.fr\/","name":"Mairie de Soisy-Bouy","description":"","publisher":{"@id":"https:\/\/www.mairie-soisybouy.fr\/#organization"},"potentialAction":[{"@type":"SearchAction","target":{"@type":"EntryPoint","urlTemplate":"https:\/\/www.mairie-soisybouy.fr\/?s={search_term_string}"},"query-input":"required name=search_term_string"}],"inLanguage":"fr-FR"},{"@type":"Organization","@id":"https:\/\/www.mairie-soisybouy.fr\/#organization","name":"Mairie de Soisy-Bouy","url":"https:\/\/www.mairie-soisybouy.fr\/","logo":{"@type":"ImageObject","inLanguage":"fr-FR","@id":"https:\/\/www.mairie-soisybouy.fr\/#\/schema\/logo\/image\/","url":"https:\/\/www.mairie-soisybouy.fr\/wp-content\/uploads\/2019\/05\/logomodif.png","contentUrl":"https:\/\/www.mairie-soisybouy.fr\/wp-content\/uploads\/2019\/05\/logomodif.png","width":347,"height":392,"caption":"Mairie de Soisy-Bouy"},"image":{"@id":"https:\/\/www.mairie-soisybouy.fr\/#\/schema\/logo\/image\/"}}]}},"_links":{"self":[{"href":"https:\/\/www.mairie-soisybouy.fr\/index.php\/wp-json\/wp\/v2\/pages\/1595","targetHints":{"allow":["GET"]}}],"collection":[{"href":"https:\/\/www.mairie-soisybouy.fr\/index.php\/wp-json\/wp\/v2\/pages"}],"about":[{"href":"https:\/\/www.mairie-soisybouy.fr\/index.php\/wp-json\/wp\/v2\/types\/page"}],"author":[{"embeddable":true,"href":"https:\/\/www.mairie-soisybouy.fr\/index.php\/wp-json\/wp\/v2\/users\/2"}],"replies":[{"embeddable":true,"href":"https:\/\/www.mairie-soisybouy.fr\/index.php\/wp-json\/wp\/v2\/comments?post=1595"}],"version-history":[{"count":16,"href":"https:\/\/www.mairie-soisybouy.fr\/index.php\/wp-json\/wp\/v2\/pages\/1595\/revisions"}],"predecessor-version":[{"id":2196,"href":"https:\/\/www.mairie-soisybouy.fr\/index.php\/wp-json\/wp\/v2\/pages\/1595\/revisions\/2196"}],"wp:attachment":[{"href":"https:\/\/www.mairie-soisybouy.fr\/index.php\/wp-json\/wp\/v2\/media?parent=1595"}],"curies":[{"name":"wp","href":"https:\/\/api.w.org\/{rel}","templated":true}]}}