{"id":183,"date":"2019-05-27T16:58:54","date_gmt":"2019-05-27T14:58:54","guid":{"rendered":"http:\/\/mairie-soisybouy.fr\/?page_id=183"},"modified":"2019-06-26T09:10:14","modified_gmt":"2019-06-26T07:10:14","slug":"le-rsa-2","status":"publish","type":"page","link":"https:\/\/www.mairie-soisybouy.fr\/index.php\/le-rsa-2\/","title":{"rendered":"Le RSA"},"content":{"rendered":"<div id=\"builder-module-5487032f2927c\" class=\"module rich-text\">\n<h2 style=\"text-align: justify;\"><strong>Le revenu de solidarit\u00e9 active<\/strong><\/h2>\n<\/div>\n<div id=\"builder-module-5487032275bf8\" class=\"module rich-text\" style=\"text-align: justify;\">\n<div id=\"c108\" class=\"csc-default\">\n<div class=\"csc-textpic-text\">\n<p><strong>Revenu de solidarit\u00e9 active (RSA)<\/strong><\/p>\n<p>Le revenu de solidarit\u00e9 active (RSA) assure aux personnes sans ressources un niveau minimum de revenu variable selon la composition du foyer. Le RSA est ouvert, sous certaines conditions, aux personnes \u00e2g\u00e9es d\u2019au moins 25 ans et aux personnes \u00e2g\u00e9es de 18 \u00e0 24 ans si elles sont parents isol\u00e9s ou justifient d\u2019une certaine dur\u00e9e d\u2019activit\u00e9 professionnelle.<\/p>\n<p>&nbsp;<\/p>\n<h2><u>\u00c9volution du RSA (une personne)<\/u><\/h2>\n<table>\n<thead>\n<tr>\n<td colspan=\"2\"><\/td>\n<\/tr>\n<tr>\n<td><strong>Ann\u00e9e\u00a0<\/strong><\/td>\n<td><strong>\u00a0Montant du RSA<\/strong><\/td>\n<\/tr>\n<\/thead>\n<tbody>\n<tr>\n<td>2016<\/td>\n<td>524,68\u00a0\u20ac depuis le 1<sup>er<\/sup>\u00a0avril 2016<\/p>\n<p>524,16\u00a0\u20ac de janvier \u00e0 mars<\/td>\n<\/tr>\n<tr>\n<td>2015<\/td>\n<td>524,16\u00a0\u20ac de septembre \u00e0 d\u00e9cembre<\/p>\n<p>513,88\u00a0\u20ac de janvier \u00e0 ao\u00fbt<\/td>\n<\/tr>\n<tr>\n<td>2014<\/td>\n<td>509,30\u00a0\u20ac de septembre \u00e0 d\u00e9cembre<\/p>\n<p>499,30\u00a0\u20ac de janvier \u00e0 ao\u00fbt<\/td>\n<\/tr>\n<\/tbody>\n<\/table>\n<p>Pour en savoir plus et acc\u00e9der au formulaire en ligne, se rendre sur :\u00a0<span style=\"color: #7aa228;\"><a style=\"color: #7aa228;\" href=\"http:\/\/vosdroits.service-public.fr\/particuliers\" target=\"_blank\" rel=\"noopener noreferrer\"><strong>http:\/\/vosdroits.service-public.fr\/particuliers<\/strong><\/a><\/span>\u00a0et choisir \u00ab\u00a0social\/sant\u00e9\u00a0\u00bb<\/p>\n<\/div>\n<\/div>\n<\/div>\n<hr class=\"tall\" \/>\n<div id=\"builder-module-57bc0e0c6ad78\" class=\"module rich-text\" style=\"text-align: justify;\">\n<h2><strong>Prime d\u2019activit\u00e9<\/strong><\/h2>\n<\/div>\n<div id=\"builder-module-57bc0df4b8b76\" class=\"module rich-text\">\n<p style=\"text-align: justify;\">La prime d\u2019activit\u00e9 est vers\u00e9e pour la premi\u00e8re fois vendredi\u00a05\u00a0f\u00e9vrier\u00a02016. Elle est entr\u00e9e en vigueur le 1er\u00a0janvier\u00a02016. Elle remplace le RSA activit\u00e9 et la prime pour l\u2019emploi (PPE).<\/p>\n<p style=\"text-align: justify;\"><strong>\u00c0 quelles conditions\u00a0?<\/strong><\/p>\n<ul style=\"text-align: justify;\">\n<li>avoir au moins 18\u00a0ans ;<\/li>\n<li>\u00eatre de nationalit\u00e9 fran\u00e7aise, ressortissant de l\u2019Espace \u00e9conomique europ\u00e9en ou de la Suisse ou pour les autres nationalit\u00e9s \u00eatre depuis au moins cinq ans en situation r\u00e9guli\u00e8re en France ;<\/li>\n<li>r\u00e9sider en France ;<\/li>\n<li>ne pas \u00eatre travailleur d\u00e9tach\u00e9 en France ;<\/li>\n<li>\u00eatre salari\u00e9 ou travailleur ind\u00e9pendant ;<\/li>\n<li>pour les salari\u00e9s, percevoir un salaire inf\u00e9rieur \u00e0 1\u00a0500\u00a0\u20ac net par mois (montant pour une personne seule) ;<\/li>\n<li>attention, pour les \u00e9tudiants salari\u00e9s et les apprentis, sous certaines conditions : percevoir durant au moins trois mois, un salaire minimum mensuel d\u2019environ 890\u00a0\u20ac net.<\/li>\n<\/ul>\n<p style=\"text-align: justify;\"><strong>Comment la prime est-elle calcul\u00e9e, quand est-elle vers\u00e9e\u00a0?<\/strong><\/p>\n<ul style=\"text-align: justify;\">\n<li>le montant de la prime d\u2019activit\u00e9 est calcul\u00e9 et fix\u00e9 pour une p\u00e9riode de 3\u00a0mois, sur la base des revenus du trimestre pr\u00e9c\u00e9dent, de la composition et des ressources du foyer. Il ne varie pas en fonction des changements de situation familiale et professionnelle survenant durant ces 3\u00a0mois ;<\/li>\n<li>la prime d\u2019activit\u00e9 est vers\u00e9e chaque mois (le 5\u00a0du mois suivant).<\/li>\n<\/ul>\n<p style=\"text-align: justify;\"><strong>Quelles sont les d\u00e9marches \u00e0 faire\u00a0?<\/strong><\/p>\n<p style=\"text-align: justify;\">Vous pouvez d\u00e9poser en ligne votre demande de prime d\u2019activit\u00e9 soit sur le site web de la caisse d\u2019allocations familiales (Caf), soit sur celui de la caisse de mutualit\u00e9 sociale agricole (MSA).<\/p>\n<p style=\"text-align: justify;\">Pour plus de renseignements se rendre sur le site\u00a0:\u00a0<strong><span style=\"color: #7aa228;\"><a style=\"color: #7aa228;\" href=\"http:\/\/vosdroits.service-public.fr\/particuliers\">http:\/\/vosdroits.service-public.fr\/particuliers<\/a><\/span><\/strong>\u00a0et choisir \u00ab\u00a0social\/sant\u00e9\u00a0\u00bb<\/p>\n<\/div>\n","protected":false},"excerpt":{"rendered":"<p>Le revenu de solidarit\u00e9 active Revenu de solidarit\u00e9 active (RSA) Le revenu de solidarit\u00e9 active (RSA) assure aux personnes sans ressources un niveau minimum de revenu variable selon la composition du foyer. Le RSA est ouvert, sous certaines conditions, aux personnes \u00e2g\u00e9es d\u2019au moins 25 ans et aux personnes \u00e2g\u00e9es de 18 \u00e0 24 ans [&hellip;]<\/p>\n","protected":false},"author":1,"featured_media":0,"parent":0,"menu_order":0,"comment_status":"closed","ping_status":"closed","template":"","meta":{"footnotes":""},"class_list":["post-183","page","type-page","status-publish","hentry"],"yoast_head":"<!-- This site is optimized with the Yoast SEO plugin v27.3 - https:\/\/yoast.com\/product\/yoast-seo-wordpress\/ -->\n<title>Le RSA &#8226; Mairie de Soisy-Bouy<\/title>\n<meta name=\"description\" content=\"Site internet officiel de la mairie de Soisy-Bouy.\" \/>\n<meta name=\"robots\" content=\"index, follow, max-snippet:-1, max-image-preview:large, max-video-preview:-1\" \/>\n<link rel=\"canonical\" href=\"https:\/\/www.mairie-soisybouy.fr\/index.php\/le-rsa-2\/\" \/>\n<meta property=\"og:locale\" content=\"fr_FR\" \/>\n<meta property=\"og:type\" content=\"article\" \/>\n<meta property=\"og:title\" content=\"Le RSA &#8226; Mairie de Soisy-Bouy\" \/>\n<meta property=\"og:description\" content=\"Site internet officiel de la mairie de Soisy-Bouy.\" \/>\n<meta property=\"og:url\" content=\"https:\/\/www.mairie-soisybouy.fr\/index.php\/le-rsa-2\/\" \/>\n<meta property=\"og:site_name\" content=\"Mairie de Soisy-Bouy\" \/>\n<meta property=\"article:modified_time\" content=\"2019-06-26T07:10:14+00:00\" \/>\n<meta name=\"twitter:card\" content=\"summary_large_image\" \/>\n<meta name=\"twitter:label1\" content=\"Dur\u00e9e de lecture estim\u00e9e\" \/>\n\t<meta name=\"twitter:data1\" content=\"2 minutes\" \/>\n<script type=\"application\/ld+json\" class=\"yoast-schema-graph\">{\"@context\":\"https:\\\/\\\/schema.org\",\"@graph\":[{\"@type\":\"WebPage\",\"@id\":\"https:\\\/\\\/www.mairie-soisybouy.fr\\\/index.php\\\/le-rsa-2\\\/\",\"url\":\"https:\\\/\\\/www.mairie-soisybouy.fr\\\/index.php\\\/le-rsa-2\\\/\",\"name\":\"Le RSA &#8226; Mairie de Soisy-Bouy\",\"isPartOf\":{\"@id\":\"https:\\\/\\\/www.mairie-soisybouy.fr\\\/#website\"},\"datePublished\":\"2019-05-27T14:58:54+00:00\",\"dateModified\":\"2019-06-26T07:10:14+00:00\",\"description\":\"Site internet officiel de la mairie de Soisy-Bouy.\",\"breadcrumb\":{\"@id\":\"https:\\\/\\\/www.mairie-soisybouy.fr\\\/index.php\\\/le-rsa-2\\\/#breadcrumb\"},\"inLanguage\":\"fr-FR\",\"potentialAction\":[{\"@type\":\"ReadAction\",\"target\":[\"https:\\\/\\\/www.mairie-soisybouy.fr\\\/index.php\\\/le-rsa-2\\\/\"]}]},{\"@type\":\"BreadcrumbList\",\"@id\":\"https:\\\/\\\/www.mairie-soisybouy.fr\\\/index.php\\\/le-rsa-2\\\/#breadcrumb\",\"itemListElement\":[{\"@type\":\"ListItem\",\"position\":1,\"name\":\"Accueil\",\"item\":\"https:\\\/\\\/www.mairie-soisybouy.fr\\\/\"},{\"@type\":\"ListItem\",\"position\":2,\"name\":\"Le RSA\"}]},{\"@type\":\"WebSite\",\"@id\":\"https:\\\/\\\/www.mairie-soisybouy.fr\\\/#website\",\"url\":\"https:\\\/\\\/www.mairie-soisybouy.fr\\\/\",\"name\":\"Mairie de Soisy-Bouy\",\"description\":\"\",\"publisher\":{\"@id\":\"https:\\\/\\\/www.mairie-soisybouy.fr\\\/#organization\"},\"potentialAction\":[{\"@type\":\"SearchAction\",\"target\":{\"@type\":\"EntryPoint\",\"urlTemplate\":\"https:\\\/\\\/www.mairie-soisybouy.fr\\\/?s={search_term_string}\"},\"query-input\":{\"@type\":\"PropertyValueSpecification\",\"valueRequired\":true,\"valueName\":\"search_term_string\"}}],\"inLanguage\":\"fr-FR\"},{\"@type\":\"Organization\",\"@id\":\"https:\\\/\\\/www.mairie-soisybouy.fr\\\/#organization\",\"name\":\"Mairie de Soisy-Bouy\",\"url\":\"https:\\\/\\\/www.mairie-soisybouy.fr\\\/\",\"logo\":{\"@type\":\"ImageObject\",\"inLanguage\":\"fr-FR\",\"@id\":\"https:\\\/\\\/www.mairie-soisybouy.fr\\\/#\\\/schema\\\/logo\\\/image\\\/\",\"url\":\"https:\\\/\\\/www.mairie-soisybouy.fr\\\/wp-content\\\/uploads\\\/2019\\\/05\\\/logomodif.png\",\"contentUrl\":\"https:\\\/\\\/www.mairie-soisybouy.fr\\\/wp-content\\\/uploads\\\/2019\\\/05\\\/logomodif.png\",\"width\":347,\"height\":392,\"caption\":\"Mairie de Soisy-Bouy\"},\"image\":{\"@id\":\"https:\\\/\\\/www.mairie-soisybouy.fr\\\/#\\\/schema\\\/logo\\\/image\\\/\"}}]}<\/script>\n<!-- \/ Yoast SEO plugin. -->","yoast_head_json":{"title":"Le RSA &#8226; Mairie de Soisy-Bouy","description":"Site internet officiel de la mairie de Soisy-Bouy.","robots":{"index":"index","follow":"follow","max-snippet":"max-snippet:-1","max-image-preview":"max-image-preview:large","max-video-preview":"max-video-preview:-1"},"canonical":"https:\/\/www.mairie-soisybouy.fr\/index.php\/le-rsa-2\/","og_locale":"fr_FR","og_type":"article","og_title":"Le RSA &#8226; Mairie de Soisy-Bouy","og_description":"Site internet officiel de la mairie de Soisy-Bouy.","og_url":"https:\/\/www.mairie-soisybouy.fr\/index.php\/le-rsa-2\/","og_site_name":"Mairie de Soisy-Bouy","article_modified_time":"2019-06-26T07:10:14+00:00","twitter_card":"summary_large_image","twitter_misc":{"Dur\u00e9e de lecture estim\u00e9e":"2 minutes"},"schema":{"@context":"https:\/\/schema.org","@graph":[{"@type":"WebPage","@id":"https:\/\/www.mairie-soisybouy.fr\/index.php\/le-rsa-2\/","url":"https:\/\/www.mairie-soisybouy.fr\/index.php\/le-rsa-2\/","name":"Le RSA &#8226; Mairie de Soisy-Bouy","isPartOf":{"@id":"https:\/\/www.mairie-soisybouy.fr\/#website"},"datePublished":"2019-05-27T14:58:54+00:00","dateModified":"2019-06-26T07:10:14+00:00","description":"Site internet officiel de la mairie de Soisy-Bouy.","breadcrumb":{"@id":"https:\/\/www.mairie-soisybouy.fr\/index.php\/le-rsa-2\/#breadcrumb"},"inLanguage":"fr-FR","potentialAction":[{"@type":"ReadAction","target":["https:\/\/www.mairie-soisybouy.fr\/index.php\/le-rsa-2\/"]}]},{"@type":"BreadcrumbList","@id":"https:\/\/www.mairie-soisybouy.fr\/index.php\/le-rsa-2\/#breadcrumb","itemListElement":[{"@type":"ListItem","position":1,"name":"Accueil","item":"https:\/\/www.mairie-soisybouy.fr\/"},{"@type":"ListItem","position":2,"name":"Le RSA"}]},{"@type":"WebSite","@id":"https:\/\/www.mairie-soisybouy.fr\/#website","url":"https:\/\/www.mairie-soisybouy.fr\/","name":"Mairie de Soisy-Bouy","description":"","publisher":{"@id":"https:\/\/www.mairie-soisybouy.fr\/#organization"},"potentialAction":[{"@type":"SearchAction","target":{"@type":"EntryPoint","urlTemplate":"https:\/\/www.mairie-soisybouy.fr\/?s={search_term_string}"},"query-input":{"@type":"PropertyValueSpecification","valueRequired":true,"valueName":"search_term_string"}}],"inLanguage":"fr-FR"},{"@type":"Organization","@id":"https:\/\/www.mairie-soisybouy.fr\/#organization","name":"Mairie de Soisy-Bouy","url":"https:\/\/www.mairie-soisybouy.fr\/","logo":{"@type":"ImageObject","inLanguage":"fr-FR","@id":"https:\/\/www.mairie-soisybouy.fr\/#\/schema\/logo\/image\/","url":"https:\/\/www.mairie-soisybouy.fr\/wp-content\/uploads\/2019\/05\/logomodif.png","contentUrl":"https:\/\/www.mairie-soisybouy.fr\/wp-content\/uploads\/2019\/05\/logomodif.png","width":347,"height":392,"caption":"Mairie de Soisy-Bouy"},"image":{"@id":"https:\/\/www.mairie-soisybouy.fr\/#\/schema\/logo\/image\/"}}]}},"_links":{"self":[{"href":"https:\/\/www.mairie-soisybouy.fr\/index.php\/wp-json\/wp\/v2\/pages\/183","targetHints":{"allow":["GET"]}}],"collection":[{"href":"https:\/\/www.mairie-soisybouy.fr\/index.php\/wp-json\/wp\/v2\/pages"}],"about":[{"href":"https:\/\/www.mairie-soisybouy.fr\/index.php\/wp-json\/wp\/v2\/types\/page"}],"author":[{"embeddable":true,"href":"https:\/\/www.mairie-soisybouy.fr\/index.php\/wp-json\/wp\/v2\/users\/1"}],"replies":[{"embeddable":true,"href":"https:\/\/www.mairie-soisybouy.fr\/index.php\/wp-json\/wp\/v2\/comments?post=183"}],"version-history":[{"count":4,"href":"https:\/\/www.mairie-soisybouy.fr\/index.php\/wp-json\/wp\/v2\/pages\/183\/revisions"}],"predecessor-version":[{"id":733,"href":"https:\/\/www.mairie-soisybouy.fr\/index.php\/wp-json\/wp\/v2\/pages\/183\/revisions\/733"}],"wp:attachment":[{"href":"https:\/\/www.mairie-soisybouy.fr\/index.php\/wp-json\/wp\/v2\/media?parent=183"}],"curies":[{"name":"wp","href":"https:\/\/api.w.org\/{rel}","templated":true}]}}