{"id":200,"date":"2019-05-27T17:02:28","date_gmt":"2019-05-27T15:02:28","guid":{"rendered":"http:\/\/mairie-soisybouy.fr\/?page_id=200"},"modified":"2026-03-29T16:27:16","modified_gmt":"2026-03-29T14:27:16","slug":"lecole","status":"publish","type":"page","link":"https:\/\/www.mairie-soisybouy.fr\/index.php\/lecole\/","title":{"rendered":"Ecoles -RPI : S.I.R.P.S.B.E.C"},"content":{"rendered":"<p style=\"text-align: center;\"><span style=\"color: #0000ff;\"><strong>S<\/strong><\/span>YNDICAT<span style=\"color: #0000ff;\"><strong> I<\/strong><\/span>NTERCOMMUNAL DU<span style=\"color: #0000ff;\"><strong> R<\/strong><\/span>EGROUPEMENT<span style=\"color: #0000ff;\"><strong> P<\/strong><\/span>\u00c9DAGOGIQUE<span style=\"color: #0000ff;\"><strong> S<\/strong><\/span>OISY<strong>&#8211;<span style=\"color: #0000ff;\">B<\/span><\/strong>OUY<\/p>\n<p style=\"text-align: center;\"><span style=\"color: #0000ff;\"><strong>E<\/strong><\/span>T<span style=\"color: #0000ff;\"><strong> C<\/strong><\/span>HALAUTRE LA PETITE<\/p>\n<p style=\"text-align: center;\"><strong><span style=\"color: #0000ff;\">S.I.R.P.S.B.E.C<\/span><\/strong><\/p>\n<p style=\"text-align: left;\">SI\u00c8GE :19, rue de la maire &#8211; 77650 Soisy-Bouy<\/p>\n<p style=\"text-align: left;\">\ud83d\udcde : 01.64.00.39.79<\/p>\n<p style=\"text-align: left;\"><strong>\u00a0<\/strong><strong>\ud83d\udce7<\/strong><strong>Mail<\/strong> : secretariat@sirpsbec.fr<\/p>\n<ul>\n<li>Le syndicat est une structure financ\u00e9e par les deux mairies, g\u00e9r\u00e9e par les \u00e9lus des deux communes qui met \u00e0 la disposition des parents d&rsquo;\u00e9l\u00e8ves de Soisy-Bouy et de Chalautre la Petite :<\/li>\n<\/ul>\n<p>&#8211;\u00a0 \u00a0 \u00a0 \u00a0 un<strong> service de cantine\u00a0<\/strong>les lundi, mardi, jeudi et vendredi de 11 heures 30 \u00e0 13 heures 30,<\/p>\n<p>&#8211;\u00a0 \u00a0 \u00a0 \u00a0 un <strong>service de garderie<\/strong> \u00e0 Chalautre la Petite et une garderie \u00e0 Soisy-Bouy d\u00e8s 7h30 le matin et le soir jusqu&rsquo;\u00e0 18h30.<\/p>\n<p>&#8211;\u00a0 \u00a0 \u00a0 \u00a0 une <strong>\u00e9tude surveill\u00e9e,<\/strong> encadr\u00e9e par des enseignants, pour les enfants de l&rsquo;\u00e9cole primaire.<\/p>\n<p style=\"text-align: center;\"><span style=\"color: #000080;\">Pour tous renseignements ou inscription \u00e0 l&rsquo;un de ces services, veuillez appeler au secr\u00e9tariat.<\/span><\/p>\n<ul>\n<li>Le syndicat est le lien avec le transporteur scolaire.<\/li>\n<li>Le syndicat offre aux enfants du mat\u00e9riel pour les \u00e9coles (ordinateurs,v\u00e9los,&#8230;) et garderies, le spectacle et les cadeaux de No\u00ebl, des livres, le transport pour les s\u00e9ances piscines ou encore le voyage de fin d&rsquo;ann\u00e9e&#8230;<\/li>\n<\/ul>\n<p style=\"text-align: center;\"><strong>Pour toute communication \u00e9crite avec le S.I.R.P.S.B.E.C, des boites aux lettres sont \u00e0 votre disposition \u00e0 Chalautre la Petite, \u00e0 la porte d&rsquo;entr\u00e9e de la garderie, et \u00e0 Soisy-Bouy \u00e0 la mairie.<\/strong><\/p>\n<p>&nbsp;<\/p>\n","protected":false},"excerpt":{"rendered":"<p>SYNDICAT INTERCOMMUNAL DU REGROUPEMENT P\u00c9DAGOGIQUE SOISY&#8211;BOUY ET CHALAUTRE LA PETITE S.I.R.P.S.B.E.C SI\u00c8GE :19, rue de la maire &#8211; 77650 Soisy-Bouy \ud83d\udcde : 01.64.00.39.79 \u00a0\ud83d\udce7Mail : secretariat@sirpsbec.fr Le syndicat est une structure financ\u00e9e par les deux mairies, g\u00e9r\u00e9e par les \u00e9lus des deux communes qui met \u00e0 la disposition des parents d&rsquo;\u00e9l\u00e8ves de Soisy-Bouy et de [&hellip;]<\/p>\n","protected":false},"author":1,"featured_media":0,"parent":0,"menu_order":0,"comment_status":"closed","ping_status":"closed","template":"","meta":{"footnotes":""},"class_list":["post-200","page","type-page","status-publish","hentry"],"yoast_head":"<!-- This site is optimized with the Yoast SEO plugin v22.3 - https:\/\/yoast.com\/wordpress\/plugins\/seo\/ -->\n<title>Ecoles -RPI : S.I.R.P.S.B.E.C &#8226; Mairie de Soisy-Bouy<\/title>\n<meta name=\"description\" content=\"Site internet officiel de la mairie de Soisy-Bouy.\" \/>\n<meta name=\"robots\" content=\"index, follow, max-snippet:-1, max-image-preview:large, max-video-preview:-1\" \/>\n<link rel=\"canonical\" href=\"https:\/\/www.mairie-soisybouy.fr\/index.php\/lecole\/\" \/>\n<meta property=\"og:locale\" content=\"fr_FR\" \/>\n<meta property=\"og:type\" content=\"article\" \/>\n<meta property=\"og:title\" content=\"Ecoles -RPI : S.I.R.P.S.B.E.C &#8226; Mairie de Soisy-Bouy\" \/>\n<meta property=\"og:description\" content=\"Site internet officiel de la mairie de Soisy-Bouy.\" \/>\n<meta property=\"og:url\" content=\"https:\/\/www.mairie-soisybouy.fr\/index.php\/lecole\/\" \/>\n<meta property=\"og:site_name\" content=\"Mairie de Soisy-Bouy\" \/>\n<meta property=\"article:modified_time\" content=\"2026-03-29T14:27:16+00:00\" \/>\n<meta name=\"twitter:card\" content=\"summary_large_image\" \/>\n<meta name=\"twitter:label1\" content=\"Dur\u00e9e de lecture estim\u00e9e\" \/>\n\t<meta name=\"twitter:data1\" content=\"2 minutes\" \/>\n<script type=\"application\/ld+json\" class=\"yoast-schema-graph\">{\"@context\":\"https:\/\/schema.org\",\"@graph\":[{\"@type\":\"WebPage\",\"@id\":\"https:\/\/www.mairie-soisybouy.fr\/index.php\/lecole\/\",\"url\":\"https:\/\/www.mairie-soisybouy.fr\/index.php\/lecole\/\",\"name\":\"Ecoles -RPI : S.I.R.P.S.B.E.C &#8226; Mairie de Soisy-Bouy\",\"isPartOf\":{\"@id\":\"https:\/\/www.mairie-soisybouy.fr\/#website\"},\"datePublished\":\"2019-05-27T15:02:28+00:00\",\"dateModified\":\"2026-03-29T14:27:16+00:00\",\"description\":\"Site internet officiel de la mairie de Soisy-Bouy.\",\"breadcrumb\":{\"@id\":\"https:\/\/www.mairie-soisybouy.fr\/index.php\/lecole\/#breadcrumb\"},\"inLanguage\":\"fr-FR\",\"potentialAction\":[{\"@type\":\"ReadAction\",\"target\":[\"https:\/\/www.mairie-soisybouy.fr\/index.php\/lecole\/\"]}]},{\"@type\":\"BreadcrumbList\",\"@id\":\"https:\/\/www.mairie-soisybouy.fr\/index.php\/lecole\/#breadcrumb\",\"itemListElement\":[{\"@type\":\"ListItem\",\"position\":1,\"name\":\"Accueil\",\"item\":\"https:\/\/www.mairie-soisybouy.fr\/\"},{\"@type\":\"ListItem\",\"position\":2,\"name\":\"Ecoles -RPI : S.I.R.P.S.B.E.C\"}]},{\"@type\":\"WebSite\",\"@id\":\"https:\/\/www.mairie-soisybouy.fr\/#website\",\"url\":\"https:\/\/www.mairie-soisybouy.fr\/\",\"name\":\"Mairie de Soisy-Bouy\",\"description\":\"\",\"publisher\":{\"@id\":\"https:\/\/www.mairie-soisybouy.fr\/#organization\"},\"potentialAction\":[{\"@type\":\"SearchAction\",\"target\":{\"@type\":\"EntryPoint\",\"urlTemplate\":\"https:\/\/www.mairie-soisybouy.fr\/?s={search_term_string}\"},\"query-input\":\"required name=search_term_string\"}],\"inLanguage\":\"fr-FR\"},{\"@type\":\"Organization\",\"@id\":\"https:\/\/www.mairie-soisybouy.fr\/#organization\",\"name\":\"Mairie de Soisy-Bouy\",\"url\":\"https:\/\/www.mairie-soisybouy.fr\/\",\"logo\":{\"@type\":\"ImageObject\",\"inLanguage\":\"fr-FR\",\"@id\":\"https:\/\/www.mairie-soisybouy.fr\/#\/schema\/logo\/image\/\",\"url\":\"https:\/\/www.mairie-soisybouy.fr\/wp-content\/uploads\/2019\/05\/logomodif.png\",\"contentUrl\":\"https:\/\/www.mairie-soisybouy.fr\/wp-content\/uploads\/2019\/05\/logomodif.png\",\"width\":347,\"height\":392,\"caption\":\"Mairie de Soisy-Bouy\"},\"image\":{\"@id\":\"https:\/\/www.mairie-soisybouy.fr\/#\/schema\/logo\/image\/\"}}]}<\/script>\n<!-- \/ Yoast SEO plugin. -->","yoast_head_json":{"title":"Ecoles -RPI : S.I.R.P.S.B.E.C &#8226; Mairie de Soisy-Bouy","description":"Site internet officiel de la mairie de Soisy-Bouy.","robots":{"index":"index","follow":"follow","max-snippet":"max-snippet:-1","max-image-preview":"max-image-preview:large","max-video-preview":"max-video-preview:-1"},"canonical":"https:\/\/www.mairie-soisybouy.fr\/index.php\/lecole\/","og_locale":"fr_FR","og_type":"article","og_title":"Ecoles -RPI : S.I.R.P.S.B.E.C &#8226; Mairie de Soisy-Bouy","og_description":"Site internet officiel de la mairie de Soisy-Bouy.","og_url":"https:\/\/www.mairie-soisybouy.fr\/index.php\/lecole\/","og_site_name":"Mairie de Soisy-Bouy","article_modified_time":"2026-03-29T14:27:16+00:00","twitter_card":"summary_large_image","twitter_misc":{"Dur\u00e9e de lecture estim\u00e9e":"2 minutes"},"schema":{"@context":"https:\/\/schema.org","@graph":[{"@type":"WebPage","@id":"https:\/\/www.mairie-soisybouy.fr\/index.php\/lecole\/","url":"https:\/\/www.mairie-soisybouy.fr\/index.php\/lecole\/","name":"Ecoles -RPI : S.I.R.P.S.B.E.C &#8226; Mairie de Soisy-Bouy","isPartOf":{"@id":"https:\/\/www.mairie-soisybouy.fr\/#website"},"datePublished":"2019-05-27T15:02:28+00:00","dateModified":"2026-03-29T14:27:16+00:00","description":"Site internet officiel de la mairie de Soisy-Bouy.","breadcrumb":{"@id":"https:\/\/www.mairie-soisybouy.fr\/index.php\/lecole\/#breadcrumb"},"inLanguage":"fr-FR","potentialAction":[{"@type":"ReadAction","target":["https:\/\/www.mairie-soisybouy.fr\/index.php\/lecole\/"]}]},{"@type":"BreadcrumbList","@id":"https:\/\/www.mairie-soisybouy.fr\/index.php\/lecole\/#breadcrumb","itemListElement":[{"@type":"ListItem","position":1,"name":"Accueil","item":"https:\/\/www.mairie-soisybouy.fr\/"},{"@type":"ListItem","position":2,"name":"Ecoles -RPI : S.I.R.P.S.B.E.C"}]},{"@type":"WebSite","@id":"https:\/\/www.mairie-soisybouy.fr\/#website","url":"https:\/\/www.mairie-soisybouy.fr\/","name":"Mairie de Soisy-Bouy","description":"","publisher":{"@id":"https:\/\/www.mairie-soisybouy.fr\/#organization"},"potentialAction":[{"@type":"SearchAction","target":{"@type":"EntryPoint","urlTemplate":"https:\/\/www.mairie-soisybouy.fr\/?s={search_term_string}"},"query-input":"required name=search_term_string"}],"inLanguage":"fr-FR"},{"@type":"Organization","@id":"https:\/\/www.mairie-soisybouy.fr\/#organization","name":"Mairie de Soisy-Bouy","url":"https:\/\/www.mairie-soisybouy.fr\/","logo":{"@type":"ImageObject","inLanguage":"fr-FR","@id":"https:\/\/www.mairie-soisybouy.fr\/#\/schema\/logo\/image\/","url":"https:\/\/www.mairie-soisybouy.fr\/wp-content\/uploads\/2019\/05\/logomodif.png","contentUrl":"https:\/\/www.mairie-soisybouy.fr\/wp-content\/uploads\/2019\/05\/logomodif.png","width":347,"height":392,"caption":"Mairie de Soisy-Bouy"},"image":{"@id":"https:\/\/www.mairie-soisybouy.fr\/#\/schema\/logo\/image\/"}}]}},"_links":{"self":[{"href":"https:\/\/www.mairie-soisybouy.fr\/index.php\/wp-json\/wp\/v2\/pages\/200","targetHints":{"allow":["GET"]}}],"collection":[{"href":"https:\/\/www.mairie-soisybouy.fr\/index.php\/wp-json\/wp\/v2\/pages"}],"about":[{"href":"https:\/\/www.mairie-soisybouy.fr\/index.php\/wp-json\/wp\/v2\/types\/page"}],"author":[{"embeddable":true,"href":"https:\/\/www.mairie-soisybouy.fr\/index.php\/wp-json\/wp\/v2\/users\/1"}],"replies":[{"embeddable":true,"href":"https:\/\/www.mairie-soisybouy.fr\/index.php\/wp-json\/wp\/v2\/comments?post=200"}],"version-history":[{"count":23,"href":"https:\/\/www.mairie-soisybouy.fr\/index.php\/wp-json\/wp\/v2\/pages\/200\/revisions"}],"predecessor-version":[{"id":2521,"href":"https:\/\/www.mairie-soisybouy.fr\/index.php\/wp-json\/wp\/v2\/pages\/200\/revisions\/2521"}],"wp:attachment":[{"href":"https:\/\/www.mairie-soisybouy.fr\/index.php\/wp-json\/wp\/v2\/media?parent=200"}],"curies":[{"name":"wp","href":"https:\/\/api.w.org\/{rel}","templated":true}]}}