{"id":2082,"date":"2022-11-22T09:08:54","date_gmt":"2022-11-22T08:08:54","guid":{"rendered":"https:\/\/www.mairie-soisybouy.fr\/?page_id=2082"},"modified":"2026-04-10T09:19:27","modified_gmt":"2026-04-10T07:19:27","slug":"demande-de-subvention","status":"publish","type":"page","link":"https:\/\/www.mairie-soisybouy.fr\/index.php\/demande-de-subvention\/","title":{"rendered":"Demande de subvention"},"content":{"rendered":"<p><img loading=\"lazy\" decoding=\"async\" class=\"alignnone size-full wp-image-2689\" src=\"https:\/\/www.mairie-soisybouy.fr\/wp-content\/uploads\/2026\/04\/formulaire-pictogramme.png\" alt=\"\" width=\"148\" height=\"148\" \/><\/p>\n<p>&nbsp;<\/p>\n<p><span style=\"font-family: 'arial black', sans-serif;\">Madame, Monsieur,<\/span><\/p>\n<p><span style=\"font-family: 'arial black', sans-serif;\">A compter du 01 janvier 2023, nous vous informons que pour toutes demandes de subventions il vous faudra dor\u00e9navant <span style=\"color: #003366;\"><strong><u>obligatoirement<\/u><\/strong><\/span> remplir le formulaire<span style=\"color: #003366;\"><strong><em> \u00ab demande de subvention simplifi\u00e9e \u00bb et la \u00ab\u00a0fiche 4\u00a0\u00bb<\/em><\/strong>.<\/span> Il comporte 4 parties \u00e0 remplir.<\/span><\/p>\n<p><span style=\"font-family: 'arial black', sans-serif;\">Vous trouverez ci-dessous le r\u00e8glement d&rsquo;attribution des subventions aux associations, le formulaire de demande simplifi\u00e9 et sa fiche 4. Il vous suffit de cliquer sur les liens ci-dessous pour y acc\u00e9der.<\/span><\/p>\n<p><span style=\"font-family: 'arial black', sans-serif;\">Nous vous demandons de retourner ses documents <span style=\"color: #003366;\"><strong>au plus tard le 20 f\u00e9vrier 2026 <\/strong><\/span>soit par mail \u00e0 : accueil@mairie-soisybouy.fr ou par courrier \u00e0: Mairie, 19 rue de la Mairie 77650 Soisy-Bouy<\/span><\/p>\n<p><span style=\"font-family: 'arial black', sans-serif;\">Au-del\u00e0 de cette date aucune demande ne sera accept\u00e9e.<\/span><\/p>\n<p><span style=\"font-family: 'arial black', sans-serif;\">Nous vous remercions de votre compr\u00e9hension.<\/span><\/p>\n<p><a href=\"https:\/\/www.mairie-soisybouy.fr\/wp-content\/uploads\/2025\/11\/Demande-de-subvention-simplifiee-2026.pdf\">Demande de subvention simplifi\u00e9e 2026<\/a><\/p>\n<p><a href=\"https:\/\/www.mairie-soisybouy.fr\/wp-content\/uploads\/2025\/11\/REGLEMENT-D-ATTRIBUTION-DES-SUBVENTIONS-COMMUNALES-AUX-ASSOCIATIONS.docx.pdf\">REGLEMENT D ATTRIBUTION DES SUBVENTIONS COMMUNALES AUX ASSOCIATIONS.docx<\/a><\/p>\n<p><a href=\"https:\/\/www.mairie-soisybouy.fr\/wp-content\/uploads\/2025\/11\/Fiche-4-ATTESTATION-SUR-L-2.pdf\">Fiche 4-ATTESTATION SUR L (2)<\/a><\/p>\n","protected":false},"excerpt":{"rendered":"<p>&nbsp; Madame, Monsieur, A compter du 01 janvier 2023, nous vous informons que pour toutes demandes de subventions il vous faudra dor\u00e9navant obligatoirement remplir le formulaire \u00ab demande de subvention simplifi\u00e9e \u00bb et la \u00ab\u00a0fiche 4\u00a0\u00bb. Il comporte 4 parties \u00e0 remplir. Vous trouverez ci-dessous le r\u00e8glement d&rsquo;attribution des subventions aux associations, le formulaire de [&hellip;]<\/p>\n","protected":false},"author":2,"featured_media":0,"parent":0,"menu_order":0,"comment_status":"closed","ping_status":"closed","template":"","meta":{"footnotes":""},"class_list":["post-2082","page","type-page","status-publish","hentry"],"yoast_head":"<!-- This site is optimized with the Yoast SEO plugin v27.3 - https:\/\/yoast.com\/product\/yoast-seo-wordpress\/ -->\n<title>Demande de subvention &#8226; Mairie de Soisy-Bouy<\/title>\n<meta name=\"description\" content=\"Site internet officiel de la mairie de Soisy-Bouy.\" \/>\n<meta name=\"robots\" content=\"index, follow, max-snippet:-1, max-image-preview:large, max-video-preview:-1\" \/>\n<link rel=\"canonical\" href=\"https:\/\/www.mairie-soisybouy.fr\/index.php\/demande-de-subvention\/\" \/>\n<meta property=\"og:locale\" content=\"fr_FR\" \/>\n<meta property=\"og:type\" content=\"article\" \/>\n<meta property=\"og:title\" content=\"Demande de subvention &#8226; Mairie de Soisy-Bouy\" \/>\n<meta property=\"og:description\" content=\"Site internet officiel de la mairie de Soisy-Bouy.\" \/>\n<meta property=\"og:url\" content=\"https:\/\/www.mairie-soisybouy.fr\/index.php\/demande-de-subvention\/\" \/>\n<meta property=\"og:site_name\" content=\"Mairie de Soisy-Bouy\" \/>\n<meta property=\"article:modified_time\" content=\"2026-04-10T07:19:27+00:00\" \/>\n<meta property=\"og:image\" content=\"https:\/\/www.mairie-soisybouy.fr\/wp-content\/uploads\/2026\/04\/formulaire-pictogramme.png\" \/>\n<meta name=\"twitter:card\" content=\"summary_large_image\" \/>\n<meta name=\"twitter:label1\" content=\"Dur\u00e9e de lecture estim\u00e9e\" \/>\n\t<meta name=\"twitter:data1\" content=\"1 minute\" \/>\n<script type=\"application\/ld+json\" class=\"yoast-schema-graph\">{\"@context\":\"https:\\\/\\\/schema.org\",\"@graph\":[{\"@type\":\"WebPage\",\"@id\":\"https:\\\/\\\/www.mairie-soisybouy.fr\\\/index.php\\\/demande-de-subvention\\\/\",\"url\":\"https:\\\/\\\/www.mairie-soisybouy.fr\\\/index.php\\\/demande-de-subvention\\\/\",\"name\":\"Demande de subvention &#8226; Mairie de Soisy-Bouy\",\"isPartOf\":{\"@id\":\"https:\\\/\\\/www.mairie-soisybouy.fr\\\/#website\"},\"primaryImageOfPage\":{\"@id\":\"https:\\\/\\\/www.mairie-soisybouy.fr\\\/index.php\\\/demande-de-subvention\\\/#primaryimage\"},\"image\":{\"@id\":\"https:\\\/\\\/www.mairie-soisybouy.fr\\\/index.php\\\/demande-de-subvention\\\/#primaryimage\"},\"thumbnailUrl\":\"https:\\\/\\\/www.mairie-soisybouy.fr\\\/wp-content\\\/uploads\\\/2026\\\/04\\\/formulaire-pictogramme.png\",\"datePublished\":\"2022-11-22T08:08:54+00:00\",\"dateModified\":\"2026-04-10T07:19:27+00:00\",\"description\":\"Site internet officiel de la mairie de Soisy-Bouy.\",\"breadcrumb\":{\"@id\":\"https:\\\/\\\/www.mairie-soisybouy.fr\\\/index.php\\\/demande-de-subvention\\\/#breadcrumb\"},\"inLanguage\":\"fr-FR\",\"potentialAction\":[{\"@type\":\"ReadAction\",\"target\":[\"https:\\\/\\\/www.mairie-soisybouy.fr\\\/index.php\\\/demande-de-subvention\\\/\"]}]},{\"@type\":\"ImageObject\",\"inLanguage\":\"fr-FR\",\"@id\":\"https:\\\/\\\/www.mairie-soisybouy.fr\\\/index.php\\\/demande-de-subvention\\\/#primaryimage\",\"url\":\"https:\\\/\\\/www.mairie-soisybouy.fr\\\/wp-content\\\/uploads\\\/2026\\\/04\\\/formulaire-pictogramme.png\",\"contentUrl\":\"https:\\\/\\\/www.mairie-soisybouy.fr\\\/wp-content\\\/uploads\\\/2026\\\/04\\\/formulaire-pictogramme.png\",\"width\":148,\"height\":148},{\"@type\":\"BreadcrumbList\",\"@id\":\"https:\\\/\\\/www.mairie-soisybouy.fr\\\/index.php\\\/demande-de-subvention\\\/#breadcrumb\",\"itemListElement\":[{\"@type\":\"ListItem\",\"position\":1,\"name\":\"Accueil\",\"item\":\"https:\\\/\\\/www.mairie-soisybouy.fr\\\/\"},{\"@type\":\"ListItem\",\"position\":2,\"name\":\"Demande de subvention\"}]},{\"@type\":\"WebSite\",\"@id\":\"https:\\\/\\\/www.mairie-soisybouy.fr\\\/#website\",\"url\":\"https:\\\/\\\/www.mairie-soisybouy.fr\\\/\",\"name\":\"Mairie de Soisy-Bouy\",\"description\":\"\",\"publisher\":{\"@id\":\"https:\\\/\\\/www.mairie-soisybouy.fr\\\/#organization\"},\"potentialAction\":[{\"@type\":\"SearchAction\",\"target\":{\"@type\":\"EntryPoint\",\"urlTemplate\":\"https:\\\/\\\/www.mairie-soisybouy.fr\\\/?s={search_term_string}\"},\"query-input\":{\"@type\":\"PropertyValueSpecification\",\"valueRequired\":true,\"valueName\":\"search_term_string\"}}],\"inLanguage\":\"fr-FR\"},{\"@type\":\"Organization\",\"@id\":\"https:\\\/\\\/www.mairie-soisybouy.fr\\\/#organization\",\"name\":\"Mairie de Soisy-Bouy\",\"url\":\"https:\\\/\\\/www.mairie-soisybouy.fr\\\/\",\"logo\":{\"@type\":\"ImageObject\",\"inLanguage\":\"fr-FR\",\"@id\":\"https:\\\/\\\/www.mairie-soisybouy.fr\\\/#\\\/schema\\\/logo\\\/image\\\/\",\"url\":\"https:\\\/\\\/www.mairie-soisybouy.fr\\\/wp-content\\\/uploads\\\/2019\\\/05\\\/logomodif.png\",\"contentUrl\":\"https:\\\/\\\/www.mairie-soisybouy.fr\\\/wp-content\\\/uploads\\\/2019\\\/05\\\/logomodif.png\",\"width\":347,\"height\":392,\"caption\":\"Mairie de Soisy-Bouy\"},\"image\":{\"@id\":\"https:\\\/\\\/www.mairie-soisybouy.fr\\\/#\\\/schema\\\/logo\\\/image\\\/\"}}]}<\/script>\n<!-- \/ Yoast SEO plugin. -->","yoast_head_json":{"title":"Demande de subvention &#8226; Mairie de Soisy-Bouy","description":"Site internet officiel de la mairie de Soisy-Bouy.","robots":{"index":"index","follow":"follow","max-snippet":"max-snippet:-1","max-image-preview":"max-image-preview:large","max-video-preview":"max-video-preview:-1"},"canonical":"https:\/\/www.mairie-soisybouy.fr\/index.php\/demande-de-subvention\/","og_locale":"fr_FR","og_type":"article","og_title":"Demande de subvention &#8226; Mairie de Soisy-Bouy","og_description":"Site internet officiel de la mairie de Soisy-Bouy.","og_url":"https:\/\/www.mairie-soisybouy.fr\/index.php\/demande-de-subvention\/","og_site_name":"Mairie de Soisy-Bouy","article_modified_time":"2026-04-10T07:19:27+00:00","og_image":[{"url":"https:\/\/www.mairie-soisybouy.fr\/wp-content\/uploads\/2026\/04\/formulaire-pictogramme.png","type":"","width":"","height":""}],"twitter_card":"summary_large_image","twitter_misc":{"Dur\u00e9e de lecture estim\u00e9e":"1 minute"},"schema":{"@context":"https:\/\/schema.org","@graph":[{"@type":"WebPage","@id":"https:\/\/www.mairie-soisybouy.fr\/index.php\/demande-de-subvention\/","url":"https:\/\/www.mairie-soisybouy.fr\/index.php\/demande-de-subvention\/","name":"Demande de subvention &#8226; Mairie de Soisy-Bouy","isPartOf":{"@id":"https:\/\/www.mairie-soisybouy.fr\/#website"},"primaryImageOfPage":{"@id":"https:\/\/www.mairie-soisybouy.fr\/index.php\/demande-de-subvention\/#primaryimage"},"image":{"@id":"https:\/\/www.mairie-soisybouy.fr\/index.php\/demande-de-subvention\/#primaryimage"},"thumbnailUrl":"https:\/\/www.mairie-soisybouy.fr\/wp-content\/uploads\/2026\/04\/formulaire-pictogramme.png","datePublished":"2022-11-22T08:08:54+00:00","dateModified":"2026-04-10T07:19:27+00:00","description":"Site internet officiel de la mairie de Soisy-Bouy.","breadcrumb":{"@id":"https:\/\/www.mairie-soisybouy.fr\/index.php\/demande-de-subvention\/#breadcrumb"},"inLanguage":"fr-FR","potentialAction":[{"@type":"ReadAction","target":["https:\/\/www.mairie-soisybouy.fr\/index.php\/demande-de-subvention\/"]}]},{"@type":"ImageObject","inLanguage":"fr-FR","@id":"https:\/\/www.mairie-soisybouy.fr\/index.php\/demande-de-subvention\/#primaryimage","url":"https:\/\/www.mairie-soisybouy.fr\/wp-content\/uploads\/2026\/04\/formulaire-pictogramme.png","contentUrl":"https:\/\/www.mairie-soisybouy.fr\/wp-content\/uploads\/2026\/04\/formulaire-pictogramme.png","width":148,"height":148},{"@type":"BreadcrumbList","@id":"https:\/\/www.mairie-soisybouy.fr\/index.php\/demande-de-subvention\/#breadcrumb","itemListElement":[{"@type":"ListItem","position":1,"name":"Accueil","item":"https:\/\/www.mairie-soisybouy.fr\/"},{"@type":"ListItem","position":2,"name":"Demande de subvention"}]},{"@type":"WebSite","@id":"https:\/\/www.mairie-soisybouy.fr\/#website","url":"https:\/\/www.mairie-soisybouy.fr\/","name":"Mairie de Soisy-Bouy","description":"","publisher":{"@id":"https:\/\/www.mairie-soisybouy.fr\/#organization"},"potentialAction":[{"@type":"SearchAction","target":{"@type":"EntryPoint","urlTemplate":"https:\/\/www.mairie-soisybouy.fr\/?s={search_term_string}"},"query-input":{"@type":"PropertyValueSpecification","valueRequired":true,"valueName":"search_term_string"}}],"inLanguage":"fr-FR"},{"@type":"Organization","@id":"https:\/\/www.mairie-soisybouy.fr\/#organization","name":"Mairie de Soisy-Bouy","url":"https:\/\/www.mairie-soisybouy.fr\/","logo":{"@type":"ImageObject","inLanguage":"fr-FR","@id":"https:\/\/www.mairie-soisybouy.fr\/#\/schema\/logo\/image\/","url":"https:\/\/www.mairie-soisybouy.fr\/wp-content\/uploads\/2019\/05\/logomodif.png","contentUrl":"https:\/\/www.mairie-soisybouy.fr\/wp-content\/uploads\/2019\/05\/logomodif.png","width":347,"height":392,"caption":"Mairie de Soisy-Bouy"},"image":{"@id":"https:\/\/www.mairie-soisybouy.fr\/#\/schema\/logo\/image\/"}}]}},"_links":{"self":[{"href":"https:\/\/www.mairie-soisybouy.fr\/index.php\/wp-json\/wp\/v2\/pages\/2082","targetHints":{"allow":["GET"]}}],"collection":[{"href":"https:\/\/www.mairie-soisybouy.fr\/index.php\/wp-json\/wp\/v2\/pages"}],"about":[{"href":"https:\/\/www.mairie-soisybouy.fr\/index.php\/wp-json\/wp\/v2\/types\/page"}],"author":[{"embeddable":true,"href":"https:\/\/www.mairie-soisybouy.fr\/index.php\/wp-json\/wp\/v2\/users\/2"}],"replies":[{"embeddable":true,"href":"https:\/\/www.mairie-soisybouy.fr\/index.php\/wp-json\/wp\/v2\/comments?post=2082"}],"version-history":[{"count":9,"href":"https:\/\/www.mairie-soisybouy.fr\/index.php\/wp-json\/wp\/v2\/pages\/2082\/revisions"}],"predecessor-version":[{"id":2694,"href":"https:\/\/www.mairie-soisybouy.fr\/index.php\/wp-json\/wp\/v2\/pages\/2082\/revisions\/2694"}],"wp:attachment":[{"href":"https:\/\/www.mairie-soisybouy.fr\/index.php\/wp-json\/wp\/v2\/media?parent=2082"}],"curies":[{"name":"wp","href":"https:\/\/api.w.org\/{rel}","templated":true}]}}