{"id":2157,"date":"2023-04-12T16:11:10","date_gmt":"2023-04-12T14:11:10","guid":{"rendered":"https:\/\/www.mairie-soisybouy.fr\/?page_id=2157"},"modified":"2023-04-12T16:11:50","modified_gmt":"2023-04-12T14:11:50","slug":"les-aides-de-letat","status":"publish","type":"page","link":"https:\/\/www.mairie-soisybouy.fr\/index.php\/les-aides-de-letat\/","title":{"rendered":"Les aides de l&rsquo;Etat"},"content":{"rendered":"<div dir=\"ltr\">\n<div>\n<div>\n<div><span style=\"font-size: medium;\"><b>MaPrimeR\u00e9nov&rsquo;<\/b><\/span><\/div>\n<div><\/div>\n<div>MaPrimeR\u00e9nov&rsquo; remplace le cr\u00e9dit d&rsquo;imp\u00f4t transition \u00e9nerg\u00e9tique et les aides de l\u2019Agence nationale de l\u2019Habitat (Anah) \u00ab Habiter mieux agilit\u00e9 \u00bb. Dans le cadre du plan de relance de l&rsquo;\u00e9conomie, le dispositif a \u00e9t\u00e9 renforc\u00e9 depuis le 1er octobre 2020. MaPrimeR\u00e9nov est reconduite en 2023.<\/div>\n<div>MaPrimeR\u00e9nov\u2019 s&rsquo;adresse \u00e0 tous les m\u00e9nages, ainsi qu\u2019aux copropri\u00e9t\u00e9s et aux propri\u00e9taires bailleurs. Le montant de la prime est calcul\u00e9 en fonction des revenus et du gain \u00e9cologique des travaux.<\/div>\n<div>MaPrimeR\u00e9nov&rsquo; est ouverte \u00e0 l&rsquo;ensemble des propri\u00e9taires, quels que soient leurs revenus, qu&rsquo;ils occupent le logement \u00e0 r\u00e9nover ou le louent.<\/div>\n<div>Le logement doit \u00eatre construit depuis au moins 15 ans ou depuis au moins deux ans lors du remplacement d&rsquo;une chaudi\u00e8re au fioul.<\/div>\n<div><a href=\"https:\/\/www.maprimerenov.gouv.fr\/\" target=\"_blank\" rel=\"noopener noreferrer\">https:\/\/www.maprimerenov.gouv.fr\/<\/a><\/div>\n<div><\/div>\n<\/div>\n<div>\n<div><span style=\"font-size: medium;\"><b>Prime \u00e9nergie<\/b><\/span><\/div>\n<div>La Prime \u00e9nergie est un dispositif mis en place par l\u2019\u00c9tat pour aider les particuliers \u00e0 r\u00e9nover leur logement. Son montant peut atteindre jusqu\u2019\u00e0 4.000\u20ac et elle est financ\u00e9e par des acteurs de l\u2019\u00e9nergie ou de la grande distribution.<\/div>\n<div><a href=\"https:\/\/www.upenergie.com\/prime-energie\/\" target=\"_blank\" rel=\"noopener noreferrer\"><b>Prime \u00e9nergie<\/b><\/a><b>\u00a0: testez votre \u00e9ligibilit\u00e9<\/b><\/div>\n<div>Elle vient donc en aide aux m\u00e9nages modestes, afin que ces derniers diminuent le montant de leur pr\u00eat pour leur travaux. Il est possible de compenser le reste avec un pr\u00eat sur\u00a0<a href=\"https:\/\/www.gotoinvest.com\/pret-dargent-immediat\/\" target=\"_blank\" rel=\"noopener noreferrer\">Gotoinvest<\/a>\u00a0ou aupr\u00e8s de certains organismes.<\/div>\n<\/div>\n<div><\/div>\n<div><span style=\"color: black; font-size: medium;\"><b>Se pr\u00e9munir contre les fraudes<\/b><\/span><\/div>\n<div><\/div>\n<div><span style=\"color: black;\">Par t\u00e9l\u00e9phone ou \u00e0 domicile, notez que le service public n&rsquo;effectue jamais de d\u00e9marchage.<\/span><\/div>\n<div><span style=\"color: black;\">De fait, ne croyez pas les d\u00e9marcheurs qui se r\u00e9clament d&rsquo;organismes publics.<\/span><\/div>\n<div><span style=\"color: black;\">D\u00e9couvrez tous nos conseils pour savoir comment agir face au d\u00e9marchage commercial &#8211;\u00a0<\/span><a href=\"https:\/\/france-renov.gouv.fr\/fraudes\" target=\"_blank\" rel=\"noopener noreferrer\"><span style=\"color: black;\">https:\/\/france-renov.gouv.fr\/fraudes<\/span><\/a><\/div>\n<\/div>\n<\/div>\n<div>\n<div dir=\"ltr\"><\/div>\n<\/div>\n","protected":false},"excerpt":{"rendered":"<p>MaPrimeR\u00e9nov&rsquo; MaPrimeR\u00e9nov&rsquo; remplace le cr\u00e9dit d&rsquo;imp\u00f4t transition \u00e9nerg\u00e9tique et les aides de l\u2019Agence nationale de l\u2019Habitat (Anah) \u00ab Habiter mieux agilit\u00e9 \u00bb. Dans le cadre du plan de relance de l&rsquo;\u00e9conomie, le dispositif a \u00e9t\u00e9 renforc\u00e9 depuis le 1er octobre 2020. MaPrimeR\u00e9nov est reconduite en 2023. MaPrimeR\u00e9nov\u2019 s&rsquo;adresse \u00e0 tous les m\u00e9nages, ainsi qu\u2019aux copropri\u00e9t\u00e9s [&hellip;]<\/p>\n","protected":false},"author":2,"featured_media":0,"parent":0,"menu_order":0,"comment_status":"closed","ping_status":"closed","template":"","meta":{"footnotes":""},"class_list":["post-2157","page","type-page","status-publish","hentry"],"yoast_head":"<!-- This site is optimized with the Yoast SEO plugin v27.3 - https:\/\/yoast.com\/product\/yoast-seo-wordpress\/ -->\n<title>Les aides de l&#039;Etat &#8226; Mairie de Soisy-Bouy<\/title>\n<meta name=\"description\" content=\"Site internet officiel de la mairie de Soisy-Bouy.\" \/>\n<meta name=\"robots\" content=\"index, follow, max-snippet:-1, max-image-preview:large, max-video-preview:-1\" \/>\n<link rel=\"canonical\" href=\"https:\/\/www.mairie-soisybouy.fr\/index.php\/les-aides-de-letat\/\" \/>\n<meta property=\"og:locale\" content=\"fr_FR\" \/>\n<meta property=\"og:type\" content=\"article\" \/>\n<meta property=\"og:title\" content=\"Les aides de l&#039;Etat &#8226; Mairie de Soisy-Bouy\" \/>\n<meta property=\"og:description\" content=\"Site internet officiel de la mairie de Soisy-Bouy.\" \/>\n<meta property=\"og:url\" content=\"https:\/\/www.mairie-soisybouy.fr\/index.php\/les-aides-de-letat\/\" \/>\n<meta property=\"og:site_name\" content=\"Mairie de Soisy-Bouy\" \/>\n<meta property=\"article:modified_time\" content=\"2023-04-12T14:11:50+00:00\" \/>\n<meta name=\"twitter:card\" content=\"summary_large_image\" \/>\n<meta name=\"twitter:label1\" content=\"Dur\u00e9e de lecture estim\u00e9e\" \/>\n\t<meta name=\"twitter:data1\" content=\"1 minute\" \/>\n<script type=\"application\/ld+json\" class=\"yoast-schema-graph\">{\"@context\":\"https:\\\/\\\/schema.org\",\"@graph\":[{\"@type\":\"WebPage\",\"@id\":\"https:\\\/\\\/www.mairie-soisybouy.fr\\\/index.php\\\/les-aides-de-letat\\\/\",\"url\":\"https:\\\/\\\/www.mairie-soisybouy.fr\\\/index.php\\\/les-aides-de-letat\\\/\",\"name\":\"Les aides de l'Etat &#8226; Mairie de Soisy-Bouy\",\"isPartOf\":{\"@id\":\"https:\\\/\\\/www.mairie-soisybouy.fr\\\/#website\"},\"datePublished\":\"2023-04-12T14:11:10+00:00\",\"dateModified\":\"2023-04-12T14:11:50+00:00\",\"description\":\"Site internet officiel de la mairie de Soisy-Bouy.\",\"breadcrumb\":{\"@id\":\"https:\\\/\\\/www.mairie-soisybouy.fr\\\/index.php\\\/les-aides-de-letat\\\/#breadcrumb\"},\"inLanguage\":\"fr-FR\",\"potentialAction\":[{\"@type\":\"ReadAction\",\"target\":[\"https:\\\/\\\/www.mairie-soisybouy.fr\\\/index.php\\\/les-aides-de-letat\\\/\"]}]},{\"@type\":\"BreadcrumbList\",\"@id\":\"https:\\\/\\\/www.mairie-soisybouy.fr\\\/index.php\\\/les-aides-de-letat\\\/#breadcrumb\",\"itemListElement\":[{\"@type\":\"ListItem\",\"position\":1,\"name\":\"Accueil\",\"item\":\"https:\\\/\\\/www.mairie-soisybouy.fr\\\/\"},{\"@type\":\"ListItem\",\"position\":2,\"name\":\"Les aides de l&#8217;Etat\"}]},{\"@type\":\"WebSite\",\"@id\":\"https:\\\/\\\/www.mairie-soisybouy.fr\\\/#website\",\"url\":\"https:\\\/\\\/www.mairie-soisybouy.fr\\\/\",\"name\":\"Mairie de Soisy-Bouy\",\"description\":\"\",\"publisher\":{\"@id\":\"https:\\\/\\\/www.mairie-soisybouy.fr\\\/#organization\"},\"potentialAction\":[{\"@type\":\"SearchAction\",\"target\":{\"@type\":\"EntryPoint\",\"urlTemplate\":\"https:\\\/\\\/www.mairie-soisybouy.fr\\\/?s={search_term_string}\"},\"query-input\":{\"@type\":\"PropertyValueSpecification\",\"valueRequired\":true,\"valueName\":\"search_term_string\"}}],\"inLanguage\":\"fr-FR\"},{\"@type\":\"Organization\",\"@id\":\"https:\\\/\\\/www.mairie-soisybouy.fr\\\/#organization\",\"name\":\"Mairie de Soisy-Bouy\",\"url\":\"https:\\\/\\\/www.mairie-soisybouy.fr\\\/\",\"logo\":{\"@type\":\"ImageObject\",\"inLanguage\":\"fr-FR\",\"@id\":\"https:\\\/\\\/www.mairie-soisybouy.fr\\\/#\\\/schema\\\/logo\\\/image\\\/\",\"url\":\"https:\\\/\\\/www.mairie-soisybouy.fr\\\/wp-content\\\/uploads\\\/2019\\\/05\\\/logomodif.png\",\"contentUrl\":\"https:\\\/\\\/www.mairie-soisybouy.fr\\\/wp-content\\\/uploads\\\/2019\\\/05\\\/logomodif.png\",\"width\":347,\"height\":392,\"caption\":\"Mairie de Soisy-Bouy\"},\"image\":{\"@id\":\"https:\\\/\\\/www.mairie-soisybouy.fr\\\/#\\\/schema\\\/logo\\\/image\\\/\"}}]}<\/script>\n<!-- \/ Yoast SEO plugin. -->","yoast_head_json":{"title":"Les aides de l'Etat &#8226; Mairie de Soisy-Bouy","description":"Site internet officiel de la mairie de Soisy-Bouy.","robots":{"index":"index","follow":"follow","max-snippet":"max-snippet:-1","max-image-preview":"max-image-preview:large","max-video-preview":"max-video-preview:-1"},"canonical":"https:\/\/www.mairie-soisybouy.fr\/index.php\/les-aides-de-letat\/","og_locale":"fr_FR","og_type":"article","og_title":"Les aides de l'Etat &#8226; Mairie de Soisy-Bouy","og_description":"Site internet officiel de la mairie de Soisy-Bouy.","og_url":"https:\/\/www.mairie-soisybouy.fr\/index.php\/les-aides-de-letat\/","og_site_name":"Mairie de Soisy-Bouy","article_modified_time":"2023-04-12T14:11:50+00:00","twitter_card":"summary_large_image","twitter_misc":{"Dur\u00e9e de lecture estim\u00e9e":"1 minute"},"schema":{"@context":"https:\/\/schema.org","@graph":[{"@type":"WebPage","@id":"https:\/\/www.mairie-soisybouy.fr\/index.php\/les-aides-de-letat\/","url":"https:\/\/www.mairie-soisybouy.fr\/index.php\/les-aides-de-letat\/","name":"Les aides de l'Etat &#8226; Mairie de Soisy-Bouy","isPartOf":{"@id":"https:\/\/www.mairie-soisybouy.fr\/#website"},"datePublished":"2023-04-12T14:11:10+00:00","dateModified":"2023-04-12T14:11:50+00:00","description":"Site internet officiel de la mairie de Soisy-Bouy.","breadcrumb":{"@id":"https:\/\/www.mairie-soisybouy.fr\/index.php\/les-aides-de-letat\/#breadcrumb"},"inLanguage":"fr-FR","potentialAction":[{"@type":"ReadAction","target":["https:\/\/www.mairie-soisybouy.fr\/index.php\/les-aides-de-letat\/"]}]},{"@type":"BreadcrumbList","@id":"https:\/\/www.mairie-soisybouy.fr\/index.php\/les-aides-de-letat\/#breadcrumb","itemListElement":[{"@type":"ListItem","position":1,"name":"Accueil","item":"https:\/\/www.mairie-soisybouy.fr\/"},{"@type":"ListItem","position":2,"name":"Les aides de l&#8217;Etat"}]},{"@type":"WebSite","@id":"https:\/\/www.mairie-soisybouy.fr\/#website","url":"https:\/\/www.mairie-soisybouy.fr\/","name":"Mairie de Soisy-Bouy","description":"","publisher":{"@id":"https:\/\/www.mairie-soisybouy.fr\/#organization"},"potentialAction":[{"@type":"SearchAction","target":{"@type":"EntryPoint","urlTemplate":"https:\/\/www.mairie-soisybouy.fr\/?s={search_term_string}"},"query-input":{"@type":"PropertyValueSpecification","valueRequired":true,"valueName":"search_term_string"}}],"inLanguage":"fr-FR"},{"@type":"Organization","@id":"https:\/\/www.mairie-soisybouy.fr\/#organization","name":"Mairie de Soisy-Bouy","url":"https:\/\/www.mairie-soisybouy.fr\/","logo":{"@type":"ImageObject","inLanguage":"fr-FR","@id":"https:\/\/www.mairie-soisybouy.fr\/#\/schema\/logo\/image\/","url":"https:\/\/www.mairie-soisybouy.fr\/wp-content\/uploads\/2019\/05\/logomodif.png","contentUrl":"https:\/\/www.mairie-soisybouy.fr\/wp-content\/uploads\/2019\/05\/logomodif.png","width":347,"height":392,"caption":"Mairie de Soisy-Bouy"},"image":{"@id":"https:\/\/www.mairie-soisybouy.fr\/#\/schema\/logo\/image\/"}}]}},"_links":{"self":[{"href":"https:\/\/www.mairie-soisybouy.fr\/index.php\/wp-json\/wp\/v2\/pages\/2157","targetHints":{"allow":["GET"]}}],"collection":[{"href":"https:\/\/www.mairie-soisybouy.fr\/index.php\/wp-json\/wp\/v2\/pages"}],"about":[{"href":"https:\/\/www.mairie-soisybouy.fr\/index.php\/wp-json\/wp\/v2\/types\/page"}],"author":[{"embeddable":true,"href":"https:\/\/www.mairie-soisybouy.fr\/index.php\/wp-json\/wp\/v2\/users\/2"}],"replies":[{"embeddable":true,"href":"https:\/\/www.mairie-soisybouy.fr\/index.php\/wp-json\/wp\/v2\/comments?post=2157"}],"version-history":[{"count":1,"href":"https:\/\/www.mairie-soisybouy.fr\/index.php\/wp-json\/wp\/v2\/pages\/2157\/revisions"}],"predecessor-version":[{"id":2158,"href":"https:\/\/www.mairie-soisybouy.fr\/index.php\/wp-json\/wp\/v2\/pages\/2157\/revisions\/2158"}],"wp:attachment":[{"href":"https:\/\/www.mairie-soisybouy.fr\/index.php\/wp-json\/wp\/v2\/media?parent=2157"}],"curies":[{"name":"wp","href":"https:\/\/api.w.org\/{rel}","templated":true}]}}