{"id":2203,"date":"2023-06-22T10:24:13","date_gmt":"2023-06-22T08:24:13","guid":{"rendered":"https:\/\/www.mairie-soisybouy.fr\/?page_id=2203"},"modified":"2023-06-22T10:24:13","modified_gmt":"2023-06-22T08:24:13","slug":"les-aides-financieres-pour-les-eleves-et-parents","status":"publish","type":"page","link":"https:\/\/www.mairie-soisybouy.fr\/index.php\/les-aides-financieres-pour-les-eleves-et-parents\/","title":{"rendered":"Les aides financi\u00e8res pour les \u00e9l\u00e8ves et parents"},"content":{"rendered":"<div id=\"ctc1\" class=\"text active\">\n<h1><strong>Les aides financi\u00e8res pour les \u00e9l\u00e8ves et parents d\u2019\u00e9l\u00e8ves de la maternelle aux \u00e9tudes sup\u00e9rieures<\/strong><\/h1>\n<p>La scolarit\u00e9 des enfants, adolescents et jeunes adultes induit des d\u00e9penses incontournables et on\u00e9reuses pour les familles. Allocation de Rentr\u00e9e Scolaire, bourses, Pass\u2019Sport\u2026 diff\u00e9rentes aides financi\u00e8res peuvent justement soutenir les foyers aux revenus modestes.<\/p>\n<h2><strong>Les aides accessibles quel que soit le niveau d\u2019\u00e9tudes<\/strong><\/h2>\n<p><strong>Allocation de Rentr\u00e9e Scolaire (ARS)<\/strong>\u00a0: pour soutenir les familles d\u2019enfants de 6 \u00e0 18 ans, afin de faire face aux d\u00e9penses de la rentr\u00e9e scolaire.<br \/>\nEn savoir plus :\u00a0<a href=\"https:\/\/www.caf.fr\/allocataires\/aides-et-demarches\/droits-et-prestations\/vie-personnelle\/l-allocation-de-rentree-scolaire-ars\">caf.fr<\/a><\/p>\n<p><strong>Allocation d\u2019\u00e9ducation de l\u2019enfant handicap\u00e9 (Aeeh)<\/strong>\u00a0: pour soutenir les familles dont un enfant de moins de 20 ans pr\u00e9sente une incapacit\u00e9 de 80 %.<br \/>\nEn savoir plus :\u00a0<a href=\"https:\/\/www.caf.fr\/allocataires\/aides-et-demarches\/droits-et-prestations\/handicap\/l-allocation-d-education-de-l-enfant-handicape-aeeh#:~:text=Le%20montant%20de%20base%20de,s%27adapter%20%C3%A0%20votre%20situation.&amp;text=Le%20montant%20du%20compl%C3%A9ment%2\">caf.fr<\/a><\/p>\n<p><strong>Aide au temps libre\u00a0(ATL) et bons loisirs<\/strong>\u00a0: pour le financement des activit\u00e9s extra-scolaires des enfants et adolescents de 4 \u00e0 16 ans.<br \/>\nPlus d\u2019infos sur\u00a0<a href=\"https:\/\/www.service-public.fr\/particuliers\/vosdroits\/F33680\">Service-Public.fr<\/a><\/p>\n<p><strong>Pass\u2019Sport<\/strong>\u00a0: pour financer la rentr\u00e9e sportive des enfants et jeunes adultes inscrits dans une association sportive volontaire.<br \/>\nPlus d\u2019infos sur\u00a0<a href=\"https:\/\/www.sports.gouv.fr\/pass-sport-une-aide-financiere-la-pratique-sportive-295\">sports.gouv.fr<\/a><\/p>\n<h2><strong>Les aides \u00e0 l\u2019\u00e9cole maternelle<\/strong><\/h2>\n<p><strong>Compl\u00e9ment de libre choix du mode de garde (Cmg)<\/strong>\u00a0: pour financer les prestations de garde des enfants \u00e2g\u00e9s de moins de 6 ans en dehors des heures d\u2019\u00e9cole.<br \/>\nPlus d\u2019infos sur\u00a0<a href=\"https:\/\/www.caf.fr\/allocataires\/aides-et-demarches\/droits-et-prestations\/vie-personnelle\/le-complement-de-libre-choix-du-mode-de-garde-cmg\">caf.fr<\/a><\/p>\n<p><strong>Cantine \u00e0 1 \u20ac<\/strong>\u00a0: aide de l\u2019\u00c9tat destin\u00e9e aux communes rurales d\u00e9favoris\u00e9es de moins de 10 000 habitants et qui profite aux familles les plus modestes.<br \/>\nPlus d\u2019infos sur\u00a0<a href=\"https:\/\/www.asp-public.fr\/aides\/cantine-a-1-euro\">asp-public.fr<\/a><\/p>\n<p><em>N.B. Les familles d\u2019enfants \u00e2g\u00e9s de 3 \u00e0 6 ans scolaris\u00e9s en \u00e9cole maternelle ne peuvent pas pr\u00e9tendre \u00e0 l\u2019Allocation de Rentr\u00e9e Scolaire.<\/em><\/p>\n<h2><strong>Les aides \u00e0 l\u2019\u00e9cole \u00e9l\u00e9mentaire<\/strong><\/h2>\n<p><strong>Bourse de fr\u00e9quentation scolaire<\/strong>\u00a0: attribu\u00e9e aux enfants demi-pensionnaires ou pensionnaires scolaris\u00e9s dans une \u00e9cole \u00e9l\u00e9mentaire \u00e9loign\u00e9e du domicile familial.<br \/>\nPlus d\u2019infos sur\u00a0<a href=\"https:\/\/www.service-public.fr\/particuliers\/vosdroits\/F1883\">Service-Public.fr<\/a><\/p>\n<p><strong>Cantine \u00e0 1 \u20ac<\/strong>\u00a0: aide de l\u2019\u00c9tat destin\u00e9e aux communes rurales d\u00e9favoris\u00e9es de moins de 10 000 habitants et qui profite aux familles les plus modestes.<br \/>\nPlus d\u2019infos sur\u00a0<a href=\"https:\/\/www.asp-public.fr\/aides\/cantine-a-1-euro\">asp-public.fr<\/a><\/p>\n<h2><strong>Les aides au coll\u00e8ge<\/strong><\/h2>\n<p><strong>Bourses des coll\u00e8ges<\/strong>\u00a0: attribu\u00e9es aux coll\u00e9giens pour une ann\u00e9e scolaire, et vers\u00e9es en trois fois selon les ressources et le nombre d\u2019enfants \u00e0 charge du foyer.<br \/>\n<a href=\"https:\/\/calculateur-bourses.education.gouv.fr\/cabs\/api\/v1\/college\/simulateur.html\">Acc\u00e8s au simulateur de bourse<\/a><\/p>\n<p><strong>Fonds social coll\u00e9gien<\/strong>\u00a0: aide exceptionnelle pour soutenir les familles en situations financi\u00e8res difficiles face aux d\u00e9penses de scolarit\u00e9 de leurs enfants coll\u00e9giens.<br \/>\nPlus d\u2019infos sur\u00a0<a href=\"https:\/\/www.service-public.fr\/particuliers\/vosdroits\/F1025\">Service-Public.fr<\/a><\/p>\n<p><strong>Fonds social pour les cantines<\/strong>\u00a0: fond attribu\u00e9 par le chef d\u2019\u00e9tablissement scolaire aux coll\u00e9giens issus de milieux d\u00e9favoris\u00e9s.<br \/>\nPlus d\u2019infos sur\u00a0<a href=\"https:\/\/www.service-public.fr\/particuliers\/vosdroits\/F19294\">Service-Public.fr<\/a><\/p>\n<p><strong>Prime \u00e0 l\u2019internat<\/strong>\u00a0: pour les coll\u00e9giens boursiers et scolaris\u00e9s en internat.<br \/>\nPlus d\u2019infos sur\u00a0<a href=\"https:\/\/www.service-public.fr\/particuliers\/vosdroits\/F1886\">Service-Public.fr<\/a><\/p>\n<h2><strong>Les aides au lyc\u00e9e<\/strong><\/h2>\n<p><strong>Bourse de lyc\u00e9e<\/strong>\u00a0: attribu\u00e9e aux lyc\u00e9ens pour une ann\u00e9e scolaire, et vers\u00e9e en trois fois selon les ressources et le nombre d\u2019enfants \u00e0 charge du foyer.<br \/>\nAcc\u00e8s au\u00a0<a href=\"https:\/\/calculateur-bourses.education.gouv.fr\/cabs\/api\/v1\/lycee\/simulateur.html\">simulateur de bourse<\/a><\/p>\n<p><strong>Bourse de reprise d\u2019\u00e9tudes<\/strong>\u00a0: destin\u00e9e aux lyc\u00e9ens boursiers en reprise d\u2019\u00e9tudes professionnelles, suite \u00e0 l\u2019abandon de leur cursus initial.<br \/>\nPlus d\u2019infos sur\u00a0<a href=\"https:\/\/www.service-public.fr\/particuliers\/vosdroits\/F33868\">Service-Public.fr<\/a><\/p>\n<p><strong>Bourse au m\u00e9rite<\/strong>\u00a0: dispositif compl\u00e9mentaire vers\u00e9 aux lyc\u00e9ens boursiers ayant obtenu une mention \u201cBien\u201d ou \u201cTr\u00e8s bien\u201d au dipl\u00f4me national du brevet.<br \/>\nPlus d\u2019infos sur\u00a0<a href=\"https:\/\/www.service-public.fr\/particuliers\/vosdroits\/F32928\">Service-Public.fr<\/a><\/p>\n<p><strong>Fonds social lyc\u00e9en<\/strong>\u00a0: aide exceptionnelle pour soutenir les familles en situations financi\u00e8res difficiles face aux d\u00e9penses de scolarit\u00e9 de leurs enfants lyc\u00e9ens.<br \/>\nPlus d\u2019infos sur\u00a0<a href=\"https:\/\/www.service-public.fr\/particuliers\/vosdroits\/F1025\">Service-Public.fr<\/a><\/p>\n<p><strong>Fonds social pour les cantines<\/strong>\u00a0: fond attribu\u00e9 par le chef d\u2019\u00e9tablissement scolaire aux lyc\u00e9ens issus de milieux d\u00e9favoris\u00e9s.<br \/>\nPlus d\u2019infos sur\u00a0<a href=\"https:\/\/www.service-public.fr\/particuliers\/vosdroits\/F19294\">Service-Public.fr<\/a><\/p>\n<p><strong>Prime \u00e0 l\u2019internat<\/strong>\u00a0: pour les lyc\u00e9ens boursiers et scolaris\u00e9s en internat.<br \/>\nPlus d\u2019infos sur\u00a0<a href=\"https:\/\/www.service-public.fr\/particuliers\/vosdroits\/F1886\">Service-Public.fr<\/a><\/p>\n<p><strong>Prime d\u2019\u00e9quipement dans la voie professionnelle<\/strong>\u00a0: destin\u00e9e aux lyc\u00e9ens boursiers en cursus professionnel (brevet technique, CAP, bac pro\u2026).<br \/>\nPlus d\u2019infos sur\u00a0<a href=\"https:\/\/www.service-public.fr\/particuliers\/vosdroits\/F32915\">Service-Public.fr<\/a><\/p>\n<h2><strong>Les aides aux \u00e9tudes sup\u00e9rieures<\/strong><\/h2>\n<p><strong>Bourse sur crit\u00e8res sociaux (BCS)<\/strong>\u00a0: attribu\u00e9e sous conditions (\u00e9tudes, \u00e2ge, dipl\u00f4mes, nationalit\u00e9 et ressources) aux \u00e9tudiants et futurs \u00e9tudiants en difficult\u00e9s mat\u00e9rielles.<br \/>\n<a href=\"https:\/\/www.lescrous.fr\/nos-services\/une-offre-de-services-riche-et-de-qualite-pour-tous-les-etudiants\/#simulateur-de-bourse-testez-votre-eligibilite\">Acc\u00e8s au simulateur<\/a><\/p>\n<p><strong>Aide au m\u00e9rite<\/strong>\u00a0: destin\u00e9e aux \u00e9tudiants boursiers les plus m\u00e9ritants, percevable jusqu\u2019\u00e0 plus de 3 fois par un m\u00eame \u00e9l\u00e8ve.<br \/>\nPlus d\u2019infos sur\u00a0<a href=\"https:\/\/www.service-public.fr\/particuliers\/vosdroits\/F1010\">Service-Public.fr<\/a><\/p>\n<p><strong>Allocation sp\u00e9cifique annuelle<\/strong>\u00a0: attribu\u00e9e sous conditions par le Crous aux \u00e9tudiants non boursiers en difficult\u00e9s financi\u00e8res durables.<br \/>\nPlus d\u2019infos sur\u00a0<a href=\"https:\/\/www.service-public.fr\/particuliers\/vosdroits\/F1024\">Service-Public.fr<\/a><\/p>\n<p><strong>Acc\u00e8s \u00e0 un compte bancaire<\/strong>\u00a0: pour les \u00e9l\u00e8ves majeurs, acc\u00e8s \u00e0 un compte bancaire gratuit avec carte de cr\u00e9dit classique.<br \/>\nPlus d\u2019infos sur\u00a0<a href=\"https:\/\/www.pourunebanqueethique.com\/\">Pour une banque \u00e9thique<\/a><\/p>\n<p><strong>Aide sp\u00e9cifique ponctuelle<\/strong>\u00a0: attribu\u00e9e sous conditions par le Crous aux \u00e9tudiants non boursiers en difficult\u00e9s financi\u00e8res passag\u00e8res.<br \/>\nPlus d\u2019infos sur\u00a0<a href=\"https:\/\/www.service-public.fr\/particuliers\/vosdroits\/F34073\">Service-Public.fr<\/a><\/p>\n<p><strong>Aide \u00e0 la mobilit\u00e9 Parcoursup<\/strong>\u00a0: attribu\u00e9e aux bacheliers boursiers qui font leur rentr\u00e9e dans l\u2019enseignement sup\u00e9rieur en dehors de leur acad\u00e9mie de r\u00e9sidence.<br \/>\nPlus d\u2019infos sur\u00a0<a href=\"https:\/\/amp.etudiant.gouv.fr\/\">amp.etudiant.gouv.fr<\/a><\/p>\n<p><strong>Aide \u00e0 la mobilit\u00e9 internationale<\/strong>\u00a0: attribu\u00e9e aux \u00e9tudiants boursiers qui suivent une formation sup\u00e9rieure \u00e0 l\u2019\u00e9tranger, ou qui effectuent un stage international.<br \/>\nPlus d\u2019infos sur\u00a0<a href=\"https:\/\/www.service-public.fr\/particuliers\/vosdroits\/F380\">Service-Public.fr<\/a><\/p>\n<p><strong>Microcr\u00e9dit<\/strong>\u00a0: un microcr\u00e9dit en ligne d\u2019un montant de 500 euros est accessible pour financer les d\u00e9penses li\u00e9es au financement des \u00e9tudes (\u00e9tudes sup\u00e9rieures payantes, frais de scolarit\u00e9) sans justificatif d\u2019utilisation et avec signature \u00e9lectronique.<br \/>\nPlus d\u2019informations sur\u00a0<a href=\"https:\/\/www.verilor.fr\/demande-de-credit-1000-euros\/\">verilor<\/a><\/p>\n<p><strong>Aide \u00e0 la mobilit\u00e9 pour l\u2019\u00e9tudiant en Master<\/strong>\u00a0: destin\u00e9e aux \u00e9tudiants boursiers qui poursuivent leurs \u00e9tudes sup\u00e9rieures en Master dans une autre r\u00e9gion acad\u00e9mique.<br \/>\n<a href=\"https:\/\/www.service-public.fr\/particuliers\/vosdroits\/F34343\">Plus d\u2019infos sur Service-Public.fr<\/a><\/p>\n<p><strong>Logement \u00e9tudiant du Crous<\/strong>\u00a0: logements en r\u00e9sidence universitaire attribu\u00e9s sous conditions (\u00e9tudes, \u00e2ge, dipl\u00f4mes, nationalit\u00e9 et ressources).<br \/>\nPlus d\u2019infos sur\u00a0<a href=\"https:\/\/trouverunlogement.lescrous.fr\/\">trouverunlogement.lescrous.fr<\/a><\/p>\n<p><strong>Allocation de logement social (ALS)<\/strong>\u00a0: vers\u00e9e aux \u00e9tudiants qui r\u00e9sident dans tous types de logements non conventionn\u00e9s.<br \/>\nPlus d\u2019infos sur\u00a0<a href=\"https:\/\/www.service-public.fr\/particuliers\/vosdroits\/F1280\">Service-Public.fr<\/a><\/p>\n<p><strong>Aide personnalis\u00e9e au logement (APL)<\/strong>\u00a0: vers\u00e9e aux \u00e9tudiants qui r\u00e9sident dans un logement conventionn\u00e9, afin de r\u00e9duire le montant du loyer.<br \/>\nPlus d\u2019infos sur\u00a0<a href=\"https:\/\/www.service-public.fr\/particuliers\/vosdroits\/F12006\">Service-Public.fr<\/a><\/p>\n<p><strong>Retrouvez toutes les aides \u00e0 jour &amp; disponibles en France sur\u00a0<\/strong><a href=\"https:\/\/www.aide-finance.fr\/\"><strong>aidefinance.fr<\/strong><\/a><\/p>\n<\/div>\n","protected":false},"excerpt":{"rendered":"<p>Les aides financi\u00e8res pour les \u00e9l\u00e8ves et parents d\u2019\u00e9l\u00e8ves de la maternelle aux \u00e9tudes sup\u00e9rieures La scolarit\u00e9 des enfants, adolescents et jeunes adultes induit des d\u00e9penses incontournables et on\u00e9reuses pour les familles. Allocation de Rentr\u00e9e Scolaire, bourses, Pass\u2019Sport\u2026 diff\u00e9rentes aides financi\u00e8res peuvent justement soutenir les foyers aux revenus modestes. Les aides accessibles quel que soit [&hellip;]<\/p>\n","protected":false},"author":2,"featured_media":0,"parent":0,"menu_order":0,"comment_status":"closed","ping_status":"closed","template":"","meta":{"footnotes":""},"class_list":["post-2203","page","type-page","status-publish","hentry"],"yoast_head":"<!-- This site is optimized with the Yoast SEO plugin v27.3 - https:\/\/yoast.com\/product\/yoast-seo-wordpress\/ -->\n<title>Les aides financi\u00e8res pour les \u00e9l\u00e8ves et parents &#8226; Mairie de Soisy-Bouy<\/title>\n<meta name=\"description\" content=\"Site internet officiel de la mairie de Soisy-Bouy.\" \/>\n<meta name=\"robots\" content=\"index, follow, max-snippet:-1, max-image-preview:large, max-video-preview:-1\" \/>\n<link rel=\"canonical\" href=\"https:\/\/www.mairie-soisybouy.fr\/index.php\/les-aides-financieres-pour-les-eleves-et-parents\/\" \/>\n<meta property=\"og:locale\" content=\"fr_FR\" \/>\n<meta property=\"og:type\" content=\"article\" \/>\n<meta property=\"og:title\" content=\"Les aides financi\u00e8res pour les \u00e9l\u00e8ves et parents &#8226; Mairie de Soisy-Bouy\" \/>\n<meta property=\"og:description\" content=\"Site internet officiel de la mairie de Soisy-Bouy.\" \/>\n<meta property=\"og:url\" content=\"https:\/\/www.mairie-soisybouy.fr\/index.php\/les-aides-financieres-pour-les-eleves-et-parents\/\" \/>\n<meta property=\"og:site_name\" content=\"Mairie de Soisy-Bouy\" \/>\n<meta name=\"twitter:card\" content=\"summary_large_image\" \/>\n<meta name=\"twitter:label1\" content=\"Dur\u00e9e de lecture estim\u00e9e\" \/>\n\t<meta name=\"twitter:data1\" content=\"5 minutes\" \/>\n<script type=\"application\/ld+json\" class=\"yoast-schema-graph\">{\"@context\":\"https:\\\/\\\/schema.org\",\"@graph\":[{\"@type\":\"WebPage\",\"@id\":\"https:\\\/\\\/www.mairie-soisybouy.fr\\\/index.php\\\/les-aides-financieres-pour-les-eleves-et-parents\\\/\",\"url\":\"https:\\\/\\\/www.mairie-soisybouy.fr\\\/index.php\\\/les-aides-financieres-pour-les-eleves-et-parents\\\/\",\"name\":\"Les aides financi\u00e8res pour les \u00e9l\u00e8ves et parents &#8226; Mairie de Soisy-Bouy\",\"isPartOf\":{\"@id\":\"https:\\\/\\\/www.mairie-soisybouy.fr\\\/#website\"},\"datePublished\":\"2023-06-22T08:24:13+00:00\",\"description\":\"Site internet officiel de la mairie de Soisy-Bouy.\",\"breadcrumb\":{\"@id\":\"https:\\\/\\\/www.mairie-soisybouy.fr\\\/index.php\\\/les-aides-financieres-pour-les-eleves-et-parents\\\/#breadcrumb\"},\"inLanguage\":\"fr-FR\",\"potentialAction\":[{\"@type\":\"ReadAction\",\"target\":[\"https:\\\/\\\/www.mairie-soisybouy.fr\\\/index.php\\\/les-aides-financieres-pour-les-eleves-et-parents\\\/\"]}]},{\"@type\":\"BreadcrumbList\",\"@id\":\"https:\\\/\\\/www.mairie-soisybouy.fr\\\/index.php\\\/les-aides-financieres-pour-les-eleves-et-parents\\\/#breadcrumb\",\"itemListElement\":[{\"@type\":\"ListItem\",\"position\":1,\"name\":\"Accueil\",\"item\":\"https:\\\/\\\/www.mairie-soisybouy.fr\\\/\"},{\"@type\":\"ListItem\",\"position\":2,\"name\":\"Les aides financi\u00e8res pour les \u00e9l\u00e8ves et parents\"}]},{\"@type\":\"WebSite\",\"@id\":\"https:\\\/\\\/www.mairie-soisybouy.fr\\\/#website\",\"url\":\"https:\\\/\\\/www.mairie-soisybouy.fr\\\/\",\"name\":\"Mairie de Soisy-Bouy\",\"description\":\"\",\"publisher\":{\"@id\":\"https:\\\/\\\/www.mairie-soisybouy.fr\\\/#organization\"},\"potentialAction\":[{\"@type\":\"SearchAction\",\"target\":{\"@type\":\"EntryPoint\",\"urlTemplate\":\"https:\\\/\\\/www.mairie-soisybouy.fr\\\/?s={search_term_string}\"},\"query-input\":{\"@type\":\"PropertyValueSpecification\",\"valueRequired\":true,\"valueName\":\"search_term_string\"}}],\"inLanguage\":\"fr-FR\"},{\"@type\":\"Organization\",\"@id\":\"https:\\\/\\\/www.mairie-soisybouy.fr\\\/#organization\",\"name\":\"Mairie de Soisy-Bouy\",\"url\":\"https:\\\/\\\/www.mairie-soisybouy.fr\\\/\",\"logo\":{\"@type\":\"ImageObject\",\"inLanguage\":\"fr-FR\",\"@id\":\"https:\\\/\\\/www.mairie-soisybouy.fr\\\/#\\\/schema\\\/logo\\\/image\\\/\",\"url\":\"https:\\\/\\\/www.mairie-soisybouy.fr\\\/wp-content\\\/uploads\\\/2019\\\/05\\\/logomodif.png\",\"contentUrl\":\"https:\\\/\\\/www.mairie-soisybouy.fr\\\/wp-content\\\/uploads\\\/2019\\\/05\\\/logomodif.png\",\"width\":347,\"height\":392,\"caption\":\"Mairie de Soisy-Bouy\"},\"image\":{\"@id\":\"https:\\\/\\\/www.mairie-soisybouy.fr\\\/#\\\/schema\\\/logo\\\/image\\\/\"}}]}<\/script>\n<!-- \/ Yoast SEO plugin. -->","yoast_head_json":{"title":"Les aides financi\u00e8res pour les \u00e9l\u00e8ves et parents &#8226; Mairie de Soisy-Bouy","description":"Site internet officiel de la mairie de Soisy-Bouy.","robots":{"index":"index","follow":"follow","max-snippet":"max-snippet:-1","max-image-preview":"max-image-preview:large","max-video-preview":"max-video-preview:-1"},"canonical":"https:\/\/www.mairie-soisybouy.fr\/index.php\/les-aides-financieres-pour-les-eleves-et-parents\/","og_locale":"fr_FR","og_type":"article","og_title":"Les aides financi\u00e8res pour les \u00e9l\u00e8ves et parents &#8226; Mairie de Soisy-Bouy","og_description":"Site internet officiel de la mairie de Soisy-Bouy.","og_url":"https:\/\/www.mairie-soisybouy.fr\/index.php\/les-aides-financieres-pour-les-eleves-et-parents\/","og_site_name":"Mairie de Soisy-Bouy","twitter_card":"summary_large_image","twitter_misc":{"Dur\u00e9e de lecture estim\u00e9e":"5 minutes"},"schema":{"@context":"https:\/\/schema.org","@graph":[{"@type":"WebPage","@id":"https:\/\/www.mairie-soisybouy.fr\/index.php\/les-aides-financieres-pour-les-eleves-et-parents\/","url":"https:\/\/www.mairie-soisybouy.fr\/index.php\/les-aides-financieres-pour-les-eleves-et-parents\/","name":"Les aides financi\u00e8res pour les \u00e9l\u00e8ves et parents &#8226; Mairie de Soisy-Bouy","isPartOf":{"@id":"https:\/\/www.mairie-soisybouy.fr\/#website"},"datePublished":"2023-06-22T08:24:13+00:00","description":"Site internet officiel de la mairie de Soisy-Bouy.","breadcrumb":{"@id":"https:\/\/www.mairie-soisybouy.fr\/index.php\/les-aides-financieres-pour-les-eleves-et-parents\/#breadcrumb"},"inLanguage":"fr-FR","potentialAction":[{"@type":"ReadAction","target":["https:\/\/www.mairie-soisybouy.fr\/index.php\/les-aides-financieres-pour-les-eleves-et-parents\/"]}]},{"@type":"BreadcrumbList","@id":"https:\/\/www.mairie-soisybouy.fr\/index.php\/les-aides-financieres-pour-les-eleves-et-parents\/#breadcrumb","itemListElement":[{"@type":"ListItem","position":1,"name":"Accueil","item":"https:\/\/www.mairie-soisybouy.fr\/"},{"@type":"ListItem","position":2,"name":"Les aides financi\u00e8res pour les \u00e9l\u00e8ves et parents"}]},{"@type":"WebSite","@id":"https:\/\/www.mairie-soisybouy.fr\/#website","url":"https:\/\/www.mairie-soisybouy.fr\/","name":"Mairie de Soisy-Bouy","description":"","publisher":{"@id":"https:\/\/www.mairie-soisybouy.fr\/#organization"},"potentialAction":[{"@type":"SearchAction","target":{"@type":"EntryPoint","urlTemplate":"https:\/\/www.mairie-soisybouy.fr\/?s={search_term_string}"},"query-input":{"@type":"PropertyValueSpecification","valueRequired":true,"valueName":"search_term_string"}}],"inLanguage":"fr-FR"},{"@type":"Organization","@id":"https:\/\/www.mairie-soisybouy.fr\/#organization","name":"Mairie de Soisy-Bouy","url":"https:\/\/www.mairie-soisybouy.fr\/","logo":{"@type":"ImageObject","inLanguage":"fr-FR","@id":"https:\/\/www.mairie-soisybouy.fr\/#\/schema\/logo\/image\/","url":"https:\/\/www.mairie-soisybouy.fr\/wp-content\/uploads\/2019\/05\/logomodif.png","contentUrl":"https:\/\/www.mairie-soisybouy.fr\/wp-content\/uploads\/2019\/05\/logomodif.png","width":347,"height":392,"caption":"Mairie de Soisy-Bouy"},"image":{"@id":"https:\/\/www.mairie-soisybouy.fr\/#\/schema\/logo\/image\/"}}]}},"_links":{"self":[{"href":"https:\/\/www.mairie-soisybouy.fr\/index.php\/wp-json\/wp\/v2\/pages\/2203","targetHints":{"allow":["GET"]}}],"collection":[{"href":"https:\/\/www.mairie-soisybouy.fr\/index.php\/wp-json\/wp\/v2\/pages"}],"about":[{"href":"https:\/\/www.mairie-soisybouy.fr\/index.php\/wp-json\/wp\/v2\/types\/page"}],"author":[{"embeddable":true,"href":"https:\/\/www.mairie-soisybouy.fr\/index.php\/wp-json\/wp\/v2\/users\/2"}],"replies":[{"embeddable":true,"href":"https:\/\/www.mairie-soisybouy.fr\/index.php\/wp-json\/wp\/v2\/comments?post=2203"}],"version-history":[{"count":1,"href":"https:\/\/www.mairie-soisybouy.fr\/index.php\/wp-json\/wp\/v2\/pages\/2203\/revisions"}],"predecessor-version":[{"id":2204,"href":"https:\/\/www.mairie-soisybouy.fr\/index.php\/wp-json\/wp\/v2\/pages\/2203\/revisions\/2204"}],"wp:attachment":[{"href":"https:\/\/www.mairie-soisybouy.fr\/index.php\/wp-json\/wp\/v2\/media?parent=2203"}],"curies":[{"name":"wp","href":"https:\/\/api.w.org\/{rel}","templated":true}]}}