{"id":224,"date":"2019-05-27T17:10:07","date_gmt":"2019-05-27T15:10:07","guid":{"rendered":"http:\/\/mairie-soisybouy.fr\/?page_id=224"},"modified":"2026-04-09T17:41:12","modified_gmt":"2026-04-09T15:41:12","slug":"moto-club-des-2-vallees","status":"publish","type":"page","link":"https:\/\/www.mairie-soisybouy.fr\/index.php\/moto-club-des-2-vallees\/","title":{"rendered":"Moto Club des 2 vall\u00e9es"},"content":{"rendered":"<p><img loading=\"lazy\" decoding=\"async\" class=\"alignnone wp-image-319 aligncenter\" src=\"http:\/\/mairie-soisybouy.fr\/wp-content\/uploads\/2019\/05\/ob_8d2187_mc-des-2-vallees-300x145.jpg\" alt=\"\" width=\"331\" height=\"160\" \/><\/p>\n<p><img loading=\"lazy\" decoding=\"async\" class=\"alignnone size-medium wp-image-664 aligncenter\" src=\"http:\/\/www.mairie-soisybouy.fr\/wp-content\/uploads\/2019\/06\/ob_8d2187_mc-des-2-vallees-1-300x145.jpg\" alt=\"\" width=\"300\" height=\"145\" srcset=\"https:\/\/www.mairie-soisybouy.fr\/wp-content\/uploads\/2019\/06\/ob_8d2187_mc-des-2-vallees-1-300x145.jpg 300w, https:\/\/www.mairie-soisybouy.fr\/wp-content\/uploads\/2019\/06\/ob_8d2187_mc-des-2-vallees-1.jpg 333w\" sizes=\"auto, (max-width: 300px) 100vw, 300px\" \/><\/p>\n<p style=\"text-align: center;\"><span style=\"font-family: 'arial black', sans-serif;\"><span style=\"color: #666699;\"><strong>Adresse<\/strong><\/span> :\u00a0 19 rue de la mairie, 77650 Soisy-Bouy<\/span><\/p>\n<p style=\"text-align: center;\"><span style=\"font-family: 'arial black', sans-serif;\"><span style=\"color: #666699;\"><strong>T\u00e9l<\/strong><\/span> : 06 71 90 84 36<\/span><\/p>\n<p style=\"text-align: center;\"><span style=\"font-family: 'arial black', sans-serif;\">Club d&rsquo;enduro dirig\u00e9 par Monsieur <span style=\"color: #666699;\"><strong>St\u00e9phane RECURT<\/strong><\/span><\/span><\/p>\n<p>&nbsp;<\/p>\n<p><img loading=\"lazy\" decoding=\"async\" class=\"alignnone size-medium wp-image-2677 aligncenter\" src=\"https:\/\/www.mairie-soisybouy.fr\/wp-content\/uploads\/2026\/04\/Messenger_creation_74E5E0DE-635B-44A0-9C6E-E652117B821B-225x300.jpeg\" alt=\"\" width=\"225\" height=\"300\" srcset=\"https:\/\/www.mairie-soisybouy.fr\/wp-content\/uploads\/2026\/04\/Messenger_creation_74E5E0DE-635B-44A0-9C6E-E652117B821B-225x300.jpeg 225w, https:\/\/www.mairie-soisybouy.fr\/wp-content\/uploads\/2026\/04\/Messenger_creation_74E5E0DE-635B-44A0-9C6E-E652117B821B-768x1024.jpeg 768w, https:\/\/www.mairie-soisybouy.fr\/wp-content\/uploads\/2026\/04\/Messenger_creation_74E5E0DE-635B-44A0-9C6E-E652117B821B-1152x1536.jpeg 1152w, https:\/\/www.mairie-soisybouy.fr\/wp-content\/uploads\/2026\/04\/Messenger_creation_74E5E0DE-635B-44A0-9C6E-E652117B821B.jpeg 1200w\" sizes=\"auto, (max-width: 225px) 100vw, 225px\" \/>\u00a0 \u00a0 \u00a0 \u00a0 \u00a0 \u00a0 \u00a0 \u00a0 \u00a0 \u00a0 \u00a0 \u00a0 \u00a0 \u00a0 \u00a0 \u00a0 \u00a0 \u00a0 \u00a0 \u00a0 \u00a0 \u00a0 <img loading=\"lazy\" decoding=\"async\" class=\"alignnone size-medium wp-image-2678 aligncenter\" src=\"https:\/\/www.mairie-soisybouy.fr\/wp-content\/uploads\/2026\/04\/Messenger_creation_2E632601-0CFC-4693-98B8-CDECA76C51CE-300x200.jpeg\" alt=\"\" width=\"300\" height=\"200\" srcset=\"https:\/\/www.mairie-soisybouy.fr\/wp-content\/uploads\/2026\/04\/Messenger_creation_2E632601-0CFC-4693-98B8-CDECA76C51CE-300x200.jpeg 300w, https:\/\/www.mairie-soisybouy.fr\/wp-content\/uploads\/2026\/04\/Messenger_creation_2E632601-0CFC-4693-98B8-CDECA76C51CE-1024x682.jpeg 1024w, https:\/\/www.mairie-soisybouy.fr\/wp-content\/uploads\/2026\/04\/Messenger_creation_2E632601-0CFC-4693-98B8-CDECA76C51CE-768x512.jpeg 768w, https:\/\/www.mairie-soisybouy.fr\/wp-content\/uploads\/2026\/04\/Messenger_creation_2E632601-0CFC-4693-98B8-CDECA76C51CE-1536x1023.jpeg 1536w, https:\/\/www.mairie-soisybouy.fr\/wp-content\/uploads\/2026\/04\/Messenger_creation_2E632601-0CFC-4693-98B8-CDECA76C51CE.jpeg 1600w\" sizes=\"auto, (max-width: 300px) 100vw, 300px\" \/><\/p>\n","protected":false},"excerpt":{"rendered":"<p>Adresse :\u00a0 19 rue de la mairie, 77650 Soisy-Bouy T\u00e9l : 06 71 90 84 36 Club d&rsquo;enduro dirig\u00e9 par Monsieur St\u00e9phane RECURT &nbsp; \u00a0 \u00a0 \u00a0 \u00a0 \u00a0 \u00a0 \u00a0 \u00a0 \u00a0 \u00a0 \u00a0 \u00a0 \u00a0 \u00a0 \u00a0 \u00a0 \u00a0 \u00a0 \u00a0 \u00a0 \u00a0 \u00a0<\/p>\n","protected":false},"author":1,"featured_media":0,"parent":0,"menu_order":0,"comment_status":"closed","ping_status":"closed","template":"","meta":{"footnotes":""},"class_list":["post-224","page","type-page","status-publish","hentry"],"yoast_head":"<!-- This site is optimized with the Yoast SEO plugin v27.3 - https:\/\/yoast.com\/product\/yoast-seo-wordpress\/ -->\n<title>Moto Club des 2 vall\u00e9es &#8226; Mairie de Soisy-Bouy<\/title>\n<meta name=\"description\" content=\"Site internet officiel de la mairie de Soisy-Bouy.\" \/>\n<meta name=\"robots\" content=\"index, follow, max-snippet:-1, max-image-preview:large, max-video-preview:-1\" \/>\n<link rel=\"canonical\" href=\"https:\/\/www.mairie-soisybouy.fr\/index.php\/moto-club-des-2-vallees\/\" \/>\n<meta property=\"og:locale\" content=\"fr_FR\" \/>\n<meta property=\"og:type\" content=\"article\" \/>\n<meta property=\"og:title\" content=\"Moto Club des 2 vall\u00e9es &#8226; Mairie de Soisy-Bouy\" \/>\n<meta property=\"og:description\" content=\"Site internet officiel de la mairie de Soisy-Bouy.\" \/>\n<meta property=\"og:url\" content=\"https:\/\/www.mairie-soisybouy.fr\/index.php\/moto-club-des-2-vallees\/\" \/>\n<meta property=\"og:site_name\" content=\"Mairie de Soisy-Bouy\" \/>\n<meta property=\"article:modified_time\" content=\"2026-04-09T15:41:12+00:00\" \/>\n<meta property=\"og:image\" content=\"http:\/\/mairie-soisybouy.fr\/wp-content\/uploads\/2019\/05\/ob_8d2187_mc-des-2-vallees-300x145.jpg\" \/>\n<meta name=\"twitter:card\" content=\"summary_large_image\" \/>\n<meta name=\"twitter:label1\" content=\"Dur\u00e9e de lecture estim\u00e9e\" \/>\n\t<meta name=\"twitter:data1\" content=\"1 minute\" \/>\n<script type=\"application\/ld+json\" class=\"yoast-schema-graph\">{\"@context\":\"https:\\\/\\\/schema.org\",\"@graph\":[{\"@type\":\"WebPage\",\"@id\":\"https:\\\/\\\/www.mairie-soisybouy.fr\\\/index.php\\\/moto-club-des-2-vallees\\\/\",\"url\":\"https:\\\/\\\/www.mairie-soisybouy.fr\\\/index.php\\\/moto-club-des-2-vallees\\\/\",\"name\":\"Moto Club des 2 vall\u00e9es &#8226; Mairie de Soisy-Bouy\",\"isPartOf\":{\"@id\":\"https:\\\/\\\/www.mairie-soisybouy.fr\\\/#website\"},\"primaryImageOfPage\":{\"@id\":\"https:\\\/\\\/www.mairie-soisybouy.fr\\\/index.php\\\/moto-club-des-2-vallees\\\/#primaryimage\"},\"image\":{\"@id\":\"https:\\\/\\\/www.mairie-soisybouy.fr\\\/index.php\\\/moto-club-des-2-vallees\\\/#primaryimage\"},\"thumbnailUrl\":\"http:\\\/\\\/mairie-soisybouy.fr\\\/wp-content\\\/uploads\\\/2019\\\/05\\\/ob_8d2187_mc-des-2-vallees-300x145.jpg\",\"datePublished\":\"2019-05-27T15:10:07+00:00\",\"dateModified\":\"2026-04-09T15:41:12+00:00\",\"description\":\"Site internet officiel de la mairie de Soisy-Bouy.\",\"breadcrumb\":{\"@id\":\"https:\\\/\\\/www.mairie-soisybouy.fr\\\/index.php\\\/moto-club-des-2-vallees\\\/#breadcrumb\"},\"inLanguage\":\"fr-FR\",\"potentialAction\":[{\"@type\":\"ReadAction\",\"target\":[\"https:\\\/\\\/www.mairie-soisybouy.fr\\\/index.php\\\/moto-club-des-2-vallees\\\/\"]}]},{\"@type\":\"ImageObject\",\"inLanguage\":\"fr-FR\",\"@id\":\"https:\\\/\\\/www.mairie-soisybouy.fr\\\/index.php\\\/moto-club-des-2-vallees\\\/#primaryimage\",\"url\":\"http:\\\/\\\/mairie-soisybouy.fr\\\/wp-content\\\/uploads\\\/2019\\\/05\\\/ob_8d2187_mc-des-2-vallees-300x145.jpg\",\"contentUrl\":\"http:\\\/\\\/mairie-soisybouy.fr\\\/wp-content\\\/uploads\\\/2019\\\/05\\\/ob_8d2187_mc-des-2-vallees-300x145.jpg\"},{\"@type\":\"BreadcrumbList\",\"@id\":\"https:\\\/\\\/www.mairie-soisybouy.fr\\\/index.php\\\/moto-club-des-2-vallees\\\/#breadcrumb\",\"itemListElement\":[{\"@type\":\"ListItem\",\"position\":1,\"name\":\"Accueil\",\"item\":\"https:\\\/\\\/www.mairie-soisybouy.fr\\\/\"},{\"@type\":\"ListItem\",\"position\":2,\"name\":\"Moto Club des 2 vall\u00e9es\"}]},{\"@type\":\"WebSite\",\"@id\":\"https:\\\/\\\/www.mairie-soisybouy.fr\\\/#website\",\"url\":\"https:\\\/\\\/www.mairie-soisybouy.fr\\\/\",\"name\":\"Mairie de Soisy-Bouy\",\"description\":\"\",\"publisher\":{\"@id\":\"https:\\\/\\\/www.mairie-soisybouy.fr\\\/#organization\"},\"potentialAction\":[{\"@type\":\"SearchAction\",\"target\":{\"@type\":\"EntryPoint\",\"urlTemplate\":\"https:\\\/\\\/www.mairie-soisybouy.fr\\\/?s={search_term_string}\"},\"query-input\":{\"@type\":\"PropertyValueSpecification\",\"valueRequired\":true,\"valueName\":\"search_term_string\"}}],\"inLanguage\":\"fr-FR\"},{\"@type\":\"Organization\",\"@id\":\"https:\\\/\\\/www.mairie-soisybouy.fr\\\/#organization\",\"name\":\"Mairie de Soisy-Bouy\",\"url\":\"https:\\\/\\\/www.mairie-soisybouy.fr\\\/\",\"logo\":{\"@type\":\"ImageObject\",\"inLanguage\":\"fr-FR\",\"@id\":\"https:\\\/\\\/www.mairie-soisybouy.fr\\\/#\\\/schema\\\/logo\\\/image\\\/\",\"url\":\"https:\\\/\\\/www.mairie-soisybouy.fr\\\/wp-content\\\/uploads\\\/2019\\\/05\\\/logomodif.png\",\"contentUrl\":\"https:\\\/\\\/www.mairie-soisybouy.fr\\\/wp-content\\\/uploads\\\/2019\\\/05\\\/logomodif.png\",\"width\":347,\"height\":392,\"caption\":\"Mairie de Soisy-Bouy\"},\"image\":{\"@id\":\"https:\\\/\\\/www.mairie-soisybouy.fr\\\/#\\\/schema\\\/logo\\\/image\\\/\"}}]}<\/script>\n<!-- \/ Yoast SEO plugin. -->","yoast_head_json":{"title":"Moto Club des 2 vall\u00e9es &#8226; Mairie de Soisy-Bouy","description":"Site internet officiel de la mairie de Soisy-Bouy.","robots":{"index":"index","follow":"follow","max-snippet":"max-snippet:-1","max-image-preview":"max-image-preview:large","max-video-preview":"max-video-preview:-1"},"canonical":"https:\/\/www.mairie-soisybouy.fr\/index.php\/moto-club-des-2-vallees\/","og_locale":"fr_FR","og_type":"article","og_title":"Moto Club des 2 vall\u00e9es &#8226; Mairie de Soisy-Bouy","og_description":"Site internet officiel de la mairie de Soisy-Bouy.","og_url":"https:\/\/www.mairie-soisybouy.fr\/index.php\/moto-club-des-2-vallees\/","og_site_name":"Mairie de Soisy-Bouy","article_modified_time":"2026-04-09T15:41:12+00:00","og_image":[{"url":"http:\/\/mairie-soisybouy.fr\/wp-content\/uploads\/2019\/05\/ob_8d2187_mc-des-2-vallees-300x145.jpg","type":"","width":"","height":""}],"twitter_card":"summary_large_image","twitter_misc":{"Dur\u00e9e de lecture estim\u00e9e":"1 minute"},"schema":{"@context":"https:\/\/schema.org","@graph":[{"@type":"WebPage","@id":"https:\/\/www.mairie-soisybouy.fr\/index.php\/moto-club-des-2-vallees\/","url":"https:\/\/www.mairie-soisybouy.fr\/index.php\/moto-club-des-2-vallees\/","name":"Moto Club des 2 vall\u00e9es &#8226; Mairie de Soisy-Bouy","isPartOf":{"@id":"https:\/\/www.mairie-soisybouy.fr\/#website"},"primaryImageOfPage":{"@id":"https:\/\/www.mairie-soisybouy.fr\/index.php\/moto-club-des-2-vallees\/#primaryimage"},"image":{"@id":"https:\/\/www.mairie-soisybouy.fr\/index.php\/moto-club-des-2-vallees\/#primaryimage"},"thumbnailUrl":"http:\/\/mairie-soisybouy.fr\/wp-content\/uploads\/2019\/05\/ob_8d2187_mc-des-2-vallees-300x145.jpg","datePublished":"2019-05-27T15:10:07+00:00","dateModified":"2026-04-09T15:41:12+00:00","description":"Site internet officiel de la mairie de Soisy-Bouy.","breadcrumb":{"@id":"https:\/\/www.mairie-soisybouy.fr\/index.php\/moto-club-des-2-vallees\/#breadcrumb"},"inLanguage":"fr-FR","potentialAction":[{"@type":"ReadAction","target":["https:\/\/www.mairie-soisybouy.fr\/index.php\/moto-club-des-2-vallees\/"]}]},{"@type":"ImageObject","inLanguage":"fr-FR","@id":"https:\/\/www.mairie-soisybouy.fr\/index.php\/moto-club-des-2-vallees\/#primaryimage","url":"http:\/\/mairie-soisybouy.fr\/wp-content\/uploads\/2019\/05\/ob_8d2187_mc-des-2-vallees-300x145.jpg","contentUrl":"http:\/\/mairie-soisybouy.fr\/wp-content\/uploads\/2019\/05\/ob_8d2187_mc-des-2-vallees-300x145.jpg"},{"@type":"BreadcrumbList","@id":"https:\/\/www.mairie-soisybouy.fr\/index.php\/moto-club-des-2-vallees\/#breadcrumb","itemListElement":[{"@type":"ListItem","position":1,"name":"Accueil","item":"https:\/\/www.mairie-soisybouy.fr\/"},{"@type":"ListItem","position":2,"name":"Moto Club des 2 vall\u00e9es"}]},{"@type":"WebSite","@id":"https:\/\/www.mairie-soisybouy.fr\/#website","url":"https:\/\/www.mairie-soisybouy.fr\/","name":"Mairie de Soisy-Bouy","description":"","publisher":{"@id":"https:\/\/www.mairie-soisybouy.fr\/#organization"},"potentialAction":[{"@type":"SearchAction","target":{"@type":"EntryPoint","urlTemplate":"https:\/\/www.mairie-soisybouy.fr\/?s={search_term_string}"},"query-input":{"@type":"PropertyValueSpecification","valueRequired":true,"valueName":"search_term_string"}}],"inLanguage":"fr-FR"},{"@type":"Organization","@id":"https:\/\/www.mairie-soisybouy.fr\/#organization","name":"Mairie de Soisy-Bouy","url":"https:\/\/www.mairie-soisybouy.fr\/","logo":{"@type":"ImageObject","inLanguage":"fr-FR","@id":"https:\/\/www.mairie-soisybouy.fr\/#\/schema\/logo\/image\/","url":"https:\/\/www.mairie-soisybouy.fr\/wp-content\/uploads\/2019\/05\/logomodif.png","contentUrl":"https:\/\/www.mairie-soisybouy.fr\/wp-content\/uploads\/2019\/05\/logomodif.png","width":347,"height":392,"caption":"Mairie de Soisy-Bouy"},"image":{"@id":"https:\/\/www.mairie-soisybouy.fr\/#\/schema\/logo\/image\/"}}]}},"_links":{"self":[{"href":"https:\/\/www.mairie-soisybouy.fr\/index.php\/wp-json\/wp\/v2\/pages\/224","targetHints":{"allow":["GET"]}}],"collection":[{"href":"https:\/\/www.mairie-soisybouy.fr\/index.php\/wp-json\/wp\/v2\/pages"}],"about":[{"href":"https:\/\/www.mairie-soisybouy.fr\/index.php\/wp-json\/wp\/v2\/types\/page"}],"author":[{"embeddable":true,"href":"https:\/\/www.mairie-soisybouy.fr\/index.php\/wp-json\/wp\/v2\/users\/1"}],"replies":[{"embeddable":true,"href":"https:\/\/www.mairie-soisybouy.fr\/index.php\/wp-json\/wp\/v2\/comments?post=224"}],"version-history":[{"count":16,"href":"https:\/\/www.mairie-soisybouy.fr\/index.php\/wp-json\/wp\/v2\/pages\/224\/revisions"}],"predecessor-version":[{"id":2676,"href":"https:\/\/www.mairie-soisybouy.fr\/index.php\/wp-json\/wp\/v2\/pages\/224\/revisions\/2676"}],"wp:attachment":[{"href":"https:\/\/www.mairie-soisybouy.fr\/index.php\/wp-json\/wp\/v2\/media?parent=224"}],"curies":[{"name":"wp","href":"https:\/\/api.w.org\/{rel}","templated":true}]}}