{"id":230,"date":"2019-05-27T17:12:26","date_gmt":"2019-05-27T15:12:26","guid":{"rendered":"http:\/\/mairie-soisybouy.fr\/?page_id=230"},"modified":"2026-04-09T15:21:40","modified_gmt":"2026-04-09T13:21:40","slug":"comite-animation-et-culture-de-soisy-bouy","status":"publish","type":"page","link":"https:\/\/www.mairie-soisybouy.fr\/index.php\/comite-animation-et-culture-de-soisy-bouy\/","title":{"rendered":"FESTIV&rsquo;BOUY"},"content":{"rendered":"<h2><img loading=\"lazy\" decoding=\"async\" class=\"alignnone size-medium wp-image-2653\" src=\"https:\/\/www.mairie-soisybouy.fr\/wp-content\/uploads\/2026\/04\/Logo-festivbouy-300x132.png\" alt=\"\" width=\"300\" height=\"132\" srcset=\"https:\/\/www.mairie-soisybouy.fr\/wp-content\/uploads\/2026\/04\/Logo-festivbouy-300x132.png 300w, https:\/\/www.mairie-soisybouy.fr\/wp-content\/uploads\/2026\/04\/Logo-festivbouy.png 404w\" sizes=\"auto, (max-width: 300px) 100vw, 300px\" \/><\/h2>\n<h2 style=\"text-align: center;\"><span style=\"font-family: 'arial black', sans-serif; color: #000000;\"><strong>Festiv<span style=\"color: #800000;\">&lsquo;<\/span>Bouy<\/strong><\/span><\/h2>\n<h3 style=\"text-align: center;\"><span style=\"font-family: 'arial black', sans-serif; color: #000080;\"><strong><span style=\"color: #008000;\">Adresse<\/span>\u00a0<\/strong><span style=\"color: #000000;\">: 19 RUE MAIRIE 77650 SOISY BOUY<\/span><\/span><\/h3>\n<h3 style=\"text-align: center;\"><span style=\"font-family: 'arial black', sans-serif; color: #000080;\"><span style=\"color: #008000;\"><strong>T\u00e9l<\/strong><\/span><span style=\"color: #000000;\"> :\u00a0 01.64.00.15.61<\/span><\/span><\/h3>\n<h3 style=\"text-align: center;\"><span style=\"font-family: 'arial black', sans-serif; color: #000080;\"><span style=\"color: #000000;\">Club dirig\u00e9 par<\/span> <span style=\"color: #008000;\"><strong>Ang\u00e9lique BERARDO<\/strong><\/span><\/span><\/h3>\n<p>&nbsp;<\/p>\n<p>&nbsp;<\/p>\n<h3><span style=\"font-family: 'arial black', sans-serif; color: #000000;\">Pr\u00e9sentation des membres \u00e9lus du bureau :<\/span><\/h3>\n<ul>\n<li>\n<h3><span style=\"font-family: 'arial black', sans-serif; color: #000080;\"><span style=\"color: #000000;\">Pr\u00e9sidente : Mme<\/span> <span style=\"color: #008000;\">BERARDO Ang\u00e9lique<\/span><\/span><\/h3>\n<\/li>\n<li>\n<h3><span style=\"font-family: 'arial black', sans-serif; color: #000080;\"><span style=\"color: #000000;\">Secr\u00e9taire\u00a0: Mme<\/span> <span style=\"color: #008000;\">LECLERE Aur\u00e9lie<\/span><\/span><\/h3>\n<\/li>\n<li>\n<h3><span style=\"font-family: 'arial black', sans-serif; color: #000080;\"><span style=\"color: #000000;\">Tr\u00e9sorier: Mr<\/span> <span style=\"color: #008000;\">JULES Jean-Louis<\/span><\/span><\/h3>\n<\/li>\n<\/ul>\n<h3><\/h3>\n","protected":false},"excerpt":{"rendered":"<p>Festiv&lsquo;Bouy Adresse\u00a0: 19 RUE MAIRIE 77650 SOISY BOUY T\u00e9l :\u00a0 01.64.00.15.61 Club dirig\u00e9 par Ang\u00e9lique BERARDO &nbsp; &nbsp; Pr\u00e9sentation des membres \u00e9lus du bureau : Pr\u00e9sidente : Mme BERARDO Ang\u00e9lique Secr\u00e9taire\u00a0: Mme LECLERE Aur\u00e9lie Tr\u00e9sorier: Mr JULES Jean-Louis<\/p>\n","protected":false},"author":1,"featured_media":0,"parent":0,"menu_order":0,"comment_status":"closed","ping_status":"closed","template":"","meta":{"footnotes":""},"class_list":["post-230","page","type-page","status-publish","hentry"],"yoast_head":"<!-- This site is optimized with the Yoast SEO plugin v27.3 - https:\/\/yoast.com\/product\/yoast-seo-wordpress\/ -->\n<title>FESTIV&#039;BOUY &#8226; Mairie de Soisy-Bouy<\/title>\n<meta name=\"description\" content=\"Site internet officiel de la mairie de Soisy-Bouy.\" \/>\n<meta name=\"robots\" content=\"index, follow, max-snippet:-1, max-image-preview:large, max-video-preview:-1\" \/>\n<link rel=\"canonical\" href=\"https:\/\/www.mairie-soisybouy.fr\/index.php\/comite-animation-et-culture-de-soisy-bouy\/\" \/>\n<meta property=\"og:locale\" content=\"fr_FR\" \/>\n<meta property=\"og:type\" content=\"article\" \/>\n<meta property=\"og:title\" content=\"FESTIV&#039;BOUY &#8226; Mairie de Soisy-Bouy\" \/>\n<meta property=\"og:description\" content=\"Site internet officiel de la mairie de Soisy-Bouy.\" \/>\n<meta property=\"og:url\" content=\"https:\/\/www.mairie-soisybouy.fr\/index.php\/comite-animation-et-culture-de-soisy-bouy\/\" \/>\n<meta property=\"og:site_name\" content=\"Mairie de Soisy-Bouy\" \/>\n<meta property=\"article:modified_time\" content=\"2026-04-09T13:21:40+00:00\" \/>\n<meta property=\"og:image\" content=\"https:\/\/www.mairie-soisybouy.fr\/wp-content\/uploads\/2026\/04\/Logo-festivbouy-300x132.png\" \/>\n<meta name=\"twitter:card\" content=\"summary_large_image\" \/>\n<meta name=\"twitter:label1\" content=\"Dur\u00e9e de lecture estim\u00e9e\" \/>\n\t<meta name=\"twitter:data1\" content=\"1 minute\" \/>\n<script type=\"application\/ld+json\" class=\"yoast-schema-graph\">{\"@context\":\"https:\\\/\\\/schema.org\",\"@graph\":[{\"@type\":\"WebPage\",\"@id\":\"https:\\\/\\\/www.mairie-soisybouy.fr\\\/index.php\\\/comite-animation-et-culture-de-soisy-bouy\\\/\",\"url\":\"https:\\\/\\\/www.mairie-soisybouy.fr\\\/index.php\\\/comite-animation-et-culture-de-soisy-bouy\\\/\",\"name\":\"FESTIV'BOUY &#8226; Mairie de Soisy-Bouy\",\"isPartOf\":{\"@id\":\"https:\\\/\\\/www.mairie-soisybouy.fr\\\/#website\"},\"primaryImageOfPage\":{\"@id\":\"https:\\\/\\\/www.mairie-soisybouy.fr\\\/index.php\\\/comite-animation-et-culture-de-soisy-bouy\\\/#primaryimage\"},\"image\":{\"@id\":\"https:\\\/\\\/www.mairie-soisybouy.fr\\\/index.php\\\/comite-animation-et-culture-de-soisy-bouy\\\/#primaryimage\"},\"thumbnailUrl\":\"https:\\\/\\\/www.mairie-soisybouy.fr\\\/wp-content\\\/uploads\\\/2026\\\/04\\\/Logo-festivbouy-300x132.png\",\"datePublished\":\"2019-05-27T15:12:26+00:00\",\"dateModified\":\"2026-04-09T13:21:40+00:00\",\"description\":\"Site internet officiel de la mairie de Soisy-Bouy.\",\"breadcrumb\":{\"@id\":\"https:\\\/\\\/www.mairie-soisybouy.fr\\\/index.php\\\/comite-animation-et-culture-de-soisy-bouy\\\/#breadcrumb\"},\"inLanguage\":\"fr-FR\",\"potentialAction\":[{\"@type\":\"ReadAction\",\"target\":[\"https:\\\/\\\/www.mairie-soisybouy.fr\\\/index.php\\\/comite-animation-et-culture-de-soisy-bouy\\\/\"]}]},{\"@type\":\"ImageObject\",\"inLanguage\":\"fr-FR\",\"@id\":\"https:\\\/\\\/www.mairie-soisybouy.fr\\\/index.php\\\/comite-animation-et-culture-de-soisy-bouy\\\/#primaryimage\",\"url\":\"https:\\\/\\\/www.mairie-soisybouy.fr\\\/wp-content\\\/uploads\\\/2026\\\/04\\\/Logo-festivbouy.png\",\"contentUrl\":\"https:\\\/\\\/www.mairie-soisybouy.fr\\\/wp-content\\\/uploads\\\/2026\\\/04\\\/Logo-festivbouy.png\",\"width\":404,\"height\":178},{\"@type\":\"BreadcrumbList\",\"@id\":\"https:\\\/\\\/www.mairie-soisybouy.fr\\\/index.php\\\/comite-animation-et-culture-de-soisy-bouy\\\/#breadcrumb\",\"itemListElement\":[{\"@type\":\"ListItem\",\"position\":1,\"name\":\"Accueil\",\"item\":\"https:\\\/\\\/www.mairie-soisybouy.fr\\\/\"},{\"@type\":\"ListItem\",\"position\":2,\"name\":\"FESTIV&rsquo;BOUY\"}]},{\"@type\":\"WebSite\",\"@id\":\"https:\\\/\\\/www.mairie-soisybouy.fr\\\/#website\",\"url\":\"https:\\\/\\\/www.mairie-soisybouy.fr\\\/\",\"name\":\"Mairie de Soisy-Bouy\",\"description\":\"\",\"publisher\":{\"@id\":\"https:\\\/\\\/www.mairie-soisybouy.fr\\\/#organization\"},\"potentialAction\":[{\"@type\":\"SearchAction\",\"target\":{\"@type\":\"EntryPoint\",\"urlTemplate\":\"https:\\\/\\\/www.mairie-soisybouy.fr\\\/?s={search_term_string}\"},\"query-input\":{\"@type\":\"PropertyValueSpecification\",\"valueRequired\":true,\"valueName\":\"search_term_string\"}}],\"inLanguage\":\"fr-FR\"},{\"@type\":\"Organization\",\"@id\":\"https:\\\/\\\/www.mairie-soisybouy.fr\\\/#organization\",\"name\":\"Mairie de Soisy-Bouy\",\"url\":\"https:\\\/\\\/www.mairie-soisybouy.fr\\\/\",\"logo\":{\"@type\":\"ImageObject\",\"inLanguage\":\"fr-FR\",\"@id\":\"https:\\\/\\\/www.mairie-soisybouy.fr\\\/#\\\/schema\\\/logo\\\/image\\\/\",\"url\":\"https:\\\/\\\/www.mairie-soisybouy.fr\\\/wp-content\\\/uploads\\\/2019\\\/05\\\/logomodif.png\",\"contentUrl\":\"https:\\\/\\\/www.mairie-soisybouy.fr\\\/wp-content\\\/uploads\\\/2019\\\/05\\\/logomodif.png\",\"width\":347,\"height\":392,\"caption\":\"Mairie de Soisy-Bouy\"},\"image\":{\"@id\":\"https:\\\/\\\/www.mairie-soisybouy.fr\\\/#\\\/schema\\\/logo\\\/image\\\/\"}}]}<\/script>\n<!-- \/ Yoast SEO plugin. -->","yoast_head_json":{"title":"FESTIV'BOUY &#8226; Mairie de Soisy-Bouy","description":"Site internet officiel de la mairie de Soisy-Bouy.","robots":{"index":"index","follow":"follow","max-snippet":"max-snippet:-1","max-image-preview":"max-image-preview:large","max-video-preview":"max-video-preview:-1"},"canonical":"https:\/\/www.mairie-soisybouy.fr\/index.php\/comite-animation-et-culture-de-soisy-bouy\/","og_locale":"fr_FR","og_type":"article","og_title":"FESTIV'BOUY &#8226; Mairie de Soisy-Bouy","og_description":"Site internet officiel de la mairie de Soisy-Bouy.","og_url":"https:\/\/www.mairie-soisybouy.fr\/index.php\/comite-animation-et-culture-de-soisy-bouy\/","og_site_name":"Mairie de Soisy-Bouy","article_modified_time":"2026-04-09T13:21:40+00:00","og_image":[{"url":"https:\/\/www.mairie-soisybouy.fr\/wp-content\/uploads\/2026\/04\/Logo-festivbouy-300x132.png","type":"","width":"","height":""}],"twitter_card":"summary_large_image","twitter_misc":{"Dur\u00e9e de lecture estim\u00e9e":"1 minute"},"schema":{"@context":"https:\/\/schema.org","@graph":[{"@type":"WebPage","@id":"https:\/\/www.mairie-soisybouy.fr\/index.php\/comite-animation-et-culture-de-soisy-bouy\/","url":"https:\/\/www.mairie-soisybouy.fr\/index.php\/comite-animation-et-culture-de-soisy-bouy\/","name":"FESTIV'BOUY &#8226; Mairie de Soisy-Bouy","isPartOf":{"@id":"https:\/\/www.mairie-soisybouy.fr\/#website"},"primaryImageOfPage":{"@id":"https:\/\/www.mairie-soisybouy.fr\/index.php\/comite-animation-et-culture-de-soisy-bouy\/#primaryimage"},"image":{"@id":"https:\/\/www.mairie-soisybouy.fr\/index.php\/comite-animation-et-culture-de-soisy-bouy\/#primaryimage"},"thumbnailUrl":"https:\/\/www.mairie-soisybouy.fr\/wp-content\/uploads\/2026\/04\/Logo-festivbouy-300x132.png","datePublished":"2019-05-27T15:12:26+00:00","dateModified":"2026-04-09T13:21:40+00:00","description":"Site internet officiel de la mairie de Soisy-Bouy.","breadcrumb":{"@id":"https:\/\/www.mairie-soisybouy.fr\/index.php\/comite-animation-et-culture-de-soisy-bouy\/#breadcrumb"},"inLanguage":"fr-FR","potentialAction":[{"@type":"ReadAction","target":["https:\/\/www.mairie-soisybouy.fr\/index.php\/comite-animation-et-culture-de-soisy-bouy\/"]}]},{"@type":"ImageObject","inLanguage":"fr-FR","@id":"https:\/\/www.mairie-soisybouy.fr\/index.php\/comite-animation-et-culture-de-soisy-bouy\/#primaryimage","url":"https:\/\/www.mairie-soisybouy.fr\/wp-content\/uploads\/2026\/04\/Logo-festivbouy.png","contentUrl":"https:\/\/www.mairie-soisybouy.fr\/wp-content\/uploads\/2026\/04\/Logo-festivbouy.png","width":404,"height":178},{"@type":"BreadcrumbList","@id":"https:\/\/www.mairie-soisybouy.fr\/index.php\/comite-animation-et-culture-de-soisy-bouy\/#breadcrumb","itemListElement":[{"@type":"ListItem","position":1,"name":"Accueil","item":"https:\/\/www.mairie-soisybouy.fr\/"},{"@type":"ListItem","position":2,"name":"FESTIV&rsquo;BOUY"}]},{"@type":"WebSite","@id":"https:\/\/www.mairie-soisybouy.fr\/#website","url":"https:\/\/www.mairie-soisybouy.fr\/","name":"Mairie de Soisy-Bouy","description":"","publisher":{"@id":"https:\/\/www.mairie-soisybouy.fr\/#organization"},"potentialAction":[{"@type":"SearchAction","target":{"@type":"EntryPoint","urlTemplate":"https:\/\/www.mairie-soisybouy.fr\/?s={search_term_string}"},"query-input":{"@type":"PropertyValueSpecification","valueRequired":true,"valueName":"search_term_string"}}],"inLanguage":"fr-FR"},{"@type":"Organization","@id":"https:\/\/www.mairie-soisybouy.fr\/#organization","name":"Mairie de Soisy-Bouy","url":"https:\/\/www.mairie-soisybouy.fr\/","logo":{"@type":"ImageObject","inLanguage":"fr-FR","@id":"https:\/\/www.mairie-soisybouy.fr\/#\/schema\/logo\/image\/","url":"https:\/\/www.mairie-soisybouy.fr\/wp-content\/uploads\/2019\/05\/logomodif.png","contentUrl":"https:\/\/www.mairie-soisybouy.fr\/wp-content\/uploads\/2019\/05\/logomodif.png","width":347,"height":392,"caption":"Mairie de Soisy-Bouy"},"image":{"@id":"https:\/\/www.mairie-soisybouy.fr\/#\/schema\/logo\/image\/"}}]}},"_links":{"self":[{"href":"https:\/\/www.mairie-soisybouy.fr\/index.php\/wp-json\/wp\/v2\/pages\/230","targetHints":{"allow":["GET"]}}],"collection":[{"href":"https:\/\/www.mairie-soisybouy.fr\/index.php\/wp-json\/wp\/v2\/pages"}],"about":[{"href":"https:\/\/www.mairie-soisybouy.fr\/index.php\/wp-json\/wp\/v2\/types\/page"}],"author":[{"embeddable":true,"href":"https:\/\/www.mairie-soisybouy.fr\/index.php\/wp-json\/wp\/v2\/users\/1"}],"replies":[{"embeddable":true,"href":"https:\/\/www.mairie-soisybouy.fr\/index.php\/wp-json\/wp\/v2\/comments?post=230"}],"version-history":[{"count":11,"href":"https:\/\/www.mairie-soisybouy.fr\/index.php\/wp-json\/wp\/v2\/pages\/230\/revisions"}],"predecessor-version":[{"id":2316,"href":"https:\/\/www.mairie-soisybouy.fr\/index.php\/wp-json\/wp\/v2\/pages\/230\/revisions\/2316"}],"wp:attachment":[{"href":"https:\/\/www.mairie-soisybouy.fr\/index.php\/wp-json\/wp\/v2\/media?parent=230"}],"curies":[{"name":"wp","href":"https:\/\/api.w.org\/{rel}","templated":true}]}}