{"id":2376,"date":"2025-02-17T10:56:16","date_gmt":"2025-02-17T09:56:16","guid":{"rendered":"https:\/\/www.mairie-soisybouy.fr\/?page_id=2376"},"modified":"2026-04-09T17:33:03","modified_gmt":"2026-04-09T15:33:03","slug":"caribbean-vibes-77","status":"publish","type":"page","link":"https:\/\/www.mairie-soisybouy.fr\/index.php\/caribbean-vibes-77\/","title":{"rendered":"CARIBBEAN VIBES 77"},"content":{"rendered":"<h2><\/h2>\n<h2><img loading=\"lazy\" decoding=\"async\" class=\"alignnone wp-image-2657\" src=\"https:\/\/www.mairie-soisybouy.fr\/wp-content\/uploads\/2026\/04\/caribbean-vibes-77-logo-300x292.png\" alt=\"\" width=\"205\" height=\"200\" srcset=\"https:\/\/www.mairie-soisybouy.fr\/wp-content\/uploads\/2026\/04\/caribbean-vibes-77-logo-300x292.png 300w, https:\/\/www.mairie-soisybouy.fr\/wp-content\/uploads\/2026\/04\/caribbean-vibes-77-logo.png 750w\" sizes=\"auto, (max-width: 205px) 100vw, 205px\" \/><\/h2>\n<h2 style=\"text-align: center;\"><span style=\"font-family: 'arial black', sans-serif; color: #008080;\"><strong>CARIBBEAN VIBES 77<\/strong><\/span><\/h2>\n<p style=\"text-align: center;\"><span style=\"font-family: 'arial black', sans-serif; color: #008080;\">Club <span style=\"font-size: 12pt;\">Antillais <\/span>dirig\u00e9 par Monsieur <span style=\"color: #ff9900;\">J\u00e9rome NICOLAS<\/span> <span style=\"font-size: 24pt;\">\ud83c\udf3a<\/span><\/span><\/p>\n<table class=\" aligncenter\" style=\"width: 35.6923%; height: 557px;\">\n<tbody>\n<tr>\n<td width=\"174\"><span style=\"font-family: 'arial black', sans-serif; color: #008080;\">Vice-Pr\u00e9sidente<\/span><\/td>\n<td width=\"174\"><span style=\"font-family: 'arial black', sans-serif; color: #008080;\">Marcelline TIRACHE<\/span><\/td>\n<\/tr>\n<tr>\n<td width=\"174\"><span style=\"font-family: 'arial black', sans-serif; color: #008080;\">Vice-Pr\u00e9sident<\/span><\/td>\n<td width=\"174\"><span style=\"font-family: 'arial black', sans-serif; color: #008080;\">Yann PERRO<\/span><\/td>\n<\/tr>\n<tr>\n<td width=\"174\"><span style=\"font-family: 'arial black', sans-serif; color: #008080;\">Tr\u00e9sorier<\/span><\/td>\n<td width=\"174\"><span style=\"font-family: 'arial black', sans-serif; color: #008080;\">Miguel PERRO<\/span><\/td>\n<\/tr>\n<tr>\n<td width=\"174\"><span style=\"font-family: 'arial black', sans-serif; color: #008080;\">Tr\u00e9sorier Adjoint<\/span><\/td>\n<td width=\"174\"><span style=\"font-family: 'arial black', sans-serif; color: #008080;\">Nicolas POMMIER<\/span><\/td>\n<\/tr>\n<tr>\n<td width=\"174\"><span style=\"font-family: 'arial black', sans-serif; color: #008080;\">Secr\u00e9taire<\/span><\/td>\n<td width=\"174\"><span style=\"font-family: 'arial black', sans-serif; color: #008080;\">Cyndia PERRO<\/span><\/td>\n<\/tr>\n<tr>\n<td width=\"174\"><span style=\"font-family: 'arial black', sans-serif; color: #008080;\">Secr\u00e9taire Adjointe<\/span><\/td>\n<td width=\"174\"><span style=\"font-family: 'arial black', sans-serif; color: #008080;\">Prisca ANACHARSIS<\/span><\/td>\n<\/tr>\n<tr>\n<td width=\"174\"><span style=\"font-family: 'arial black', sans-serif; color: #008080;\">Administratrice<\/span><\/td>\n<td width=\"174\"><span style=\"font-family: 'arial black', sans-serif; color: #008080;\">Myl\u00e8ne NICOLAS<\/span><\/td>\n<\/tr>\n<tr>\n<td width=\"174\"><span style=\"font-family: 'arial black', sans-serif; color: #008080;\">Administratrice<\/span><\/td>\n<td width=\"174\"><span style=\"font-family: 'arial black', sans-serif; color: #008080;\">Anne-Elisabeth PERRO<\/span><\/td>\n<\/tr>\n<tr>\n<td width=\"174\"><span style=\"font-family: 'arial black', sans-serif; color: #008080;\">Administrateur<\/span><\/td>\n<td width=\"174\"><span style=\"font-family: 'arial black', sans-serif; color: #008080;\">Miguel ANACHARSIS<\/span><\/td>\n<\/tr>\n<\/tbody>\n<\/table>\n<p style=\"text-align: center;\"><span style=\"font-family: 'arial black', sans-serif; color: #008080;\">contact :<\/span> <a href=\"mailto:caribbeanvibes77@gmail.com\" target=\"_blank\" rel=\"noopener noreferrer\">caribbeanvibes77@gmail.com<\/a><\/p>\n","protected":false},"excerpt":{"rendered":"<p>CARIBBEAN VIBES 77 Club Antillais dirig\u00e9 par Monsieur J\u00e9rome NICOLAS \ud83c\udf3a Vice-Pr\u00e9sidente Marcelline TIRACHE Vice-Pr\u00e9sident Yann PERRO Tr\u00e9sorier Miguel PERRO Tr\u00e9sorier Adjoint Nicolas POMMIER Secr\u00e9taire Cyndia PERRO Secr\u00e9taire Adjointe Prisca ANACHARSIS Administratrice Myl\u00e8ne NICOLAS Administratrice Anne-Elisabeth PERRO Administrateur Miguel ANACHARSIS contact : caribbeanvibes77@gmail.com<\/p>\n","protected":false},"author":3,"featured_media":0,"parent":0,"menu_order":0,"comment_status":"closed","ping_status":"closed","template":"","meta":{"footnotes":""},"class_list":["post-2376","page","type-page","status-publish","hentry"],"yoast_head":"<!-- This site is optimized with the Yoast SEO plugin v27.3 - https:\/\/yoast.com\/product\/yoast-seo-wordpress\/ -->\n<title>CARIBBEAN VIBES 77 &#8226; Mairie de Soisy-Bouy<\/title>\n<meta name=\"description\" content=\"Site internet officiel de la mairie de Soisy-Bouy.\" \/>\n<meta name=\"robots\" content=\"index, follow, max-snippet:-1, max-image-preview:large, max-video-preview:-1\" \/>\n<link rel=\"canonical\" href=\"https:\/\/www.mairie-soisybouy.fr\/index.php\/caribbean-vibes-77\/\" \/>\n<meta property=\"og:locale\" content=\"fr_FR\" \/>\n<meta property=\"og:type\" content=\"article\" \/>\n<meta property=\"og:title\" content=\"CARIBBEAN VIBES 77 &#8226; Mairie de Soisy-Bouy\" \/>\n<meta property=\"og:description\" content=\"Site internet officiel de la mairie de Soisy-Bouy.\" \/>\n<meta property=\"og:url\" content=\"https:\/\/www.mairie-soisybouy.fr\/index.php\/caribbean-vibes-77\/\" \/>\n<meta property=\"og:site_name\" content=\"Mairie de Soisy-Bouy\" \/>\n<meta property=\"article:modified_time\" content=\"2026-04-09T15:33:03+00:00\" \/>\n<meta property=\"og:image\" content=\"https:\/\/www.mairie-soisybouy.fr\/wp-content\/uploads\/2026\/04\/caribbean-vibes-77-logo-300x292.png\" \/>\n<meta name=\"twitter:card\" content=\"summary_large_image\" \/>\n<meta name=\"twitter:label1\" content=\"Dur\u00e9e de lecture estim\u00e9e\" \/>\n\t<meta name=\"twitter:data1\" content=\"1 minute\" \/>\n<script type=\"application\/ld+json\" class=\"yoast-schema-graph\">{\"@context\":\"https:\\\/\\\/schema.org\",\"@graph\":[{\"@type\":\"WebPage\",\"@id\":\"https:\\\/\\\/www.mairie-soisybouy.fr\\\/index.php\\\/caribbean-vibes-77\\\/\",\"url\":\"https:\\\/\\\/www.mairie-soisybouy.fr\\\/index.php\\\/caribbean-vibes-77\\\/\",\"name\":\"CARIBBEAN VIBES 77 &#8226; Mairie de Soisy-Bouy\",\"isPartOf\":{\"@id\":\"https:\\\/\\\/www.mairie-soisybouy.fr\\\/#website\"},\"primaryImageOfPage\":{\"@id\":\"https:\\\/\\\/www.mairie-soisybouy.fr\\\/index.php\\\/caribbean-vibes-77\\\/#primaryimage\"},\"image\":{\"@id\":\"https:\\\/\\\/www.mairie-soisybouy.fr\\\/index.php\\\/caribbean-vibes-77\\\/#primaryimage\"},\"thumbnailUrl\":\"https:\\\/\\\/www.mairie-soisybouy.fr\\\/wp-content\\\/uploads\\\/2026\\\/04\\\/caribbean-vibes-77-logo-300x292.png\",\"datePublished\":\"2025-02-17T09:56:16+00:00\",\"dateModified\":\"2026-04-09T15:33:03+00:00\",\"description\":\"Site internet officiel de la mairie de Soisy-Bouy.\",\"breadcrumb\":{\"@id\":\"https:\\\/\\\/www.mairie-soisybouy.fr\\\/index.php\\\/caribbean-vibes-77\\\/#breadcrumb\"},\"inLanguage\":\"fr-FR\",\"potentialAction\":[{\"@type\":\"ReadAction\",\"target\":[\"https:\\\/\\\/www.mairie-soisybouy.fr\\\/index.php\\\/caribbean-vibes-77\\\/\"]}]},{\"@type\":\"ImageObject\",\"inLanguage\":\"fr-FR\",\"@id\":\"https:\\\/\\\/www.mairie-soisybouy.fr\\\/index.php\\\/caribbean-vibes-77\\\/#primaryimage\",\"url\":\"https:\\\/\\\/www.mairie-soisybouy.fr\\\/wp-content\\\/uploads\\\/2026\\\/04\\\/caribbean-vibes-77-logo.png\",\"contentUrl\":\"https:\\\/\\\/www.mairie-soisybouy.fr\\\/wp-content\\\/uploads\\\/2026\\\/04\\\/caribbean-vibes-77-logo.png\",\"width\":750,\"height\":731},{\"@type\":\"BreadcrumbList\",\"@id\":\"https:\\\/\\\/www.mairie-soisybouy.fr\\\/index.php\\\/caribbean-vibes-77\\\/#breadcrumb\",\"itemListElement\":[{\"@type\":\"ListItem\",\"position\":1,\"name\":\"Accueil\",\"item\":\"https:\\\/\\\/www.mairie-soisybouy.fr\\\/\"},{\"@type\":\"ListItem\",\"position\":2,\"name\":\"CARIBBEAN VIBES 77\"}]},{\"@type\":\"WebSite\",\"@id\":\"https:\\\/\\\/www.mairie-soisybouy.fr\\\/#website\",\"url\":\"https:\\\/\\\/www.mairie-soisybouy.fr\\\/\",\"name\":\"Mairie de Soisy-Bouy\",\"description\":\"\",\"publisher\":{\"@id\":\"https:\\\/\\\/www.mairie-soisybouy.fr\\\/#organization\"},\"potentialAction\":[{\"@type\":\"SearchAction\",\"target\":{\"@type\":\"EntryPoint\",\"urlTemplate\":\"https:\\\/\\\/www.mairie-soisybouy.fr\\\/?s={search_term_string}\"},\"query-input\":{\"@type\":\"PropertyValueSpecification\",\"valueRequired\":true,\"valueName\":\"search_term_string\"}}],\"inLanguage\":\"fr-FR\"},{\"@type\":\"Organization\",\"@id\":\"https:\\\/\\\/www.mairie-soisybouy.fr\\\/#organization\",\"name\":\"Mairie de Soisy-Bouy\",\"url\":\"https:\\\/\\\/www.mairie-soisybouy.fr\\\/\",\"logo\":{\"@type\":\"ImageObject\",\"inLanguage\":\"fr-FR\",\"@id\":\"https:\\\/\\\/www.mairie-soisybouy.fr\\\/#\\\/schema\\\/logo\\\/image\\\/\",\"url\":\"https:\\\/\\\/www.mairie-soisybouy.fr\\\/wp-content\\\/uploads\\\/2019\\\/05\\\/logomodif.png\",\"contentUrl\":\"https:\\\/\\\/www.mairie-soisybouy.fr\\\/wp-content\\\/uploads\\\/2019\\\/05\\\/logomodif.png\",\"width\":347,\"height\":392,\"caption\":\"Mairie de Soisy-Bouy\"},\"image\":{\"@id\":\"https:\\\/\\\/www.mairie-soisybouy.fr\\\/#\\\/schema\\\/logo\\\/image\\\/\"}}]}<\/script>\n<!-- \/ Yoast SEO plugin. -->","yoast_head_json":{"title":"CARIBBEAN VIBES 77 &#8226; Mairie de Soisy-Bouy","description":"Site internet officiel de la mairie de Soisy-Bouy.","robots":{"index":"index","follow":"follow","max-snippet":"max-snippet:-1","max-image-preview":"max-image-preview:large","max-video-preview":"max-video-preview:-1"},"canonical":"https:\/\/www.mairie-soisybouy.fr\/index.php\/caribbean-vibes-77\/","og_locale":"fr_FR","og_type":"article","og_title":"CARIBBEAN VIBES 77 &#8226; Mairie de Soisy-Bouy","og_description":"Site internet officiel de la mairie de Soisy-Bouy.","og_url":"https:\/\/www.mairie-soisybouy.fr\/index.php\/caribbean-vibes-77\/","og_site_name":"Mairie de Soisy-Bouy","article_modified_time":"2026-04-09T15:33:03+00:00","og_image":[{"url":"https:\/\/www.mairie-soisybouy.fr\/wp-content\/uploads\/2026\/04\/caribbean-vibes-77-logo-300x292.png","type":"","width":"","height":""}],"twitter_card":"summary_large_image","twitter_misc":{"Dur\u00e9e de lecture estim\u00e9e":"1 minute"},"schema":{"@context":"https:\/\/schema.org","@graph":[{"@type":"WebPage","@id":"https:\/\/www.mairie-soisybouy.fr\/index.php\/caribbean-vibes-77\/","url":"https:\/\/www.mairie-soisybouy.fr\/index.php\/caribbean-vibes-77\/","name":"CARIBBEAN VIBES 77 &#8226; Mairie de Soisy-Bouy","isPartOf":{"@id":"https:\/\/www.mairie-soisybouy.fr\/#website"},"primaryImageOfPage":{"@id":"https:\/\/www.mairie-soisybouy.fr\/index.php\/caribbean-vibes-77\/#primaryimage"},"image":{"@id":"https:\/\/www.mairie-soisybouy.fr\/index.php\/caribbean-vibes-77\/#primaryimage"},"thumbnailUrl":"https:\/\/www.mairie-soisybouy.fr\/wp-content\/uploads\/2026\/04\/caribbean-vibes-77-logo-300x292.png","datePublished":"2025-02-17T09:56:16+00:00","dateModified":"2026-04-09T15:33:03+00:00","description":"Site internet officiel de la mairie de Soisy-Bouy.","breadcrumb":{"@id":"https:\/\/www.mairie-soisybouy.fr\/index.php\/caribbean-vibes-77\/#breadcrumb"},"inLanguage":"fr-FR","potentialAction":[{"@type":"ReadAction","target":["https:\/\/www.mairie-soisybouy.fr\/index.php\/caribbean-vibes-77\/"]}]},{"@type":"ImageObject","inLanguage":"fr-FR","@id":"https:\/\/www.mairie-soisybouy.fr\/index.php\/caribbean-vibes-77\/#primaryimage","url":"https:\/\/www.mairie-soisybouy.fr\/wp-content\/uploads\/2026\/04\/caribbean-vibes-77-logo.png","contentUrl":"https:\/\/www.mairie-soisybouy.fr\/wp-content\/uploads\/2026\/04\/caribbean-vibes-77-logo.png","width":750,"height":731},{"@type":"BreadcrumbList","@id":"https:\/\/www.mairie-soisybouy.fr\/index.php\/caribbean-vibes-77\/#breadcrumb","itemListElement":[{"@type":"ListItem","position":1,"name":"Accueil","item":"https:\/\/www.mairie-soisybouy.fr\/"},{"@type":"ListItem","position":2,"name":"CARIBBEAN VIBES 77"}]},{"@type":"WebSite","@id":"https:\/\/www.mairie-soisybouy.fr\/#website","url":"https:\/\/www.mairie-soisybouy.fr\/","name":"Mairie de Soisy-Bouy","description":"","publisher":{"@id":"https:\/\/www.mairie-soisybouy.fr\/#organization"},"potentialAction":[{"@type":"SearchAction","target":{"@type":"EntryPoint","urlTemplate":"https:\/\/www.mairie-soisybouy.fr\/?s={search_term_string}"},"query-input":{"@type":"PropertyValueSpecification","valueRequired":true,"valueName":"search_term_string"}}],"inLanguage":"fr-FR"},{"@type":"Organization","@id":"https:\/\/www.mairie-soisybouy.fr\/#organization","name":"Mairie de Soisy-Bouy","url":"https:\/\/www.mairie-soisybouy.fr\/","logo":{"@type":"ImageObject","inLanguage":"fr-FR","@id":"https:\/\/www.mairie-soisybouy.fr\/#\/schema\/logo\/image\/","url":"https:\/\/www.mairie-soisybouy.fr\/wp-content\/uploads\/2019\/05\/logomodif.png","contentUrl":"https:\/\/www.mairie-soisybouy.fr\/wp-content\/uploads\/2019\/05\/logomodif.png","width":347,"height":392,"caption":"Mairie de Soisy-Bouy"},"image":{"@id":"https:\/\/www.mairie-soisybouy.fr\/#\/schema\/logo\/image\/"}}]}},"_links":{"self":[{"href":"https:\/\/www.mairie-soisybouy.fr\/index.php\/wp-json\/wp\/v2\/pages\/2376","targetHints":{"allow":["GET"]}}],"collection":[{"href":"https:\/\/www.mairie-soisybouy.fr\/index.php\/wp-json\/wp\/v2\/pages"}],"about":[{"href":"https:\/\/www.mairie-soisybouy.fr\/index.php\/wp-json\/wp\/v2\/types\/page"}],"author":[{"embeddable":true,"href":"https:\/\/www.mairie-soisybouy.fr\/index.php\/wp-json\/wp\/v2\/users\/3"}],"replies":[{"embeddable":true,"href":"https:\/\/www.mairie-soisybouy.fr\/index.php\/wp-json\/wp\/v2\/comments?post=2376"}],"version-history":[{"count":5,"href":"https:\/\/www.mairie-soisybouy.fr\/index.php\/wp-json\/wp\/v2\/pages\/2376\/revisions"}],"predecessor-version":[{"id":2672,"href":"https:\/\/www.mairie-soisybouy.fr\/index.php\/wp-json\/wp\/v2\/pages\/2376\/revisions\/2672"}],"wp:attachment":[{"href":"https:\/\/www.mairie-soisybouy.fr\/index.php\/wp-json\/wp\/v2\/media?parent=2376"}],"curies":[{"name":"wp","href":"https:\/\/api.w.org\/{rel}","templated":true}]}}