{"id":2453,"date":"2026-02-24T11:51:44","date_gmt":"2026-02-24T10:51:44","guid":{"rendered":"https:\/\/www.mairie-soisybouy.fr\/?page_id=2453"},"modified":"2026-04-09T17:34:22","modified_gmt":"2026-04-09T15:34:22","slug":"cultures-et-traditions-des-antilles-et-du-monde","status":"publish","type":"page","link":"https:\/\/www.mairie-soisybouy.fr\/index.php\/cultures-et-traditions-des-antilles-et-du-monde\/","title":{"rendered":"Cultures et Traditions des Antilles et du Monde"},"content":{"rendered":"<p>&nbsp;<\/p>\n<p>&nbsp;<\/p>\n<p><img loading=\"lazy\" decoding=\"async\" class=\"alignnone wp-image-2661\" src=\"https:\/\/www.mairie-soisybouy.fr\/wp-content\/uploads\/2026\/04\/Cetam-logo-300x194.png\" alt=\"\" width=\"329\" height=\"213\" srcset=\"https:\/\/www.mairie-soisybouy.fr\/wp-content\/uploads\/2026\/04\/Cetam-logo-300x194.png 300w, https:\/\/www.mairie-soisybouy.fr\/wp-content\/uploads\/2026\/04\/Cetam-logo-1024x663.png 1024w, https:\/\/www.mairie-soisybouy.fr\/wp-content\/uploads\/2026\/04\/Cetam-logo-768x497.png 768w, https:\/\/www.mairie-soisybouy.fr\/wp-content\/uploads\/2026\/04\/Cetam-logo.png 1118w\" sizes=\"auto, (max-width: 329px) 100vw, 329px\" \/><\/p>\n<p style=\"text-align: center;\"><span style=\"font-family: 'arial black', sans-serif; color: #800000; font-size: 24pt;\">CETAM<\/span><\/p>\n<p style=\"text-align: center;\"><span style=\"font-family: 'arial black', sans-serif; color: #800000;\">&#8212;&#8212;<\/span><\/p>\n<p style=\"text-align: center;\"><span style=\"font-family: 'arial black', sans-serif; color: #800000;\"><span style=\"color: #008080;\">Si\u00e8ge social<\/span> : 19 rue de la Maire, 77650 SOISY-BOUY<\/span><\/p>\n<p style=\"text-align: center;\"><span style=\"font-family: 'arial black', sans-serif; color: #800000;\"><span style=\"color: #008080;\">Contact<\/span> : cetam77@yahoo.com<\/span><\/p>\n<p style=\"text-align: center;\"><span style=\"font-family: 'arial black', sans-serif; color: #800000;\">06.85.72.79.09<\/span><\/p>\n<p style=\"text-align: center;\"><span style=\"font-family: 'arial black', sans-serif; color: #800000;\">Pr\u00e9sidente : <span style=\"color: #008080;\">Daniella NITUSGAU<\/span><\/span><\/p>\n<p style=\"text-align: center;\"><span style=\"font-family: 'arial black', sans-serif; color: #800000;\">Secr\u00e9taire : <span style=\"color: #008080;\">Daphn\u00e9 SEMP\u00c9<\/span><\/span><\/p>\n<p style=\"text-align: center;\"><span style=\"font-family: 'arial black', sans-serif; color: #800000;\">L&rsquo;association CETAM propose des cours de <span style=\"color: #008080;\">ZUMBA<\/span> et de <span style=\"color: #008080;\">GOSPEL<\/span><\/span><\/p>\n<p><img loading=\"lazy\" decoding=\"async\" class=\"alignnone size-full wp-image-2466 aligncenter\" src=\"https:\/\/www.mairie-soisybouy.fr\/wp-content\/uploads\/2026\/03\/images.jpg\" alt=\"\" width=\"224\" height=\"225\" srcset=\"https:\/\/www.mairie-soisybouy.fr\/wp-content\/uploads\/2026\/03\/images.jpg 224w, https:\/\/www.mairie-soisybouy.fr\/wp-content\/uploads\/2026\/03\/images-150x150.jpg 150w\" sizes=\"auto, (max-width: 224px) 100vw, 224px\" \/><\/p>\n","protected":false},"excerpt":{"rendered":"<p>&nbsp; &nbsp; CETAM &#8212;&#8212; Si\u00e8ge social : 19 rue de la Maire, 77650 SOISY-BOUY Contact : cetam77@yahoo.com 06.85.72.79.09 Pr\u00e9sidente : Daniella NITUSGAU Secr\u00e9taire : Daphn\u00e9 SEMP\u00c9 L&rsquo;association CETAM propose des cours de ZUMBA et de GOSPEL<\/p>\n","protected":false},"author":3,"featured_media":0,"parent":0,"menu_order":0,"comment_status":"closed","ping_status":"closed","template":"","meta":{"footnotes":""},"class_list":["post-2453","page","type-page","status-publish","hentry"],"yoast_head":"<!-- This site is optimized with the Yoast SEO plugin v27.3 - https:\/\/yoast.com\/product\/yoast-seo-wordpress\/ -->\n<title>Cultures et Traditions des Antilles et du Monde &#8226; Mairie de Soisy-Bouy<\/title>\n<meta name=\"description\" content=\"Site internet officiel de la mairie de Soisy-Bouy.\" \/>\n<meta name=\"robots\" content=\"index, follow, max-snippet:-1, max-image-preview:large, max-video-preview:-1\" \/>\n<link rel=\"canonical\" href=\"https:\/\/www.mairie-soisybouy.fr\/index.php\/cultures-et-traditions-des-antilles-et-du-monde\/\" \/>\n<meta property=\"og:locale\" content=\"fr_FR\" \/>\n<meta property=\"og:type\" content=\"article\" \/>\n<meta property=\"og:title\" content=\"Cultures et Traditions des Antilles et du Monde &#8226; Mairie de Soisy-Bouy\" \/>\n<meta property=\"og:description\" content=\"Site internet officiel de la mairie de Soisy-Bouy.\" \/>\n<meta property=\"og:url\" content=\"https:\/\/www.mairie-soisybouy.fr\/index.php\/cultures-et-traditions-des-antilles-et-du-monde\/\" \/>\n<meta property=\"og:site_name\" content=\"Mairie de Soisy-Bouy\" \/>\n<meta property=\"article:modified_time\" content=\"2026-04-09T15:34:22+00:00\" \/>\n<meta property=\"og:image\" content=\"https:\/\/www.mairie-soisybouy.fr\/wp-content\/uploads\/2026\/04\/Cetam-logo-300x194.png\" \/>\n<meta name=\"twitter:card\" content=\"summary_large_image\" \/>\n<meta name=\"twitter:label1\" content=\"Dur\u00e9e de lecture estim\u00e9e\" \/>\n\t<meta name=\"twitter:data1\" content=\"1 minute\" \/>\n<script type=\"application\/ld+json\" class=\"yoast-schema-graph\">{\"@context\":\"https:\\\/\\\/schema.org\",\"@graph\":[{\"@type\":\"WebPage\",\"@id\":\"https:\\\/\\\/www.mairie-soisybouy.fr\\\/index.php\\\/cultures-et-traditions-des-antilles-et-du-monde\\\/\",\"url\":\"https:\\\/\\\/www.mairie-soisybouy.fr\\\/index.php\\\/cultures-et-traditions-des-antilles-et-du-monde\\\/\",\"name\":\"Cultures et Traditions des Antilles et du Monde &#8226; Mairie de Soisy-Bouy\",\"isPartOf\":{\"@id\":\"https:\\\/\\\/www.mairie-soisybouy.fr\\\/#website\"},\"primaryImageOfPage\":{\"@id\":\"https:\\\/\\\/www.mairie-soisybouy.fr\\\/index.php\\\/cultures-et-traditions-des-antilles-et-du-monde\\\/#primaryimage\"},\"image\":{\"@id\":\"https:\\\/\\\/www.mairie-soisybouy.fr\\\/index.php\\\/cultures-et-traditions-des-antilles-et-du-monde\\\/#primaryimage\"},\"thumbnailUrl\":\"https:\\\/\\\/www.mairie-soisybouy.fr\\\/wp-content\\\/uploads\\\/2026\\\/04\\\/Cetam-logo-300x194.png\",\"datePublished\":\"2026-02-24T10:51:44+00:00\",\"dateModified\":\"2026-04-09T15:34:22+00:00\",\"description\":\"Site internet officiel de la mairie de Soisy-Bouy.\",\"breadcrumb\":{\"@id\":\"https:\\\/\\\/www.mairie-soisybouy.fr\\\/index.php\\\/cultures-et-traditions-des-antilles-et-du-monde\\\/#breadcrumb\"},\"inLanguage\":\"fr-FR\",\"potentialAction\":[{\"@type\":\"ReadAction\",\"target\":[\"https:\\\/\\\/www.mairie-soisybouy.fr\\\/index.php\\\/cultures-et-traditions-des-antilles-et-du-monde\\\/\"]}]},{\"@type\":\"ImageObject\",\"inLanguage\":\"fr-FR\",\"@id\":\"https:\\\/\\\/www.mairie-soisybouy.fr\\\/index.php\\\/cultures-et-traditions-des-antilles-et-du-monde\\\/#primaryimage\",\"url\":\"https:\\\/\\\/www.mairie-soisybouy.fr\\\/wp-content\\\/uploads\\\/2026\\\/04\\\/Cetam-logo.png\",\"contentUrl\":\"https:\\\/\\\/www.mairie-soisybouy.fr\\\/wp-content\\\/uploads\\\/2026\\\/04\\\/Cetam-logo.png\",\"width\":1118,\"height\":724},{\"@type\":\"BreadcrumbList\",\"@id\":\"https:\\\/\\\/www.mairie-soisybouy.fr\\\/index.php\\\/cultures-et-traditions-des-antilles-et-du-monde\\\/#breadcrumb\",\"itemListElement\":[{\"@type\":\"ListItem\",\"position\":1,\"name\":\"Accueil\",\"item\":\"https:\\\/\\\/www.mairie-soisybouy.fr\\\/\"},{\"@type\":\"ListItem\",\"position\":2,\"name\":\"Cultures et Traditions des Antilles et du Monde\"}]},{\"@type\":\"WebSite\",\"@id\":\"https:\\\/\\\/www.mairie-soisybouy.fr\\\/#website\",\"url\":\"https:\\\/\\\/www.mairie-soisybouy.fr\\\/\",\"name\":\"Mairie de Soisy-Bouy\",\"description\":\"\",\"publisher\":{\"@id\":\"https:\\\/\\\/www.mairie-soisybouy.fr\\\/#organization\"},\"potentialAction\":[{\"@type\":\"SearchAction\",\"target\":{\"@type\":\"EntryPoint\",\"urlTemplate\":\"https:\\\/\\\/www.mairie-soisybouy.fr\\\/?s={search_term_string}\"},\"query-input\":{\"@type\":\"PropertyValueSpecification\",\"valueRequired\":true,\"valueName\":\"search_term_string\"}}],\"inLanguage\":\"fr-FR\"},{\"@type\":\"Organization\",\"@id\":\"https:\\\/\\\/www.mairie-soisybouy.fr\\\/#organization\",\"name\":\"Mairie de Soisy-Bouy\",\"url\":\"https:\\\/\\\/www.mairie-soisybouy.fr\\\/\",\"logo\":{\"@type\":\"ImageObject\",\"inLanguage\":\"fr-FR\",\"@id\":\"https:\\\/\\\/www.mairie-soisybouy.fr\\\/#\\\/schema\\\/logo\\\/image\\\/\",\"url\":\"https:\\\/\\\/www.mairie-soisybouy.fr\\\/wp-content\\\/uploads\\\/2019\\\/05\\\/logomodif.png\",\"contentUrl\":\"https:\\\/\\\/www.mairie-soisybouy.fr\\\/wp-content\\\/uploads\\\/2019\\\/05\\\/logomodif.png\",\"width\":347,\"height\":392,\"caption\":\"Mairie de Soisy-Bouy\"},\"image\":{\"@id\":\"https:\\\/\\\/www.mairie-soisybouy.fr\\\/#\\\/schema\\\/logo\\\/image\\\/\"}}]}<\/script>\n<!-- \/ Yoast SEO plugin. -->","yoast_head_json":{"title":"Cultures et Traditions des Antilles et du Monde &#8226; Mairie de Soisy-Bouy","description":"Site internet officiel de la mairie de Soisy-Bouy.","robots":{"index":"index","follow":"follow","max-snippet":"max-snippet:-1","max-image-preview":"max-image-preview:large","max-video-preview":"max-video-preview:-1"},"canonical":"https:\/\/www.mairie-soisybouy.fr\/index.php\/cultures-et-traditions-des-antilles-et-du-monde\/","og_locale":"fr_FR","og_type":"article","og_title":"Cultures et Traditions des Antilles et du Monde &#8226; Mairie de Soisy-Bouy","og_description":"Site internet officiel de la mairie de Soisy-Bouy.","og_url":"https:\/\/www.mairie-soisybouy.fr\/index.php\/cultures-et-traditions-des-antilles-et-du-monde\/","og_site_name":"Mairie de Soisy-Bouy","article_modified_time":"2026-04-09T15:34:22+00:00","og_image":[{"url":"https:\/\/www.mairie-soisybouy.fr\/wp-content\/uploads\/2026\/04\/Cetam-logo-300x194.png","type":"","width":"","height":""}],"twitter_card":"summary_large_image","twitter_misc":{"Dur\u00e9e de lecture estim\u00e9e":"1 minute"},"schema":{"@context":"https:\/\/schema.org","@graph":[{"@type":"WebPage","@id":"https:\/\/www.mairie-soisybouy.fr\/index.php\/cultures-et-traditions-des-antilles-et-du-monde\/","url":"https:\/\/www.mairie-soisybouy.fr\/index.php\/cultures-et-traditions-des-antilles-et-du-monde\/","name":"Cultures et Traditions des Antilles et du Monde &#8226; Mairie de Soisy-Bouy","isPartOf":{"@id":"https:\/\/www.mairie-soisybouy.fr\/#website"},"primaryImageOfPage":{"@id":"https:\/\/www.mairie-soisybouy.fr\/index.php\/cultures-et-traditions-des-antilles-et-du-monde\/#primaryimage"},"image":{"@id":"https:\/\/www.mairie-soisybouy.fr\/index.php\/cultures-et-traditions-des-antilles-et-du-monde\/#primaryimage"},"thumbnailUrl":"https:\/\/www.mairie-soisybouy.fr\/wp-content\/uploads\/2026\/04\/Cetam-logo-300x194.png","datePublished":"2026-02-24T10:51:44+00:00","dateModified":"2026-04-09T15:34:22+00:00","description":"Site internet officiel de la mairie de Soisy-Bouy.","breadcrumb":{"@id":"https:\/\/www.mairie-soisybouy.fr\/index.php\/cultures-et-traditions-des-antilles-et-du-monde\/#breadcrumb"},"inLanguage":"fr-FR","potentialAction":[{"@type":"ReadAction","target":["https:\/\/www.mairie-soisybouy.fr\/index.php\/cultures-et-traditions-des-antilles-et-du-monde\/"]}]},{"@type":"ImageObject","inLanguage":"fr-FR","@id":"https:\/\/www.mairie-soisybouy.fr\/index.php\/cultures-et-traditions-des-antilles-et-du-monde\/#primaryimage","url":"https:\/\/www.mairie-soisybouy.fr\/wp-content\/uploads\/2026\/04\/Cetam-logo.png","contentUrl":"https:\/\/www.mairie-soisybouy.fr\/wp-content\/uploads\/2026\/04\/Cetam-logo.png","width":1118,"height":724},{"@type":"BreadcrumbList","@id":"https:\/\/www.mairie-soisybouy.fr\/index.php\/cultures-et-traditions-des-antilles-et-du-monde\/#breadcrumb","itemListElement":[{"@type":"ListItem","position":1,"name":"Accueil","item":"https:\/\/www.mairie-soisybouy.fr\/"},{"@type":"ListItem","position":2,"name":"Cultures et Traditions des Antilles et du Monde"}]},{"@type":"WebSite","@id":"https:\/\/www.mairie-soisybouy.fr\/#website","url":"https:\/\/www.mairie-soisybouy.fr\/","name":"Mairie de Soisy-Bouy","description":"","publisher":{"@id":"https:\/\/www.mairie-soisybouy.fr\/#organization"},"potentialAction":[{"@type":"SearchAction","target":{"@type":"EntryPoint","urlTemplate":"https:\/\/www.mairie-soisybouy.fr\/?s={search_term_string}"},"query-input":{"@type":"PropertyValueSpecification","valueRequired":true,"valueName":"search_term_string"}}],"inLanguage":"fr-FR"},{"@type":"Organization","@id":"https:\/\/www.mairie-soisybouy.fr\/#organization","name":"Mairie de Soisy-Bouy","url":"https:\/\/www.mairie-soisybouy.fr\/","logo":{"@type":"ImageObject","inLanguage":"fr-FR","@id":"https:\/\/www.mairie-soisybouy.fr\/#\/schema\/logo\/image\/","url":"https:\/\/www.mairie-soisybouy.fr\/wp-content\/uploads\/2019\/05\/logomodif.png","contentUrl":"https:\/\/www.mairie-soisybouy.fr\/wp-content\/uploads\/2019\/05\/logomodif.png","width":347,"height":392,"caption":"Mairie de Soisy-Bouy"},"image":{"@id":"https:\/\/www.mairie-soisybouy.fr\/#\/schema\/logo\/image\/"}}]}},"_links":{"self":[{"href":"https:\/\/www.mairie-soisybouy.fr\/index.php\/wp-json\/wp\/v2\/pages\/2453","targetHints":{"allow":["GET"]}}],"collection":[{"href":"https:\/\/www.mairie-soisybouy.fr\/index.php\/wp-json\/wp\/v2\/pages"}],"about":[{"href":"https:\/\/www.mairie-soisybouy.fr\/index.php\/wp-json\/wp\/v2\/types\/page"}],"author":[{"embeddable":true,"href":"https:\/\/www.mairie-soisybouy.fr\/index.php\/wp-json\/wp\/v2\/users\/3"}],"replies":[{"embeddable":true,"href":"https:\/\/www.mairie-soisybouy.fr\/index.php\/wp-json\/wp\/v2\/comments?post=2453"}],"version-history":[{"count":6,"href":"https:\/\/www.mairie-soisybouy.fr\/index.php\/wp-json\/wp\/v2\/pages\/2453\/revisions"}],"predecessor-version":[{"id":2674,"href":"https:\/\/www.mairie-soisybouy.fr\/index.php\/wp-json\/wp\/v2\/pages\/2453\/revisions\/2674"}],"wp:attachment":[{"href":"https:\/\/www.mairie-soisybouy.fr\/index.php\/wp-json\/wp\/v2\/media?parent=2453"}],"curies":[{"name":"wp","href":"https:\/\/api.w.org\/{rel}","templated":true}]}}