{"id":77,"date":"2019-05-27T14:32:18","date_gmt":"2019-05-27T12:32:18","guid":{"rendered":"http:\/\/mairie-soisybouy.fr\/?page_id=77"},"modified":"2019-06-26T15:03:10","modified_gmt":"2019-06-26T13:03:10","slug":"le-village","status":"publish","type":"page","link":"https:\/\/www.mairie-soisybouy.fr\/index.php\/le-village\/","title":{"rendered":"Le village"},"content":{"rendered":"<h1 style=\"text-align: center;\"><strong>L&rsquo;Histoire de Soisy-Bouy<\/strong><\/h1>\n<p><strong>Pourquoi \u00ab\u00a0Soisy-Bouy\u00a0\u00bb ?<\/strong><\/p>\n<p style=\"text-align: justify;\">Au moyen \u00e2ge, un monast\u00e8re fut fond\u00e9 aux environs de l&rsquo;\u00e9glise actuelle, par les moines de Provins. Ceux-ci donn\u00e8rent au prieur\u00e9 le nom latin de \u00ab\u00a0sociacum\u00a0\u00bb.\u00a0 Ce mot signifie \u00a0\u00bb ensemble\u00a0\u00bb ; Soisy serait une d\u00e9formation du nom latin.<\/p>\n<p style=\"text-align: justify;\">Soisy, sous Napol\u00e9on, comptait 80 habitants pour une superficie de 300 hectares.<\/p>\n<p style=\"text-align: justify;\">Le 9 ao\u00fbt 1912, une partie de la commune de Gouaix \u00e9tait rattach\u00e9e \u00e0 la commune de SOISY. Le 5 mars 1926, une partie importante de la commune de Chalautre la Petite (environ 700 hectares) \u00e9tait rattach\u00e9e \u00e0 la commune de SOISY. Celle ci, par d\u00e9cret du 27 juin 1929, sign\u00e9 du ministre de l&rsquo;int\u00e9rieur Andr\u00e9 TARDIEU, et du pr\u00e9sident de la R\u00e9publique, Gaston DOUMERGUE, donnait \u00e0 SOISY, le nom d\u00e9finitif de SOISY-BOUY.<\/p>\n<p style=\"text-align: center;\"><strong>Le Blason<\/strong><\/p>\n<p><a href=\"http:\/\/ghislain.simonnet.pagesperso-orange.fr\/soisybouy\/blason.html\"><img loading=\"lazy\" decoding=\"async\" class=\"alignnone size-medium wp-image-52 aligncenter\" src=\"http:\/\/www.mairie-soisybouy.fr\/wp-content\/uploads\/2019\/05\/logomodif-266x300.png\" alt=\"\" width=\"266\" height=\"300\" srcset=\"https:\/\/www.mairie-soisybouy.fr\/wp-content\/uploads\/2019\/05\/logomodif-266x300.png 266w, https:\/\/www.mairie-soisybouy.fr\/wp-content\/uploads\/2019\/05\/logomodif.png 347w\" sizes=\"auto, (max-width: 266px) 100vw, 266px\" \/><\/a><\/p>\n<p style=\"text-align: center;\">Blasonnement <strong>: d&rsquo;argent au pairle d&rsquo;azur orn\u00e9 de six lys d&rsquo;or, adextr\u00e9 d&rsquo;un pommier de sinople fruit\u00e9 d&rsquo;or et s\u00e9nestr\u00e9 d&rsquo;un pampre de pourpre; au chef d&rsquo;une goutte d&rsquo;eau d&rsquo;azur.<\/strong><\/p>\n<p style=\"text-align: center;\">Supports : <strong>six \u00e9pis d&rsquo;or tig\u00e9s de sinople et nou\u00e9s tricolore.<\/strong><\/p>\n<p style=\"text-align: center;\">Couronne murale et lambel au nom de la ville<\/p>\n<p style=\"text-align: justify;\"><strong>La symbolique des armoiries de Soisy-Bouy<\/strong><\/p>\n<p style=\"text-align: justify;\">Les armoiries, n\u00e9e au Moyen-\u00c2ge pour reconna\u00eetre les crois\u00e9s qui les portaient sur leurs boucliers, servent \u00e0 distinguer, par leurs symboles et leurs \u00e9maux une communaut\u00e9 et \u00e0 traduire son esprit et son histoire.<\/p>\n<p style=\"text-align: justify;\">Dans celles de Soisy-Bouy, tel \u00e9tant le nom de cette commune depuis le d\u00e9cret du 27 juin 1929 et \u00e0 la suite d&rsquo;une loi du 5 mars 1926 qui lui rattacha le hameau de Bouy, nous remarquons en pi\u00e8ce\u00a0 honorable\u00a0 la pairle qui symbolise le pallium, claire \u00e9vocation de Saint Edme, Archev\u00eaque de Canterbuy en 1233, primat d&rsquo;Angleterre en 1234. \u00c0 cette \u00e9poque, un d\u00e9saccord s&rsquo;\u00e9tant lev\u00e9\u00a0 au sein du clerg\u00e9 \u00e0 la suite d&rsquo;un conflit entre Henri III (Roi d&rsquo;Angleterre) et le Pape Gr\u00e9goire IX, au sujet de la collation\u00a0 des b\u00e9n\u00e9fices eccl\u00e9siastiques, Saint Edme se r\u00e9fugia en France o\u00f9 le Roi Saint -Louis l&rsquo;accueillit et connaissant sa haute vertu, lui fit l&rsquo;honneur de recevoir sa b\u00e9n\u00e9diction.<\/p>\n<p style=\"text-align: justify;\">Ensuite s&rsquo;\u00e9tant retir\u00e9 dans l&rsquo;abbaye cistercienne de Pontigny o\u00f9 il observait des strictes r\u00e8gles, \u00e9puis\u00e9 d&rsquo;abstinences, les m\u00e9decins lui conseill\u00e8rent de se rendre au prieur\u00e9 de Notre-Dame de Soisy pour se soigner mais il s&rsquo;\u00e9teignit le 16 novembre 1240 au prieur\u00e9. Son corps fut ramen\u00e9 par sa volont\u00e9 \u00e0 Pontigny o\u00f9 il avait promis de retourner pour la f\u00eate de Saint Edmond, Roi anglo-saxon dont il repris le nom. Il fut canonis\u00e9 par la Pape Innocent IV le 16 d\u00e9cembre 1246 ; Soisy lui d\u00e9dia l&rsquo;\u00e9glise paroissiale de Notre-Dame.<\/p>\n<p style=\"text-align: justify;\">Le six lys d&rsquo;or sur azur symbolisent l&rsquo;Ile-de-France, r\u00e9gion \u00e0 laquelle se rattache la commune, l&rsquo;arbre et le pampre \u00e9voquent les activit\u00e9s agricoles propres au canton de Bray-Sur-Seine, ainsi que la goutte d&rsquo;eau qui rappelle la M\u00e9ance, qui se jette dans la Voulzie affluent de la Seine. Ses coteaux de vignoble et d&rsquo;arbres fruitiers sont symboles de vie, de sagesse, de connaissance ; l&rsquo;arbre de sinople richesse, alors que le pourpre du pampre est une marque de temp\u00e9rance, de r\u00e9flexion, de lucidit\u00e9, d&rsquo;\u00e9quilibre et de puissance.<br \/>\nLe champ d&rsquo;argent est une marque de franchise, de droiture d&rsquo;action, de fid\u00e9lit\u00e9 et de sagesse.<\/p>\n<p style=\"text-align: justify;\">Pour ce qui est des ornements ext\u00e9rieurs de l&rsquo;\u00e9cu nous remarquons six \u00e9pis d&rsquo;or tig\u00e9s de sinople qui nous rappellent que Soisy-Bouy\u00a0 poss\u00e8de des plaines et des vall\u00e9es, o\u00f9 on cultive des c\u00e9r\u00e9ales et des prairies.<\/p>\n<p style=\"text-align: justify;\">La couronne murale est actuellement la seule forme de couronne que le conseil historique et h\u00e9raldique de France est en mesure d&rsquo;amplier en chancellerie. Aussi, consid\u00e9rant que Soisy-Bouy ait eu ou non par le pass\u00e9 le privil\u00e8ge de timbrer ses armes de la sorte, le seule fait de se constituer en qualit\u00e9 de collectivit\u00e9 enracin\u00e9e dans la tradition, en prouvant son d\u00e9sir de se conformer aux lois du blason, lui conf\u00e8re l&rsquo;autorisation, de jure comme de facto, opposable aux tiers, de timbrer ses armes d&rsquo;une couronne murale.<\/p>\n<p style=\"text-align: justify;\"><strong>Le ch\u00e2teau de Montram\u00e9<\/strong><\/p>\n<p style=\"text-align: justify;\">B\u00e2ti au XII\u00e8me si\u00e8cle, d\u00e9truit en partie \u00e0 la r\u00e9volution, les b\u00e2timents qui subsistent (belles salles vo\u00fbt\u00e9es, petite chapelle romane et pittoresque escalier de pierre) ont \u00e9t\u00e9 restaur\u00e9s avec soin en 1927.<\/p>\n<p style=\"text-align: justify;\">En 1928, M. Clarenc, grand p\u00e8re de Jean Claude Arnoux, avait d\u00e9j\u00e0 \u00e0 l&rsquo;\u00e9poque fait quelques travaux sommaires.<\/p>\n<p style=\"text-align: justify;\">En 1969, le Dr Arnoux et ses fils, l&rsquo;un ayant une entreprise, et l&rsquo;autre \u00e9tant architecte,ont commenc\u00e9s \u00e0 restaurer les b\u00e2timents principaux, puis plus tard les jardins. En 1976, ils ont obtenu un 2\u00e8me prix des Chefs d\u2019\u0153uvres en p\u00e9rils Il y a normalement une plaque en bronze \u00e0 l&rsquo;entr\u00e9e du ch\u00e2teau, qui le signale.<\/p>\n<p style=\"text-align: justify;\">Cette restauration ayant co\u00fbt\u00e9 \u00e9norm\u00e9ment d&rsquo;argent,\u00a0 ils ont \u00e9t\u00e9 oblig\u00e9s de se s\u00e9parer de la propri\u00e9t\u00e9 avec beaucoup de regrets,\u00a0 apr\u00e8s avoir essay\u00e9 de la vendre en 4 lots afin de faire 4 r\u00e9sidences de prestige.<\/p>\n<p style=\"text-align: justify;\">C&rsquo;est un entrepreneur parisien prenant sa retraite qui l&rsquo;a acquit, et lui m\u00eame l&rsquo;a revendu quelques ann\u00e9es apr\u00e8s, \u00e0 l&rsquo;actuel propri\u00e9taire.<\/p>\n<p style=\"text-align: justify;\">source : <em>http:\/\/ghislain.simonnet.pagesperso-orange.fr\/soisybouy\/profile.html<\/em><\/p>\n<p>&nbsp;<\/p>\n<p><strong>Chalautre-la-Petite pendant la guerre<\/strong><\/p>\n<p>Il y a 75 ans \u00e0 cette heure-ci, un drame \u00e9pouvantable a endeuill\u00e9 notre village de Chalautre-la-Petite.<\/p>\n<p>Ce dimanche, les troupes am\u00e9ricaines et anglaises d\u00e9barqu\u00e9es en Normandie au d\u00e9but de Juin 1944 chassent l&rsquo;envahisseur du sol fran\u00e7ais. Elles approchent de la r\u00e9gion de PROVINS, aussi les Allemands se replient-ils au plus vite, les convois ne circulent que la nuit pour \u00e9viter les bombardements continuels d&rsquo;une puissante aviation, le jour, ils se cachent sous les arbres le long des bois.<\/p>\n<p>C&rsquo;est ainsi qu&rsquo;apr\u00e8s avoir \u00e9t\u00e9\u00a0 mitraill\u00e9es sur le plateau des Grattons o\u00f9 les Allemands laiss\u00e8rent quinze homme morts et une quarantaine de chevaux, deux formations d&rsquo;artillerie m\u00eal\u00e9es d&rsquo;infanterie SS descendirent dans la vall\u00e9e des M\u00e9ances sur CHALAUTRE le matin vers dix-heures ; l&rsquo;une s&rsquo;installa le long du chemin des Pr\u00e9s dans le bas du pays, l&rsquo;autre \u00e0 l&rsquo;entr\u00e9e nord sur la route de Provins.<\/p>\n<p>Malgr\u00e9 cet afflux de plusieurs centaines d&rsquo;Allemands la journ\u00e9e fut calme&#8230; En fin d&rsquo;apr\u00e8s-midi, trois am\u00e9ricains venant de BOUY dans une voiture automobile descendirent par le chemin dit de la Folie \u00e0 travers les bois du bouchot. Laissant leur voiture sur la route dans le d\u00e9tournement de celle-ci. Ils arriv\u00e8rent sur le pont du ruisseau pr\u00e8s de la propri\u00e9t\u00e9 de BELLIARD. Celui-ci ancien commandant d&rsquo;Etat Major retrait\u00e9, parlant couramment l&rsquo;anglais, s&rsquo;entretient avec eux pendant quelques temps. D&rsquo;autres habitants proches sont venus leur serrer la main et les renseigner. Sur ces entrefaites, arriva un Allemand qui fut fait prisonnier par les Am\u00e9ricains qui, longeant le mur, avanc\u00e8rent jusqu&rsquo;\u00e0 la ferme NUYTTENS et captur\u00e8rent un autre Allemand qui descendait \u00e0 v\u00e9lo, puis ils repartirent avec leurs prisonnier.<\/p>\n<p>Les SS s&rsquo;\u00e9tant aper\u00e7us que des hommes manquaient \u00e0 l&rsquo;appel, firent des recherches brutales un peu partout et prirent vingt-deux otages.<\/p>\n<p>Raoul DESBROSSES, le jeune Ren\u00e9 MILLARD et un russe nomm\u00e9 Pierre BRUNSTELLER travaillant comme charretier chez Madame Veuve MILLARD, m\u00e8re du jeune Ren\u00e9 MILLARD furent emmen\u00e9s. Puis, ce fut le Commandant BELLIARD qui fut invectiv\u00e9 et emmen\u00e9 malgr\u00e9 ses soixante-cinq-ans.<\/p>\n<p>Plus haut, \u00e0 la ferme NUYTTENS, les ouvriers \u00e9taient en train de d\u00eener, ils prirent le patron et trois ouvriers, Alphonse MAROT, Louis DIDELOT et Jean VOISOT. Le jeune vacher, emmen\u00e9 avec un cheval attel\u00e9, est parvenu \u00e0 se sauver \u00e0 la sortie du pays dans les bois des Fontaines. De plus trois autres chevaux harnach\u00e9s de la m\u00eame ferme furent r\u00e9quisitionn\u00e9s. Habitant \u00e0 c\u00f4t\u00e9, le jeune Andr\u00e9 VILLIERS travaillant aussi \u00e0 la ferme comme conducteur de tracteur et son p\u00e8re Robert VILLIERS furent pris \u00e9galement.<\/p>\n<p>Trois autres SS et un officier parlant fran\u00e7ais se pr\u00e9sent\u00e8rent chez Felix FONTANEL et emmen\u00e8rent le p\u00e8re et le fils Jean.<\/p>\n<p>Dans les m\u00eames conditions, d&rsquo;autres soldats all\u00e8rent chercher Albert FRAN\u00c7OIS, entrepreneur de ma\u00e7onnerie , l&rsquo;instituteur TANNEUR, p\u00e8re de trois enfants, le marchand de vins Marceau DURUP, p\u00e8re d&rsquo;une fillette, Georges RAGOUAS, p\u00e8re de quatre enfants, Marius VILLIERS, p\u00e8re de deux enfants, Gilbert LABARRE ainsi que Maurice CHERIOT, fils a\u00een\u00e9 de Prudent CHERIOT.<\/p>\n<p>Deux \u00e9trangers au pays furent \u00e9galement emmen\u00e9s. Albert CHAUSSEMY \u00e9tait un ouvrier d&rsquo;une usine parisienne \u00e9cras\u00e9e par les bombes, sa femme et un jeune enfant \u00e9taient l\u00e0 depuis quelques mois et lui depuis huit jours seulement et Robert PIN\u00c7ON venu de CHAUMES EN BRIE, conduisait une voiture \u00e0 deux chevaux r\u00e9quisitionn\u00e9s par l&rsquo;autorit\u00e9 allemande, ses chevaux furent tu\u00e9s par les bombardements a\u00e9riens et lui \u00e9choua \u00e0 CHALAUTRE, on ne sait comment ! ! Il parvint \u00e0 se sauver.<\/p>\n<p>En tout, vingt-deux malheureux otages furent r\u00e9unis pr\u00e8s de chez BASSET \u00e0 la sortie du pays, sur la route de PROVINS. Ensuite les SS d\u00e9marr\u00e8rent et les firent suivre derri\u00e8re la colonne trois par trois entour\u00e9s de soldats en sentinelles pr\u00eats \u00e0 tirer, pour prendre la route de SOURDUN.<\/p>\n<p>Arriv\u00e9s en haut du plateau, dans le tournant de la route, pr\u00e8s de l&rsquo;observatoire pour avions \u00e9tablie par l&rsquo;arm\u00e9e allemande \u00e0 l&rsquo;intersection de le route et du chemin rural allant aboutir sur la route d&rsquo;Herm\u00e9, les SS firent aligner c\u00f4te \u00e0 c\u00f4te perpendiculairement \u00e0 la route, nos malheureux concitoyens, sur la gauche de la route. Le commandant BELLIARD, qui comprenait l&rsquo;allemand, entendit l&rsquo;officier commandant le d\u00e9tachement dire \u00ab\u00a0il faut les abattre\u00a0\u00bb. En effet, une douzaine de ces l\u00e2ches sous ses ordres munis de mitrailleuses tir\u00e8rent sauvagement.<\/p>\n<p>A ce moment terrible et affreux, quelques-uns purent se sauver sans \u00eatre touch\u00e9s par les balles et \u00e0 la faveur de la nuit tombante. L&rsquo;instituteur TANNEUR, Marius VILLIERS, Raoul DESBROSSES et Stanislas TYLEK revinrent indemnes \u00e0 travers champs, \u00e9vitant la route de crainte de rencontrer d&rsquo;autres soldats. Marceau DURUP bless\u00e9 au visage revint seul. Certains se baiss\u00e8rent instinctivement ou se tourn\u00e8rent de c\u00f4t\u00e9 et furent plus ou moins bless\u00e9s ; mais 13 d&rsquo;entre eux tomb\u00e8rent sous les rafales de balles. Quand tous furent couch\u00e9s sur le sol, ces sauvages assassins s&rsquo;acharn\u00e8rent sur leurs victimes en tirant dans la t\u00eate des coups e revolver \u00e0 bout portant sur ceux qui r\u00e2laient. Leur tuerie accomplie, ces tristes bandits se sauv\u00e8rent tous en bicyclette pour rattraper la colonne qui ne s&rsquo;\u00e9tait pas arr\u00eat\u00e9e.<\/p>\n<p>Quelques-uns \u00e9taient bless\u00e9s plus ou moins gravement mais n&rsquo;osaient bouger. Au bout de quelques temps, F\u00e9lix FONTANEL se releva sans aucune blessure, son fils Jean, pr\u00e8s de lui, touch\u00e9 \u00e0 la poitrine, put en faire autant et aussi Prosper NUYTTENS plus gravement atteint \u00e0 la poitrine et la m\u00e2choire fracass\u00e9e perdant son sang en abondance . Il appela FONTANEL p\u00e8re et fils partis devant lui qui l&rsquo;attendirent et le ramen\u00e8rent.<\/p>\n<p>Avant le d\u00e9part de CHALAUTRE de la colonne allemande, l&rsquo;officier commandant le d\u00e9tachement, accompagn\u00e9 de quelques hommes arm\u00e9s de mitraillettes, fit r\u00e9unir par son de caisse, tous les habitants, hommes et femmes, sur la place avec interdiction de bouger avant l&rsquo;arriv\u00e9e de la gendarmerie allemande.<\/p>\n<p>Tout ceci se passa avec une telle rapidit\u00e9 que beaucoup ignoraient la prise d&rsquo;otages. Ce n&rsquo;est qu&rsquo;au bout de pr\u00e8s de deux heures d&rsquo;attente qu&rsquo;enfin revint le premier l&rsquo;instituteur M. TANNEUR. Cet homme, jeune et alerte et bien plac\u00e9 \u00e0 l&rsquo;extr\u00eame gauche de la colonne a pu se sauver dans les champs sans \u00eatre atteint. Celui-ci expliqua sommairement ce qui s&rsquo;\u00e9tait pass\u00e9 sans pouvoir donner de d\u00e9tails.<\/p>\n<p>C&rsquo;est alors que M. SY demanda des volontaires pour aller au secours de nos malheureux chalautriers dont nous ignorons le sort.<\/p>\n<p>Une demi-heure apr\u00e8s, on appelait Suzanne DIOT. C&rsquo;est Felix FONTANEL qui lui apprit que son mari Prosper NUYTTENS \u00e9tait rentr\u00e9 bless\u00e9 gravement et qu&rsquo;il l&rsquo;avait ramen\u00e9 avec son fils Jean bless\u00e9 \u00e9galement, mais plus l\u00e9g\u00e8rement. Nous avons eu la chance dans notre malheur d&rsquo;avoir \u00e0 notre disposition les bons soins de la doctoresse LIBERT NORIOT qui s&rsquo;est d\u00e9pens\u00e9e sans compter aupr\u00e8s de nos bless\u00e9s.<\/p>\n<p>Puis revinrent sains et saufs Marius VILLIERS, Raoul DESBROSSES et Stanislas TYLEK qui annonc\u00e8rent de nombreux morts. De nombreux volontaires partirent. Le retour des premiers fut p\u00e9nible , ils nous firent un tableau terrifiant de ce qu&rsquo;ils avaient vu. Trois voitures furent imm\u00e9diatement attel\u00e9es pour ramener nos ch\u00e8res victimes. Treize morts furent charg\u00e9s et ramen\u00e9s dans la nuit sous le pr\u00e9au de l&rsquo;\u00e9cole au milieu des familles effondr\u00e9es en les reconnaissant. Cris de douleur, moment p\u00e9nible pour tous, lugubre, infiniment triste, inoubliable.<\/p>\n<p>Les t\u00e9moins de ce drame sont, \u00e0 mesure que le temps passe,de moins en moins nombreux.<\/p>\n<p>Les personnes qui ont v\u00e9cu ces instants tragiques peuvent t\u00e9moigner des souffrances physiques et morales endur\u00e9es par les familles concern\u00e9es et de l&rsquo;horreur qui a frapp\u00e9 la population toute enti\u00e8re.<\/p>\n<p>Cette c\u00e9r\u00e9monie, sobre et et recueillie est le t\u00e9moignage du respect et du souvenir que nous gardons de 13 martyrs, victimes innocentes, devant lesquelles nous nous inclinons ce soir, sur le lieu de m\u00eame de leur ultime sacrifice.<\/p>\n<p style=\"text-align: justify;\">\n","protected":false},"excerpt":{"rendered":"<p>L&rsquo;Histoire de Soisy-Bouy Pourquoi \u00ab\u00a0Soisy-Bouy\u00a0\u00bb ? Au moyen \u00e2ge, un monast\u00e8re fut fond\u00e9 aux environs de l&rsquo;\u00e9glise actuelle, par les moines de Provins. Ceux-ci donn\u00e8rent au prieur\u00e9 le nom latin de \u00ab\u00a0sociacum\u00a0\u00bb.\u00a0 Ce mot signifie \u00a0\u00bb ensemble\u00a0\u00bb ; Soisy serait une d\u00e9formation du nom latin. Soisy, sous Napol\u00e9on, comptait 80 habitants pour une superficie de [&hellip;]<\/p>\n","protected":false},"author":1,"featured_media":0,"parent":0,"menu_order":0,"comment_status":"closed","ping_status":"closed","template":"","meta":{"footnotes":""},"class_list":["post-77","page","type-page","status-publish","hentry"],"yoast_head":"<!-- This site is optimized with the Yoast SEO plugin v22.3 - https:\/\/yoast.com\/wordpress\/plugins\/seo\/ -->\n<title>Le village &#8226; Mairie de Soisy-Bouy<\/title>\n<meta name=\"description\" content=\"Site internet officiel de la mairie de Soisy-Bouy.\" \/>\n<meta name=\"robots\" content=\"index, follow, max-snippet:-1, max-image-preview:large, max-video-preview:-1\" \/>\n<link rel=\"canonical\" href=\"https:\/\/www.mairie-soisybouy.fr\/index.php\/le-village\/\" \/>\n<meta property=\"og:locale\" content=\"fr_FR\" \/>\n<meta property=\"og:type\" content=\"article\" \/>\n<meta property=\"og:title\" content=\"Le village &#8226; Mairie de Soisy-Bouy\" \/>\n<meta property=\"og:description\" content=\"Site internet officiel de la mairie de Soisy-Bouy.\" \/>\n<meta property=\"og:url\" content=\"https:\/\/www.mairie-soisybouy.fr\/index.php\/le-village\/\" \/>\n<meta property=\"og:site_name\" content=\"Mairie de Soisy-Bouy\" \/>\n<meta property=\"article:modified_time\" content=\"2019-06-26T13:03:10+00:00\" \/>\n<meta property=\"og:image\" content=\"http:\/\/www.mairie-soisybouy.fr\/wp-content\/uploads\/2019\/05\/logomodif-266x300.png\" \/>\n<meta name=\"twitter:card\" content=\"summary_large_image\" \/>\n<meta name=\"twitter:label1\" content=\"Dur\u00e9e de lecture estim\u00e9e\" \/>\n\t<meta name=\"twitter:data1\" content=\"11 minutes\" \/>\n<script type=\"application\/ld+json\" class=\"yoast-schema-graph\">{\"@context\":\"https:\/\/schema.org\",\"@graph\":[{\"@type\":\"WebPage\",\"@id\":\"https:\/\/www.mairie-soisybouy.fr\/index.php\/le-village\/\",\"url\":\"https:\/\/www.mairie-soisybouy.fr\/index.php\/le-village\/\",\"name\":\"Le village &#8226; Mairie de Soisy-Bouy\",\"isPartOf\":{\"@id\":\"https:\/\/www.mairie-soisybouy.fr\/#website\"},\"primaryImageOfPage\":{\"@id\":\"https:\/\/www.mairie-soisybouy.fr\/index.php\/le-village\/#primaryimage\"},\"image\":{\"@id\":\"https:\/\/www.mairie-soisybouy.fr\/index.php\/le-village\/#primaryimage\"},\"thumbnailUrl\":\"http:\/\/www.mairie-soisybouy.fr\/wp-content\/uploads\/2019\/05\/logomodif-266x300.png\",\"datePublished\":\"2019-05-27T12:32:18+00:00\",\"dateModified\":\"2019-06-26T13:03:10+00:00\",\"description\":\"Site internet officiel de la mairie de Soisy-Bouy.\",\"breadcrumb\":{\"@id\":\"https:\/\/www.mairie-soisybouy.fr\/index.php\/le-village\/#breadcrumb\"},\"inLanguage\":\"fr-FR\",\"potentialAction\":[{\"@type\":\"ReadAction\",\"target\":[\"https:\/\/www.mairie-soisybouy.fr\/index.php\/le-village\/\"]}]},{\"@type\":\"ImageObject\",\"inLanguage\":\"fr-FR\",\"@id\":\"https:\/\/www.mairie-soisybouy.fr\/index.php\/le-village\/#primaryimage\",\"url\":\"https:\/\/www.mairie-soisybouy.fr\/wp-content\/uploads\/2019\/05\/logomodif.png\",\"contentUrl\":\"https:\/\/www.mairie-soisybouy.fr\/wp-content\/uploads\/2019\/05\/logomodif.png\",\"width\":347,\"height\":392},{\"@type\":\"BreadcrumbList\",\"@id\":\"https:\/\/www.mairie-soisybouy.fr\/index.php\/le-village\/#breadcrumb\",\"itemListElement\":[{\"@type\":\"ListItem\",\"position\":1,\"name\":\"Accueil\",\"item\":\"https:\/\/www.mairie-soisybouy.fr\/\"},{\"@type\":\"ListItem\",\"position\":2,\"name\":\"Le village\"}]},{\"@type\":\"WebSite\",\"@id\":\"https:\/\/www.mairie-soisybouy.fr\/#website\",\"url\":\"https:\/\/www.mairie-soisybouy.fr\/\",\"name\":\"Mairie de Soisy-Bouy\",\"description\":\"\",\"publisher\":{\"@id\":\"https:\/\/www.mairie-soisybouy.fr\/#organization\"},\"potentialAction\":[{\"@type\":\"SearchAction\",\"target\":{\"@type\":\"EntryPoint\",\"urlTemplate\":\"https:\/\/www.mairie-soisybouy.fr\/?s={search_term_string}\"},\"query-input\":\"required name=search_term_string\"}],\"inLanguage\":\"fr-FR\"},{\"@type\":\"Organization\",\"@id\":\"https:\/\/www.mairie-soisybouy.fr\/#organization\",\"name\":\"Mairie de Soisy-Bouy\",\"url\":\"https:\/\/www.mairie-soisybouy.fr\/\",\"logo\":{\"@type\":\"ImageObject\",\"inLanguage\":\"fr-FR\",\"@id\":\"https:\/\/www.mairie-soisybouy.fr\/#\/schema\/logo\/image\/\",\"url\":\"https:\/\/www.mairie-soisybouy.fr\/wp-content\/uploads\/2019\/05\/logomodif.png\",\"contentUrl\":\"https:\/\/www.mairie-soisybouy.fr\/wp-content\/uploads\/2019\/05\/logomodif.png\",\"width\":347,\"height\":392,\"caption\":\"Mairie de Soisy-Bouy\"},\"image\":{\"@id\":\"https:\/\/www.mairie-soisybouy.fr\/#\/schema\/logo\/image\/\"}}]}<\/script>\n<!-- \/ Yoast SEO plugin. -->","yoast_head_json":{"title":"Le village &#8226; Mairie de Soisy-Bouy","description":"Site internet officiel de la mairie de Soisy-Bouy.","robots":{"index":"index","follow":"follow","max-snippet":"max-snippet:-1","max-image-preview":"max-image-preview:large","max-video-preview":"max-video-preview:-1"},"canonical":"https:\/\/www.mairie-soisybouy.fr\/index.php\/le-village\/","og_locale":"fr_FR","og_type":"article","og_title":"Le village &#8226; Mairie de Soisy-Bouy","og_description":"Site internet officiel de la mairie de Soisy-Bouy.","og_url":"https:\/\/www.mairie-soisybouy.fr\/index.php\/le-village\/","og_site_name":"Mairie de Soisy-Bouy","article_modified_time":"2019-06-26T13:03:10+00:00","og_image":[{"url":"http:\/\/www.mairie-soisybouy.fr\/wp-content\/uploads\/2019\/05\/logomodif-266x300.png"}],"twitter_card":"summary_large_image","twitter_misc":{"Dur\u00e9e de lecture estim\u00e9e":"11 minutes"},"schema":{"@context":"https:\/\/schema.org","@graph":[{"@type":"WebPage","@id":"https:\/\/www.mairie-soisybouy.fr\/index.php\/le-village\/","url":"https:\/\/www.mairie-soisybouy.fr\/index.php\/le-village\/","name":"Le village &#8226; Mairie de Soisy-Bouy","isPartOf":{"@id":"https:\/\/www.mairie-soisybouy.fr\/#website"},"primaryImageOfPage":{"@id":"https:\/\/www.mairie-soisybouy.fr\/index.php\/le-village\/#primaryimage"},"image":{"@id":"https:\/\/www.mairie-soisybouy.fr\/index.php\/le-village\/#primaryimage"},"thumbnailUrl":"http:\/\/www.mairie-soisybouy.fr\/wp-content\/uploads\/2019\/05\/logomodif-266x300.png","datePublished":"2019-05-27T12:32:18+00:00","dateModified":"2019-06-26T13:03:10+00:00","description":"Site internet officiel de la mairie de Soisy-Bouy.","breadcrumb":{"@id":"https:\/\/www.mairie-soisybouy.fr\/index.php\/le-village\/#breadcrumb"},"inLanguage":"fr-FR","potentialAction":[{"@type":"ReadAction","target":["https:\/\/www.mairie-soisybouy.fr\/index.php\/le-village\/"]}]},{"@type":"ImageObject","inLanguage":"fr-FR","@id":"https:\/\/www.mairie-soisybouy.fr\/index.php\/le-village\/#primaryimage","url":"https:\/\/www.mairie-soisybouy.fr\/wp-content\/uploads\/2019\/05\/logomodif.png","contentUrl":"https:\/\/www.mairie-soisybouy.fr\/wp-content\/uploads\/2019\/05\/logomodif.png","width":347,"height":392},{"@type":"BreadcrumbList","@id":"https:\/\/www.mairie-soisybouy.fr\/index.php\/le-village\/#breadcrumb","itemListElement":[{"@type":"ListItem","position":1,"name":"Accueil","item":"https:\/\/www.mairie-soisybouy.fr\/"},{"@type":"ListItem","position":2,"name":"Le village"}]},{"@type":"WebSite","@id":"https:\/\/www.mairie-soisybouy.fr\/#website","url":"https:\/\/www.mairie-soisybouy.fr\/","name":"Mairie de Soisy-Bouy","description":"","publisher":{"@id":"https:\/\/www.mairie-soisybouy.fr\/#organization"},"potentialAction":[{"@type":"SearchAction","target":{"@type":"EntryPoint","urlTemplate":"https:\/\/www.mairie-soisybouy.fr\/?s={search_term_string}"},"query-input":"required name=search_term_string"}],"inLanguage":"fr-FR"},{"@type":"Organization","@id":"https:\/\/www.mairie-soisybouy.fr\/#organization","name":"Mairie de Soisy-Bouy","url":"https:\/\/www.mairie-soisybouy.fr\/","logo":{"@type":"ImageObject","inLanguage":"fr-FR","@id":"https:\/\/www.mairie-soisybouy.fr\/#\/schema\/logo\/image\/","url":"https:\/\/www.mairie-soisybouy.fr\/wp-content\/uploads\/2019\/05\/logomodif.png","contentUrl":"https:\/\/www.mairie-soisybouy.fr\/wp-content\/uploads\/2019\/05\/logomodif.png","width":347,"height":392,"caption":"Mairie de Soisy-Bouy"},"image":{"@id":"https:\/\/www.mairie-soisybouy.fr\/#\/schema\/logo\/image\/"}}]}},"_links":{"self":[{"href":"https:\/\/www.mairie-soisybouy.fr\/index.php\/wp-json\/wp\/v2\/pages\/77","targetHints":{"allow":["GET"]}}],"collection":[{"href":"https:\/\/www.mairie-soisybouy.fr\/index.php\/wp-json\/wp\/v2\/pages"}],"about":[{"href":"https:\/\/www.mairie-soisybouy.fr\/index.php\/wp-json\/wp\/v2\/types\/page"}],"author":[{"embeddable":true,"href":"https:\/\/www.mairie-soisybouy.fr\/index.php\/wp-json\/wp\/v2\/users\/1"}],"replies":[{"embeddable":true,"href":"https:\/\/www.mairie-soisybouy.fr\/index.php\/wp-json\/wp\/v2\/comments?post=77"}],"version-history":[{"count":25,"href":"https:\/\/www.mairie-soisybouy.fr\/index.php\/wp-json\/wp\/v2\/pages\/77\/revisions"}],"predecessor-version":[{"id":1128,"href":"https:\/\/www.mairie-soisybouy.fr\/index.php\/wp-json\/wp\/v2\/pages\/77\/revisions\/1128"}],"wp:attachment":[{"href":"https:\/\/www.mairie-soisybouy.fr\/index.php\/wp-json\/wp\/v2\/media?parent=77"}],"curies":[{"name":"wp","href":"https:\/\/api.w.org\/{rel}","templated":true}]}}